{"id":1613,"date":"2020-01-15T11:03:01","date_gmt":"2020-01-15T10:03:01","guid":{"rendered":"https:\/\/www.crespicorredoria.com\/asseguranca-assistencia-en-viatge\/"},"modified":"2020-04-24T13:03:16","modified_gmt":"2020-04-24T11:03:16","slug":"asseguranca-assistencia-en-viatge","status":"publish","type":"page","link":"https:\/\/www.crespicorredoria.com\/ca\/particulars\/asseguranca-assistencia-en-viatge\/","title":{"rendered":"Asseguran\u00e7a Assist\u00e8ncia en Viatge"},"content":{"rendered":"\t\t<div data-elementor-type=\"wp-page\" data-elementor-id=\"1613\" class=\"elementor elementor-1613 elementor-922\" data-elementor-post-type=\"page\">\n\t\t\t\t\t\t<section class=\"elementor-section elementor-top-section elementor-element elementor-element-f853aaf elementor-section-boxed elementor-section-height-default elementor-section-height-default\" data-id=\"f853aaf\" data-element_type=\"section\" data-e-type=\"section\">\n\t\t\t\t\t\t<div class=\"elementor-container elementor-column-gap-default\">\n\t\t\t\t\t<div class=\"elementor-column elementor-col-100 elementor-top-column elementor-element elementor-element-17e721a\" data-id=\"17e721a\" data-element_type=\"column\" data-e-type=\"column\">\n\t\t\t<div class=\"elementor-widget-wrap elementor-element-populated\">\n\t\t\t\t\t\t<div class=\"elementor-element elementor-element-5619b917 elementor-widget elementor-widget-heading\" data-id=\"5619b917\" data-element_type=\"widget\" data-e-type=\"widget\" data-widget_type=\"heading.default\">\n\t\t\t\t<div class=\"elementor-widget-container\">\n\t\t\t\t\t<h3 class=\"elementor-heading-title elementor-size-default\">Viu el teu viatge<\/h3>\t\t\t\t<\/div>\n\t\t\t\t<\/div>\n\t\t\t\t<div class=\"elementor-element elementor-element-a243ba0 elementor-widget elementor-widget-text-editor\" data-id=\"a243ba0\" data-element_type=\"widget\" data-e-type=\"widget\" data-widget_type=\"text-editor.default\">\n\t\t\t\t<div class=\"elementor-widget-container\">\n\t\t\t\t\t\t\t\t\t<p>Contracta la teva asseguran\u00e7a en menys de 2 minuts a trav\u00e9s del <a href=\"https:\/\/www.crespicorredoria.com\/ca\/la-teva-asseguranca-dassistencia-en-viatge\/\" target=\"_blank\" rel=\"noopener\">Multitarificador<\/a> situat en el men\u00fa principal de la Web!<\/p>\n\t\t\t\t\t\t\t\t<\/div>\n\t\t\t\t<\/div>\n\t\t\t\t<div class=\"elementor-element elementor-element-8871f57 elementor-widget elementor-widget-text-editor\" data-id=\"8871f57\" data-element_type=\"widget\" data-e-type=\"widget\" data-widget_type=\"text-editor.default\">\n\t\t\t\t<div class=\"elementor-widget-container\">\n\t\t\t\t\t\t\t\t\t<p>Tant si viatges <strong>sol, amb els amics o la fam\u00edlia<\/strong> i vagis <strong>a descansar<\/strong>, de <strong>creuer<\/strong> o <strong>d\u2019aventura<\/strong>. Perqu\u00e8 la millor asseguran\u00e7a de viatge \u00e9s la que millor s\u2019adapta a tu, a les teves circumst\u00e0ncies i al teu viatge.<\/p>\n<p><strong>Tots els nostres productes inclouen asseguran\u00e7a m\u00e8dica de viatge, repatriaci\u00f3<\/strong>, cobertura d\u2019equipatges i un ampli ventall de cobertures complement\u00e0ries, algunes d\u2019elles dissenyades per col\u00b7lectius espec\u00edfics com fam\u00edlies o motxillers.<\/p>\n\t\t\t\t\t\t\t\t<\/div>\n\t\t\t\t<\/div>\n\t\t\t\t\t<\/div>\n\t\t<\/div>\n\t\t\t\t\t<\/div>\n\t\t<\/section>\n\t\t\t\t<section class=\"elementor-section elementor-inner-section elementor-element elementor-element-1d2752fa elementor-section-boxed elementor-section-height-default elementor-section-height-default\" data-id=\"1d2752fa\" data-element_type=\"section\" data-e-type=\"section\">\n\t\t\t\t\t\t<div class=\"elementor-container elementor-column-gap-no\">\n\t\t\t\t\t<div class=\"elementor-column elementor-col-100 elementor-inner-column elementor-element elementor-element-2511d0a6\" data-id=\"2511d0a6\" data-element_type=\"column\" data-e-type=\"column\">\n\t\t\t<div class=\"elementor-widget-wrap elementor-element-populated\">\n\t\t\t\t\t\t<div class=\"elementor-element elementor-element-4b37b4bf elementor-widget elementor-widget-heading\" data-id=\"4b37b4bf\" data-element_type=\"widget\" data-e-type=\"widget\" data-widget_type=\"heading.default\">\n\t\t\t\t<div class=\"elementor-widget-container\">\n\t\t\t\t\t<h3 class=\"elementor-heading-title elementor-size-default\">Tipus de viatge<\/h3>\t\t\t\t<\/div>\n\t\t\t\t<\/div>\n\t\t\t\t<div class=\"elementor-element elementor-element-46092e00 elementor-widget elementor-widget-text-editor\" data-id=\"46092e00\" data-element_type=\"widget\" data-e-type=\"widget\" data-widget_type=\"text-editor.default\">\n\t\t\t\t<div class=\"elementor-widget-container\">\n\t\t\t\t\t\t\t\t\t<ul>\n<li>Vacances<\/li>\n<li>Aventura<\/li>\n<li>Creuer<\/li>\n<li>Esquiadors<\/li>\n<li>Estudiants<\/li>\n<li>Negocis<\/li>\n<li>Receptiu Espanya<\/li>\n<\/ul>\n\t\t\t\t\t\t\t\t<\/div>\n\t\t\t\t<\/div>\n\t\t\t\t\t<\/div>\n\t\t<\/div>\n\t\t\t\t\t<\/div>\n\t\t<\/section>\n\t\t\t\t<section class=\"elementor-section elementor-top-section elementor-element elementor-element-19a7eb9 elementor-section-boxed elementor-section-height-default elementor-section-height-default\" data-id=\"19a7eb9\" data-element_type=\"section\" data-e-type=\"section\">\n\t\t\t\t\t\t<div class=\"elementor-container elementor-column-gap-no\">\n\t\t\t\t\t<div class=\"elementor-column elementor-col-100 elementor-top-column elementor-element elementor-element-65f004eb\" data-id=\"65f004eb\" data-element_type=\"column\" data-e-type=\"column\">\n\t\t\t<div class=\"elementor-widget-wrap elementor-element-populated\">\n\t\t\t\t\t\t<div class=\"elementor-element elementor-element-3394a08f elementor-widget elementor-widget-heading\" data-id=\"3394a08f\" data-element_type=\"widget\" data-e-type=\"widget\" data-widget_type=\"heading.default\">\n\t\t\t\t<div class=\"elementor-widget-container\">\n\t\t\t\t\t<h3 class=\"elementor-heading-title elementor-size-default\">Principals cobertures<\/h3>\t\t\t\t<\/div>\n\t\t\t\t<\/div>\n\t\t\t\t\t<\/div>\n\t\t<\/div>\n\t\t\t\t\t<\/div>\n\t\t<\/section>\n\t\t\t\t<section class=\"elementor-section elementor-top-section elementor-element elementor-element-12cb9be7 elementor-section-boxed elementor-section-height-default elementor-section-height-default\" data-id=\"12cb9be7\" data-element_type=\"section\" data-e-type=\"section\">\n\t\t\t\t\t\t<div class=\"elementor-container elementor-column-gap-default\">\n\t\t\t\t\t<div class=\"elementor-column elementor-col-100 elementor-top-column elementor-element elementor-element-72c85ed1\" data-id=\"72c85ed1\" data-element_type=\"column\" data-e-type=\"column\">\n\t\t\t<div class=\"elementor-widget-wrap elementor-element-populated\">\n\t\t\t\t\t\t<div class=\"elementor-element elementor-element-7cc1f5b3 elementor-widget elementor-widget-text-editor\" data-id=\"7cc1f5b3\" data-element_type=\"widget\" data-e-type=\"widget\" data-widget_type=\"text-editor.default\">\n\t\t\t\t<div class=\"elementor-widget-container\">\n\t\t\t\t\t\t\t\t\t<ul>\n<li>Assist\u00e8ncia m\u00e8dica i sanit\u00e0ria<\/li>\n<li>Repatriaci\u00f3<\/li>\n<li>Equipatges<\/li>\n<li>Accidents<\/li>\n<li>Demores i cancel\u00b7lacions<\/li>\n<li>Temes legals<\/li>\n<\/ul>\n\t\t\t\t\t\t\t\t<\/div>\n\t\t\t\t<\/div>\n\t\t\t\t\t<\/div>\n\t\t<\/div>\n\t\t\t\t\t<\/div>\n\t\t<\/section>\n\t\t\t\t<\/div>\n\t\t","protected":false},"excerpt":{"rendered":"<p>Viu el teu viatge Contracta la teva asseguran\u00e7a en menys de 2 minuts a trav\u00e9s del Multitarificador situat en el men\u00fa principal de la Web! Tant si viatges sol, amb els amics o la fam\u00edlia i vagis a descansar, de creuer o d\u2019aventura. Perqu\u00e8 la millor asseguran\u00e7a de viatge \u00e9s la que millor s\u2019adapta a [&hellip;]<\/p>\n","protected":false},"author":1,"featured_media":2314,"parent":3843,"menu_order":0,"comment_status":"closed","ping_status":"closed","template":"","meta":{"site-sidebar-layout":"right-sidebar","site-content-layout":"default","ast-site-content-layout":"default","site-content-style":"default","site-sidebar-style":"default","ast-global-header-display":"","ast-banner-title-visibility":"","ast-main-header-display":"","ast-hfb-above-header-display":"","ast-hfb-below-header-display":"","ast-hfb-mobile-header-display":"","site-post-title":"disabled","ast-breadcrumbs-content":"","ast-featured-img":"disabled","footer-sml-layout":"","ast-disable-related-posts":"","theme-transparent-header-meta":"default","adv-header-id-meta":"1412","stick-header-meta":"default","header-above-stick-meta":"","header-main-stick-meta":"","header-below-stick-meta":"","astra-migrate-meta-layouts":"default","ast-page-background-enabled":"default","ast-page-background-meta":{"desktop":{"background-color":"","background-image":"","background-repeat":"repeat","background-position":"center center","background-size":"auto","background-attachment":"scroll","background-type":"","background-media":"","overlay-type":"","overlay-color":"","overlay-opacity":"","overlay-gradient":""},"tablet":{"background-color":"","background-image":"","background-repeat":"repeat","background-position":"center center","background-size":"auto","background-attachment":"scroll","background-type":"","background-media":"","overlay-type":"","overlay-color":"","overlay-opacity":"","overlay-gradient":""},"mobile":{"background-color":"","background-image":"","background-repeat":"repeat","background-position":"center center","background-size":"auto","background-attachment":"scroll","background-type":"","background-media":"","overlay-type":"","overlay-color":"","overlay-opacity":"","overlay-gradient":""}},"ast-content-background-meta":{"desktop":{"background-color":"var(--ast-global-color-5)","background-image":"","background-repeat":"repeat","background-position":"center center","background-size":"auto","background-attachment":"scroll","background-type":"","background-media":"","overlay-type":"","overlay-color":"","overlay-opacity":"","overlay-gradient":""},"tablet":{"background-color":"var(--ast-global-color-5)","background-image":"","background-repeat":"repeat","background-position":"center center","background-size":"auto","background-attachment":"scroll","background-type":"","background-media":"","overlay-type":"","overlay-color":"","overlay-opacity":"","overlay-gradient":""},"mobile":{"background-color":"var(--ast-global-color-5)","background-image":"","background-repeat":"repeat","background-position":"center center","background-size":"auto","background-attachment":"scroll","background-type":"","background-media":"","overlay-type":"","overlay-color":"","overlay-opacity":"","overlay-gradient":""}},"_joinchat":[],"footnotes":""},"class_list":["post-1613","page","type-page","status-publish","has-post-thumbnail","hentry"],"yoast_head":"<!-- This site is optimized with the Yoast SEO plugin v27.6 - https:\/\/yoast.com\/product\/yoast-seo-wordpress\/ -->\n<title>Asseguran\u00e7a Assist\u00e8ncia en Viatge - Particulars | Crespi Corredur\u00eda de Seguros<\/title>\n<meta name=\"robots\" content=\"index, follow, max-snippet:-1, max-image-preview:large, max-video-preview:-1\" \/>\n<link rel=\"canonical\" href=\"https:\/\/www.crespicorredoria.com\/ca\/particulars\/asseguranca-assistencia-en-viatge\/\" \/>\n<meta property=\"og:locale\" content=\"ca_ES\" \/>\n<meta property=\"og:type\" content=\"article\" \/>\n<meta property=\"og:title\" content=\"Asseguran\u00e7a Assist\u00e8ncia en Viatge - Particulars | Crespi Corredur\u00eda de Seguros\" \/>\n<meta property=\"og:description\" content=\"Viu el teu viatge Contracta la teva asseguran\u00e7a en menys de 2 minuts a trav\u00e9s del Multitarificador situat en el men\u00fa principal de la Web! Tant si viatges sol, amb els amics o la fam\u00edlia i vagis a descansar, de creuer o d\u2019aventura. Perqu\u00e8 la millor asseguran\u00e7a de viatge \u00e9s la que millor s\u2019adapta a [&hellip;]\" \/>\n<meta property=\"og:url\" content=\"https:\/\/www.crespicorredoria.com\/ca\/particulars\/asseguranca-assistencia-en-viatge\/\" \/>\n<meta property=\"og:site_name\" content=\"Crespi Corredur\u00eda de Seguros\" \/>\n<meta property=\"article:publisher\" content=\"https:\/\/www.facebook.com\/crespiassegurances\" \/>\n<meta property=\"article:modified_time\" content=\"2020-04-24T11:03:16+00:00\" \/>\n<meta property=\"og:image\" content=\"https:\/\/www.crespicorredoria.com\/wp-content\/uploads\/2020\/02\/viaje-header.jpg\" \/>\n\t<meta property=\"og:image:width\" content=\"1920\" \/>\n\t<meta property=\"og:image:height\" content=\"600\" \/>\n\t<meta property=\"og:image:type\" content=\"image\/jpeg\" \/>\n<meta name=\"twitter:card\" content=\"summary_large_image\" \/>\n<meta name=\"twitter:site\" content=\"@crespicorredors\" \/>\n<meta name=\"twitter:label1\" content=\"Temps estimat de lectura\" \/>\n\t<meta name=\"twitter:data1\" content=\"1 minut\" \/>\n<script type=\"application\/ld+json\" class=\"yoast-schema-graph\">{\"@context\":\"https:\\\/\\\/schema.org\",\"@graph\":[{\"@type\":\"WebPage\",\"@id\":\"https:\\\/\\\/www.crespicorredoria.com\\\/ca\\\/particulars\\\/asseguranca-assistencia-en-viatge\\\/\",\"url\":\"https:\\\/\\\/www.crespicorredoria.com\\\/ca\\\/particulars\\\/asseguranca-assistencia-en-viatge\\\/\",\"name\":\"Asseguran\u00e7a Assist\u00e8ncia en Viatge - Particulars | Crespi Corredur\u00eda de Seguros\",\"isPartOf\":{\"@id\":\"https:\\\/\\\/www.crespicorredoria.com\\\/ca\\\/#website\"},\"primaryImageOfPage\":{\"@id\":\"https:\\\/\\\/www.crespicorredoria.com\\\/ca\\\/particulars\\\/asseguranca-assistencia-en-viatge\\\/#primaryimage\"},\"image\":{\"@id\":\"https:\\\/\\\/www.crespicorredoria.com\\\/ca\\\/particulars\\\/asseguranca-assistencia-en-viatge\\\/#primaryimage\"},\"thumbnailUrl\":\"https:\\\/\\\/www.crespicorredoria.com\\\/wp-content\\\/uploads\\\/2020\\\/02\\\/viaje-header.jpg\",\"datePublished\":\"2020-01-15T10:03:01+00:00\",\"dateModified\":\"2020-04-24T11:03:16+00:00\",\"breadcrumb\":{\"@id\":\"https:\\\/\\\/www.crespicorredoria.com\\\/ca\\\/particulars\\\/asseguranca-assistencia-en-viatge\\\/#breadcrumb\"},\"inLanguage\":\"ca\",\"potentialAction\":[{\"@type\":\"ReadAction\",\"target\":[\"https:\\\/\\\/www.crespicorredoria.com\\\/ca\\\/particulars\\\/asseguranca-assistencia-en-viatge\\\/\"]}]},{\"@type\":\"ImageObject\",\"inLanguage\":\"ca\",\"@id\":\"https:\\\/\\\/www.crespicorredoria.com\\\/ca\\\/particulars\\\/asseguranca-assistencia-en-viatge\\\/#primaryimage\",\"url\":\"https:\\\/\\\/www.crespicorredoria.com\\\/wp-content\\\/uploads\\\/2020\\\/02\\\/viaje-header.jpg\",\"contentUrl\":\"https:\\\/\\\/www.crespicorredoria.com\\\/wp-content\\\/uploads\\\/2020\\\/02\\\/viaje-header.jpg\",\"width\":1920,\"height\":600},{\"@type\":\"BreadcrumbList\",\"@id\":\"https:\\\/\\\/www.crespicorredoria.com\\\/ca\\\/particulars\\\/asseguranca-assistencia-en-viatge\\\/#breadcrumb\",\"itemListElement\":[{\"@type\":\"ListItem\",\"position\":1,\"name\":\"Portada\",\"item\":\"https:\\\/\\\/www.crespicorredoria.com\\\/ca\\\/\"},{\"@type\":\"ListItem\",\"position\":2,\"name\":\"Particulars\",\"item\":\"https:\\\/\\\/www.crespicorredoria.com\\\/ca\\\/particulars\\\/\"},{\"@type\":\"ListItem\",\"position\":3,\"name\":\"Asseguran\u00e7a Assist\u00e8ncia en Viatge\"}]},{\"@type\":\"WebSite\",\"@id\":\"https:\\\/\\\/www.crespicorredoria.com\\\/ca\\\/#website\",\"url\":\"https:\\\/\\\/www.crespicorredoria.com\\\/ca\\\/\",\"name\":\"Crespi Corredur\u00eda de Seguros\",\"description\":\"\",\"publisher\":{\"@id\":\"https:\\\/\\\/www.crespicorredoria.com\\\/ca\\\/#organization\"},\"potentialAction\":[{\"@type\":\"SearchAction\",\"target\":{\"@type\":\"EntryPoint\",\"urlTemplate\":\"https:\\\/\\\/www.crespicorredoria.com\\\/ca\\\/?s={search_term_string}\"},\"query-input\":{\"@type\":\"PropertyValueSpecification\",\"valueRequired\":true,\"valueName\":\"search_term_string\"}}],\"inLanguage\":\"ca\"},{\"@type\":\"Organization\",\"@id\":\"https:\\\/\\\/www.crespicorredoria.com\\\/ca\\\/#organization\",\"name\":\"Crespi Corredor\u00eda de Seguros S.L.\",\"url\":\"https:\\\/\\\/www.crespicorredoria.com\\\/ca\\\/\",\"logo\":{\"@type\":\"ImageObject\",\"inLanguage\":\"ca\",\"@id\":\"https:\\\/\\\/www.crespicorredoria.com\\\/ca\\\/#\\\/schema\\\/logo\\\/image\\\/\",\"url\":\"https:\\\/\\\/www.crespicorredoria.com\\\/wp-content\\\/uploads\\\/2020\\\/01\\\/crespi-footer-2.png\",\"contentUrl\":\"https:\\\/\\\/www.crespicorredoria.com\\\/wp-content\\\/uploads\\\/2020\\\/01\\\/crespi-footer-2.png\",\"width\":300,\"height\":122,\"caption\":\"Crespi Corredor\u00eda de Seguros S.L.\"},\"image\":{\"@id\":\"https:\\\/\\\/www.crespicorredoria.com\\\/ca\\\/#\\\/schema\\\/logo\\\/image\\\/\"},\"sameAs\":[\"https:\\\/\\\/www.facebook.com\\\/crespiassegurances\",\"https:\\\/\\\/x.com\\\/crespicorredors\",\"https:\\\/\\\/www.instagram.com\\\/crespi_assegurances\\\/\",\"https:\\\/\\\/es.linkedin.com\\\/in\\\/roger-crespi-7b3951b1\"]}]}<\/script>\n<!-- \/ Yoast SEO plugin. -->","yoast_head_json":{"title":"Asseguran\u00e7a Assist\u00e8ncia en Viatge - Particulars | Crespi Corredur\u00eda de Seguros","robots":{"index":"index","follow":"follow","max-snippet":"max-snippet:-1","max-image-preview":"max-image-preview:large","max-video-preview":"max-video-preview:-1"},"canonical":"https:\/\/www.crespicorredoria.com\/ca\/particulars\/asseguranca-assistencia-en-viatge\/","og_locale":"ca_ES","og_type":"article","og_title":"Asseguran\u00e7a Assist\u00e8ncia en Viatge - Particulars | Crespi Corredur\u00eda de Seguros","og_description":"Viu el teu viatge Contracta la teva asseguran\u00e7a en menys de 2 minuts a trav\u00e9s del Multitarificador situat en el men\u00fa principal de la Web! Tant si viatges sol, amb els amics o la fam\u00edlia i vagis a descansar, de creuer o d\u2019aventura. Perqu\u00e8 la millor asseguran\u00e7a de viatge \u00e9s la que millor s\u2019adapta a [&hellip;]","og_url":"https:\/\/www.crespicorredoria.com\/ca\/particulars\/asseguranca-assistencia-en-viatge\/","og_site_name":"Crespi Corredur\u00eda de Seguros","article_publisher":"https:\/\/www.facebook.com\/crespiassegurances","article_modified_time":"2020-04-24T11:03:16+00:00","og_image":[{"width":1920,"height":600,"url":"https:\/\/www.crespicorredoria.com\/wp-content\/uploads\/2020\/02\/viaje-header.jpg","type":"image\/jpeg"}],"twitter_card":"summary_large_image","twitter_site":"@crespicorredors","twitter_misc":{"Temps estimat de lectura":"1 minut"},"schema":{"@context":"https:\/\/schema.org","@graph":[{"@type":"WebPage","@id":"https:\/\/www.crespicorredoria.com\/ca\/particulars\/asseguranca-assistencia-en-viatge\/","url":"https:\/\/www.crespicorredoria.com\/ca\/particulars\/asseguranca-assistencia-en-viatge\/","name":"Asseguran\u00e7a Assist\u00e8ncia en Viatge - Particulars | Crespi Corredur\u00eda de Seguros","isPartOf":{"@id":"https:\/\/www.crespicorredoria.com\/ca\/#website"},"primaryImageOfPage":{"@id":"https:\/\/www.crespicorredoria.com\/ca\/particulars\/asseguranca-assistencia-en-viatge\/#primaryimage"},"image":{"@id":"https:\/\/www.crespicorredoria.com\/ca\/particulars\/asseguranca-assistencia-en-viatge\/#primaryimage"},"thumbnailUrl":"https:\/\/www.crespicorredoria.com\/wp-content\/uploads\/2020\/02\/viaje-header.jpg","datePublished":"2020-01-15T10:03:01+00:00","dateModified":"2020-04-24T11:03:16+00:00","breadcrumb":{"@id":"https:\/\/www.crespicorredoria.com\/ca\/particulars\/asseguranca-assistencia-en-viatge\/#breadcrumb"},"inLanguage":"ca","potentialAction":[{"@type":"ReadAction","target":["https:\/\/www.crespicorredoria.com\/ca\/particulars\/asseguranca-assistencia-en-viatge\/"]}]},{"@type":"ImageObject","inLanguage":"ca","@id":"https:\/\/www.crespicorredoria.com\/ca\/particulars\/asseguranca-assistencia-en-viatge\/#primaryimage","url":"https:\/\/www.crespicorredoria.com\/wp-content\/uploads\/2020\/02\/viaje-header.jpg","contentUrl":"https:\/\/www.crespicorredoria.com\/wp-content\/uploads\/2020\/02\/viaje-header.jpg","width":1920,"height":600},{"@type":"BreadcrumbList","@id":"https:\/\/www.crespicorredoria.com\/ca\/particulars\/asseguranca-assistencia-en-viatge\/#breadcrumb","itemListElement":[{"@type":"ListItem","position":1,"name":"Portada","item":"https:\/\/www.crespicorredoria.com\/ca\/"},{"@type":"ListItem","position":2,"name":"Particulars","item":"https:\/\/www.crespicorredoria.com\/ca\/particulars\/"},{"@type":"ListItem","position":3,"name":"Asseguran\u00e7a Assist\u00e8ncia en Viatge"}]},{"@type":"WebSite","@id":"https:\/\/www.crespicorredoria.com\/ca\/#website","url":"https:\/\/www.crespicorredoria.com\/ca\/","name":"Crespi Corredur\u00eda de Seguros","description":"","publisher":{"@id":"https:\/\/www.crespicorredoria.com\/ca\/#organization"},"potentialAction":[{"@type":"SearchAction","target":{"@type":"EntryPoint","urlTemplate":"https:\/\/www.crespicorredoria.com\/ca\/?s={search_term_string}"},"query-input":{"@type":"PropertyValueSpecification","valueRequired":true,"valueName":"search_term_string"}}],"inLanguage":"ca"},{"@type":"Organization","@id":"https:\/\/www.crespicorredoria.com\/ca\/#organization","name":"Crespi Corredor\u00eda de Seguros S.L.","url":"https:\/\/www.crespicorredoria.com\/ca\/","logo":{"@type":"ImageObject","inLanguage":"ca","@id":"https:\/\/www.crespicorredoria.com\/ca\/#\/schema\/logo\/image\/","url":"https:\/\/www.crespicorredoria.com\/wp-content\/uploads\/2020\/01\/crespi-footer-2.png","contentUrl":"https:\/\/www.crespicorredoria.com\/wp-content\/uploads\/2020\/01\/crespi-footer-2.png","width":300,"height":122,"caption":"Crespi Corredor\u00eda de Seguros S.L."},"image":{"@id":"https:\/\/www.crespicorredoria.com\/ca\/#\/schema\/logo\/image\/"},"sameAs":["https:\/\/www.facebook.com\/crespiassegurances","https:\/\/x.com\/crespicorredors","https:\/\/www.instagram.com\/crespi_assegurances\/","https:\/\/es.linkedin.com\/in\/roger-crespi-7b3951b1"]}]}},"_links":{"self":[{"href":"https:\/\/www.crespicorredoria.com\/ca\/wp-json\/wp\/v2\/pages\/1613","targetHints":{"allow":["GET"]}}],"collection":[{"href":"https:\/\/www.crespicorredoria.com\/ca\/wp-json\/wp\/v2\/pages"}],"about":[{"href":"https:\/\/www.crespicorredoria.com\/ca\/wp-json\/wp\/v2\/types\/page"}],"author":[{"embeddable":true,"href":"https:\/\/www.crespicorredoria.com\/ca\/wp-json\/wp\/v2\/users\/1"}],"replies":[{"embeddable":true,"href":"https:\/\/www.crespicorredoria.com\/ca\/wp-json\/wp\/v2\/comments?post=1613"}],"version-history":[{"count":0,"href":"https:\/\/www.crespicorredoria.com\/ca\/wp-json\/wp\/v2\/pages\/1613\/revisions"}],"up":[{"embeddable":true,"href":"https:\/\/www.crespicorredoria.com\/ca\/wp-json\/wp\/v2\/pages\/3843"}],"wp:featuredmedia":[{"embeddable":true,"href":"https:\/\/www.crespicorredoria.com\/ca\/wp-json\/wp\/v2\/media\/2314"}],"wp:attachment":[{"href":"https:\/\/www.crespicorredoria.com\/ca\/wp-json\/wp\/v2\/media?parent=1613"}],"curies":[{"name":"wp","href":"https:\/\/api.w.org\/{rel}","templated":true}]}}