{"id":3783,"date":"2020-04-21T08:49:24","date_gmt":"2020-04-21T06:49:24","guid":{"rendered":"https:\/\/www.crespicorredoria.com\/lopd\/"},"modified":"2020-05-13T09:23:38","modified_gmt":"2020-05-13T07:23:38","slug":"lopd","status":"publish","type":"page","link":"https:\/\/www.crespicorredoria.com\/ca\/lopd\/","title":{"rendered":"Lopd"},"content":{"rendered":"<h2><strong>Responsable de los datos<\/strong><\/h2>\n<p>Nombre: \u00a0\u00a0\u00a0\u00a0\u00a0\u00a0\u00a0\u00a0\u00a0\u00a0\u00a0\u00a0\u00a0\u00a0\u00a0\u00a0\u00a0\u00a0\u00a0 JOSEP CRESPI CORREDORIA D&#8217;ASSEGURANCES SL<\/p>\n<p>CIF \u00a0\u00a0\u00a0\u00a0\u00a0\u00a0\u00a0\u00a0\u00a0\u00a0\u00a0\u00a0\u00a0\u00a0\u00a0\u00a0\u00a0\u00a0\u00a0\u00a0\u00a0\u00a0\u00a0\u00a0\u00a0\u00a0\u00a0\u00a0 B61480034<\/p>\n<p>Direcci\u00f3n:\u00a0\u00a0\u00a0\u00a0\u00a0\u00a0\u00a0\u00a0\u00a0\u00a0\u00a0\u00a0\u00a0\u00a0\u00a0\u00a0\u00a0\u00a0 Passatge Can Mastrot 2, entres\u00f2l 2n<\/p>\n<p>Tel\u00e9fono:\u00a0\u00a0\u00a0\u00a0\u00a0\u00a0\u00a0\u00a0\u00a0\u00a0\u00a0\u00a0\u00a0\u00a0\u00a0\u00a0\u00a0\u00a0\u00a0 08500 VIC<\/p>\n<p>N\u00ba registro DGPFA\u00a0\u00a0 \u00a0\u00a0J94GC<\/p>\n<p>Contacto Delegado de protecci\u00f3n de datos: \u00a0\u00a0\u00a0\u00a0\u00a0\u00a0\u00a0\u00a0\u00a0\u00a0 lopd@tkmservicios.com<\/p>\n<h2><strong>Finalidad<\/strong><\/h2>\n<p>Los datos por Ud proporcionados ser\u00e1n utilizados a fin de<\/p>\n<p><u>Gestionar sus seguros<\/u><\/p>\n<ul>\n<li>Realizarle ofertas de seguros personalizadas y ajustadas a sus necesidades<\/li>\n<li>Gestionar los contratos de seguros contratados, incluyendo si as\u00ed se acuerda la gesti\u00f3n del cobro de las primas de seguro<\/li>\n<li>Proporcionarle el servicio de gesti\u00f3n de siniestros<\/li>\n<li>Proponerle modificaciones en sus contratos que pudieran ser de su inter\u00e9s.<\/li>\n<\/ul>\n<p><u>Promocionar nuestros servicios<\/u><\/p>\n<ul>\n<li>Proporcionarle informaci\u00f3n de nuevos productos y servicios<\/li>\n<\/ul>\n<p>Elaboraremos perfiles comerciales en base a la informaci\u00f3n facilitada a fin de ajustar los servicios y ofertas, no adopt\u00e1ndose nunca decisiones automatizadas en base a los perfiles.<\/p>\n<p>Los datos se conservar\u00e1n mientras se mantenga la relaci\u00f3n comercial y tras la finalizaci\u00f3n de la misma, hasta que solicite la cancelaci\u00f3n de sus datos, con el objeto de remitirle ofertas que pudieran ser de su inter\u00e9s y reanudar la relaci\u00f3n profesional.<\/p>\n<p><u>Legitimaci\u00f3n<\/u><\/p>\n<p>Los datos de que disponemos son los necesarios para llevar la efectiva intermediaci\u00f3n de los contratos de seguros que ha contratado con una o m\u00e1s aseguradoras a trav\u00e9s de nuestra corredur\u00eda, teniendo por nuestra parte la consideraci\u00f3n de responsables de los datos de conformidad con lo previsto en la <span lang=\"ES\">RD-Ley 03\/2020<\/span> de Mediaci\u00f3n en seguros.<\/p>\n<h2><strong>Destinatarios<\/strong><\/h2>\n<p>Sus datos ser\u00e1n comunicados a las entidades aseguradoras destinatarias de los contratos, as\u00ed como en caso de siniestro y siempre que Ud .lo autorice y con el l\u00edmite de los datos afectados por el siniestro a otras aseguradoras.<\/p>\n<h2><strong>Derechos<\/strong><\/h2>\n<p>Cualquier persona tiene derecho a obtener confirmaci\u00f3n sobre si en la corredur\u00eda estamos tratando datos personales que les conciernan, o no. Las personas interesadas tienen derecho a si acceder a sus datos personales, as\u00ed como a solicitar la rectificaci\u00f3n de los datos inexactos o, en su caso, solicitar su supresi\u00f3n cuando, entre otros motivos, los datos ya no sean necesarios para los fines que fueron recogidos.<\/p>\n<p>En determinadas circunstancias, los interesados podr\u00e1n solicitar la limitaci\u00f3n del tratamiento de sus datos, en cuyo caso \u00fanicamente los conservaremos para la defensa de sus intereses en la gesti\u00f3n de los contratos de seguros intermediados por el responsable del fichero.<\/p>\n<p>En determinadas circunstancias y por motivos relacionados con su situaci\u00f3n particular, los interesados podr\u00e1n oponerse al tratamiento de sus datos. Nuestra corredur\u00eda dejar\u00e1 de tratar los datos, salvo por motivos leg\u00edtimos imperiosos, o el ejercicio o la defensa de posibles reclamaciones. Usted puede ejercer sus derechos de acceso, rectificaci\u00f3n o cancelaci\u00f3n.<\/p>\n<p>Si no desea recibir comunicaciones promocionales de nuestra empresa por alguno o todos los medios de comunicaci\u00f3n, puede comunicar su deseo de oponerse a la finalidad de promoci\u00f3n de nuestros productos y servicios, lo que no ir\u00e1 en detrimento de mantener el fin\u00a0 de gestionar los contratos de seguros intermediados por el responsable del fichero.<\/p>\n<p>Usted podr\u00e1 solicitar la portabilidad de sus datos, si as\u00ed lo estima conveniente a otro corredor o entidad aseguradora.<\/p>\n<p>En el ejercicio de los derechos precedentes puede dirigirse a nuestras oficinas situadas en Passatge Can Mastrot 2, entres\u00f2l 2a &#8211; 08500 Vic, Ref. Protecci\u00f3n de datos, aportando siempre una copia de su DNI. La respuesta al ejercicio de derechos se realizar\u00e1 al domicilio que figure en los contratos suscritos con nuestra corredur\u00eda.<\/p>\n<p>En caso de que no atendamos al ejercicio de derechos expresados en este apartado, Ud est\u00e1 facultado para acudir a nuestro delegado de protecci\u00f3n de datos lopd@tkmservicios.com con referencia Josep Crespi corredoria d&#8217;assegurances sl, quien velar\u00e1 por sus intereses o presentar\u00e1 una reclamaci\u00f3n ante la agencia de protecci\u00f3n de datos, Ud. Dispone de toda la informaci\u00f3n a efectos de esta reclamaci\u00f3n en la p\u00e1gina <a href=\"http:\/\/www.agpd.es\">www.agpd.es<\/a><\/p>\n<h2><strong>Procedencia de los datos<\/strong><\/h2>\n<p>Los datos de que disponemos son los que nos fueron proporcionados en el momento de la contrataci\u00f3n de las p\u00f3lizas o petici\u00f3n de las tarificaciones, as\u00ed como los datos derivados de las gestiones del contrato como las renovaciones de p\u00f3lizas o siniestros acontecidos en la vigencia del contrato.<\/p>\n<p>En algunos casos los datos b\u00e1sicos para la tarificaci\u00f3n de un riesgo han podido ser proporcionados por un colectivo, previa autorizaci\u00f3n de sus miembros, en estos casos los datos solo se utilizar\u00e1n conforme a las indicaciones de los representantes del colectivo y dichos datos ser\u00e1n eliminados si as\u00ed lo requieren los acuerdos con el colectivo, salvo para aquellos titulares de datos, para los que se intermedien contratos de seguros, en cuyo caso los derechos se regir\u00e1n por el apartado anterior.<\/p>\n","protected":false},"excerpt":{"rendered":"<p>Responsable de los datos Nombre: \u00a0\u00a0\u00a0\u00a0\u00a0\u00a0\u00a0\u00a0\u00a0\u00a0\u00a0\u00a0\u00a0\u00a0\u00a0\u00a0\u00a0\u00a0\u00a0 JOSEP CRESPI CORREDORIA D&#8217;ASSEGURANCES SL CIF \u00a0\u00a0\u00a0\u00a0\u00a0\u00a0\u00a0\u00a0\u00a0\u00a0\u00a0\u00a0\u00a0\u00a0\u00a0\u00a0\u00a0\u00a0\u00a0\u00a0\u00a0\u00a0\u00a0\u00a0\u00a0\u00a0\u00a0\u00a0 B61480034 Direcci\u00f3n:\u00a0\u00a0\u00a0\u00a0\u00a0\u00a0\u00a0\u00a0\u00a0\u00a0\u00a0\u00a0\u00a0\u00a0\u00a0\u00a0\u00a0\u00a0 Passatge Can Mastrot 2, entres\u00f2l 2n Tel\u00e9fono:\u00a0\u00a0\u00a0\u00a0\u00a0\u00a0\u00a0\u00a0\u00a0\u00a0\u00a0\u00a0\u00a0\u00a0\u00a0\u00a0\u00a0\u00a0\u00a0 08500 VIC N\u00ba registro DGPFA\u00a0\u00a0 \u00a0\u00a0J94GC Contacto Delegado de protecci\u00f3n de datos: \u00a0\u00a0\u00a0\u00a0\u00a0\u00a0\u00a0\u00a0\u00a0\u00a0 lopd@tkmservicios.com Finalidad Los datos por Ud proporcionados ser\u00e1n utilizados a fin de Gestionar sus seguros Realizarle ofertas de seguros personalizadas [&hellip;]<\/p>\n","protected":false},"author":1,"featured_media":0,"parent":0,"menu_order":0,"comment_status":"closed","ping_status":"closed","template":"","meta":{"site-sidebar-layout":"default","site-content-layout":"default","ast-site-content-layout":"default","site-content-style":"default","site-sidebar-style":"default","ast-global-header-display":"","ast-banner-title-visibility":"","ast-main-header-display":"","ast-hfb-above-header-display":"","ast-hfb-below-header-display":"","ast-hfb-mobile-header-display":"","site-post-title":"","ast-breadcrumbs-content":"","ast-featured-img":"","footer-sml-layout":"","ast-disable-related-posts":"","theme-transparent-header-meta":"","adv-header-id-meta":"1412","stick-header-meta":"","header-above-stick-meta":"","header-main-stick-meta":"","header-below-stick-meta":"","astra-migrate-meta-layouts":"default","ast-page-background-enabled":"default","ast-page-background-meta":{"desktop":{"background-color":"","background-image":"","background-repeat":"repeat","background-position":"center center","background-size":"auto","background-attachment":"scroll","background-type":"","background-media":"","overlay-type":"","overlay-color":"","overlay-opacity":"","overlay-gradient":""},"tablet":{"background-color":"","background-image":"","background-repeat":"repeat","background-position":"center center","background-size":"auto","background-attachment":"scroll","background-type":"","background-media":"","overlay-type":"","overlay-color":"","overlay-opacity":"","overlay-gradient":""},"mobile":{"background-color":"","background-image":"","background-repeat":"repeat","background-position":"center center","background-size":"auto","background-attachment":"scroll","background-type":"","background-media":"","overlay-type":"","overlay-color":"","overlay-opacity":"","overlay-gradient":""}},"ast-content-background-meta":{"desktop":{"background-color":"var(--ast-global-color-5)","background-image":"","background-repeat":"repeat","background-position":"center center","background-size":"auto","background-attachment":"scroll","background-type":"","background-media":"","overlay-type":"","overlay-color":"","overlay-opacity":"","overlay-gradient":""},"tablet":{"background-color":"var(--ast-global-color-5)","background-image":"","background-repeat":"repeat","background-position":"center center","background-size":"auto","background-attachment":"scroll","background-type":"","background-media":"","overlay-type":"","overlay-color":"","overlay-opacity":"","overlay-gradient":""},"mobile":{"background-color":"var(--ast-global-color-5)","background-image":"","background-repeat":"repeat","background-position":"center center","background-size":"auto","background-attachment":"scroll","background-type":"","background-media":"","overlay-type":"","overlay-color":"","overlay-opacity":"","overlay-gradient":""}},"_joinchat":[],"footnotes":""},"class_list":["post-3783","page","type-page","status-publish","hentry"],"yoast_head":"<!-- This site is optimized with the Yoast SEO plugin v27.6 - https:\/\/yoast.com\/product\/yoast-seo-wordpress\/ -->\n<title>Lopd -  | Crespi Corredur\u00eda de Seguros<\/title>\n<meta name=\"robots\" content=\"index, follow, max-snippet:-1, max-image-preview:large, max-video-preview:-1\" \/>\n<link rel=\"canonical\" href=\"https:\/\/www.crespicorredoria.com\/ca\/lopd\/\" \/>\n<meta property=\"og:locale\" content=\"ca_ES\" \/>\n<meta property=\"og:type\" content=\"article\" \/>\n<meta property=\"og:title\" content=\"Lopd -  | Crespi Corredur\u00eda de Seguros\" \/>\n<meta property=\"og:description\" content=\"Responsable de los datos Nombre: \u00a0\u00a0\u00a0\u00a0\u00a0\u00a0\u00a0\u00a0\u00a0\u00a0\u00a0\u00a0\u00a0\u00a0\u00a0\u00a0\u00a0\u00a0\u00a0 JOSEP CRESPI CORREDORIA D&#8217;ASSEGURANCES SL CIF \u00a0\u00a0\u00a0\u00a0\u00a0\u00a0\u00a0\u00a0\u00a0\u00a0\u00a0\u00a0\u00a0\u00a0\u00a0\u00a0\u00a0\u00a0\u00a0\u00a0\u00a0\u00a0\u00a0\u00a0\u00a0\u00a0\u00a0\u00a0 B61480034 Direcci\u00f3n:\u00a0\u00a0\u00a0\u00a0\u00a0\u00a0\u00a0\u00a0\u00a0\u00a0\u00a0\u00a0\u00a0\u00a0\u00a0\u00a0\u00a0\u00a0 Passatge Can Mastrot 2, entres\u00f2l 2n Tel\u00e9fono:\u00a0\u00a0\u00a0\u00a0\u00a0\u00a0\u00a0\u00a0\u00a0\u00a0\u00a0\u00a0\u00a0\u00a0\u00a0\u00a0\u00a0\u00a0\u00a0 08500 VIC N\u00ba registro DGPFA\u00a0\u00a0 \u00a0\u00a0J94GC Contacto Delegado de protecci\u00f3n de datos: \u00a0\u00a0\u00a0\u00a0\u00a0\u00a0\u00a0\u00a0\u00a0\u00a0 lopd@tkmservicios.com Finalidad Los datos por Ud proporcionados ser\u00e1n utilizados a fin de Gestionar sus seguros Realizarle ofertas de seguros personalizadas [&hellip;]\" \/>\n<meta property=\"og:url\" content=\"https:\/\/www.crespicorredoria.com\/ca\/lopd\/\" \/>\n<meta property=\"og:site_name\" content=\"Crespi Corredur\u00eda de Seguros\" \/>\n<meta property=\"article:publisher\" content=\"https:\/\/www.facebook.com\/crespiassegurances\" \/>\n<meta property=\"article:modified_time\" content=\"2020-05-13T07:23:38+00:00\" \/>\n<meta name=\"twitter:card\" content=\"summary_large_image\" \/>\n<meta name=\"twitter:site\" content=\"@crespicorredors\" \/>\n<meta name=\"twitter:label1\" content=\"Temps estimat de lectura\" \/>\n\t<meta name=\"twitter:data1\" content=\"4 minuts\" \/>\n<script type=\"application\/ld+json\" class=\"yoast-schema-graph\">{\"@context\":\"https:\\\/\\\/schema.org\",\"@graph\":[{\"@type\":\"WebPage\",\"@id\":\"https:\\\/\\\/www.crespicorredoria.com\\\/ca\\\/lopd\\\/\",\"url\":\"https:\\\/\\\/www.crespicorredoria.com\\\/ca\\\/lopd\\\/\",\"name\":\"Lopd - | Crespi Corredur\u00eda de Seguros\",\"isPartOf\":{\"@id\":\"https:\\\/\\\/www.crespicorredoria.com\\\/ca\\\/#website\"},\"datePublished\":\"2020-04-21T06:49:24+00:00\",\"dateModified\":\"2020-05-13T07:23:38+00:00\",\"breadcrumb\":{\"@id\":\"https:\\\/\\\/www.crespicorredoria.com\\\/ca\\\/lopd\\\/#breadcrumb\"},\"inLanguage\":\"ca\",\"potentialAction\":[{\"@type\":\"ReadAction\",\"target\":[\"https:\\\/\\\/www.crespicorredoria.com\\\/ca\\\/lopd\\\/\"]}]},{\"@type\":\"BreadcrumbList\",\"@id\":\"https:\\\/\\\/www.crespicorredoria.com\\\/ca\\\/lopd\\\/#breadcrumb\",\"itemListElement\":[{\"@type\":\"ListItem\",\"position\":1,\"name\":\"Portada\",\"item\":\"https:\\\/\\\/www.crespicorredoria.com\\\/ca\\\/\"},{\"@type\":\"ListItem\",\"position\":2,\"name\":\"Lopd\"}]},{\"@type\":\"WebSite\",\"@id\":\"https:\\\/\\\/www.crespicorredoria.com\\\/ca\\\/#website\",\"url\":\"https:\\\/\\\/www.crespicorredoria.com\\\/ca\\\/\",\"name\":\"Crespi Corredur\u00eda de Seguros\",\"description\":\"\",\"publisher\":{\"@id\":\"https:\\\/\\\/www.crespicorredoria.com\\\/ca\\\/#organization\"},\"potentialAction\":[{\"@type\":\"SearchAction\",\"target\":{\"@type\":\"EntryPoint\",\"urlTemplate\":\"https:\\\/\\\/www.crespicorredoria.com\\\/ca\\\/?s={search_term_string}\"},\"query-input\":{\"@type\":\"PropertyValueSpecification\",\"valueRequired\":true,\"valueName\":\"search_term_string\"}}],\"inLanguage\":\"ca\"},{\"@type\":\"Organization\",\"@id\":\"https:\\\/\\\/www.crespicorredoria.com\\\/ca\\\/#organization\",\"name\":\"Crespi Corredor\u00eda de Seguros S.L.\",\"url\":\"https:\\\/\\\/www.crespicorredoria.com\\\/ca\\\/\",\"logo\":{\"@type\":\"ImageObject\",\"inLanguage\":\"ca\",\"@id\":\"https:\\\/\\\/www.crespicorredoria.com\\\/ca\\\/#\\\/schema\\\/logo\\\/image\\\/\",\"url\":\"https:\\\/\\\/www.crespicorredoria.com\\\/wp-content\\\/uploads\\\/2020\\\/01\\\/crespi-footer-2.png\",\"contentUrl\":\"https:\\\/\\\/www.crespicorredoria.com\\\/wp-content\\\/uploads\\\/2020\\\/01\\\/crespi-footer-2.png\",\"width\":300,\"height\":122,\"caption\":\"Crespi Corredor\u00eda de Seguros S.L.\"},\"image\":{\"@id\":\"https:\\\/\\\/www.crespicorredoria.com\\\/ca\\\/#\\\/schema\\\/logo\\\/image\\\/\"},\"sameAs\":[\"https:\\\/\\\/www.facebook.com\\\/crespiassegurances\",\"https:\\\/\\\/x.com\\\/crespicorredors\",\"https:\\\/\\\/www.instagram.com\\\/crespi_assegurances\\\/\",\"https:\\\/\\\/es.linkedin.com\\\/in\\\/roger-crespi-7b3951b1\"]}]}<\/script>\n<!-- \/ Yoast SEO plugin. -->","yoast_head_json":{"title":"Lopd -  | Crespi Corredur\u00eda de Seguros","robots":{"index":"index","follow":"follow","max-snippet":"max-snippet:-1","max-image-preview":"max-image-preview:large","max-video-preview":"max-video-preview:-1"},"canonical":"https:\/\/www.crespicorredoria.com\/ca\/lopd\/","og_locale":"ca_ES","og_type":"article","og_title":"Lopd -  | Crespi Corredur\u00eda de Seguros","og_description":"Responsable de los datos Nombre: \u00a0\u00a0\u00a0\u00a0\u00a0\u00a0\u00a0\u00a0\u00a0\u00a0\u00a0\u00a0\u00a0\u00a0\u00a0\u00a0\u00a0\u00a0\u00a0 JOSEP CRESPI CORREDORIA D&#8217;ASSEGURANCES SL CIF \u00a0\u00a0\u00a0\u00a0\u00a0\u00a0\u00a0\u00a0\u00a0\u00a0\u00a0\u00a0\u00a0\u00a0\u00a0\u00a0\u00a0\u00a0\u00a0\u00a0\u00a0\u00a0\u00a0\u00a0\u00a0\u00a0\u00a0\u00a0 B61480034 Direcci\u00f3n:\u00a0\u00a0\u00a0\u00a0\u00a0\u00a0\u00a0\u00a0\u00a0\u00a0\u00a0\u00a0\u00a0\u00a0\u00a0\u00a0\u00a0\u00a0 Passatge Can Mastrot 2, entres\u00f2l 2n Tel\u00e9fono:\u00a0\u00a0\u00a0\u00a0\u00a0\u00a0\u00a0\u00a0\u00a0\u00a0\u00a0\u00a0\u00a0\u00a0\u00a0\u00a0\u00a0\u00a0\u00a0 08500 VIC N\u00ba registro DGPFA\u00a0\u00a0 \u00a0\u00a0J94GC Contacto Delegado de protecci\u00f3n de datos: \u00a0\u00a0\u00a0\u00a0\u00a0\u00a0\u00a0\u00a0\u00a0\u00a0 lopd@tkmservicios.com Finalidad Los datos por Ud proporcionados ser\u00e1n utilizados a fin de Gestionar sus seguros Realizarle ofertas de seguros personalizadas [&hellip;]","og_url":"https:\/\/www.crespicorredoria.com\/ca\/lopd\/","og_site_name":"Crespi Corredur\u00eda de Seguros","article_publisher":"https:\/\/www.facebook.com\/crespiassegurances","article_modified_time":"2020-05-13T07:23:38+00:00","twitter_card":"summary_large_image","twitter_site":"@crespicorredors","twitter_misc":{"Temps estimat de lectura":"4 minuts"},"schema":{"@context":"https:\/\/schema.org","@graph":[{"@type":"WebPage","@id":"https:\/\/www.crespicorredoria.com\/ca\/lopd\/","url":"https:\/\/www.crespicorredoria.com\/ca\/lopd\/","name":"Lopd - | Crespi Corredur\u00eda de Seguros","isPartOf":{"@id":"https:\/\/www.crespicorredoria.com\/ca\/#website"},"datePublished":"2020-04-21T06:49:24+00:00","dateModified":"2020-05-13T07:23:38+00:00","breadcrumb":{"@id":"https:\/\/www.crespicorredoria.com\/ca\/lopd\/#breadcrumb"},"inLanguage":"ca","potentialAction":[{"@type":"ReadAction","target":["https:\/\/www.crespicorredoria.com\/ca\/lopd\/"]}]},{"@type":"BreadcrumbList","@id":"https:\/\/www.crespicorredoria.com\/ca\/lopd\/#breadcrumb","itemListElement":[{"@type":"ListItem","position":1,"name":"Portada","item":"https:\/\/www.crespicorredoria.com\/ca\/"},{"@type":"ListItem","position":2,"name":"Lopd"}]},{"@type":"WebSite","@id":"https:\/\/www.crespicorredoria.com\/ca\/#website","url":"https:\/\/www.crespicorredoria.com\/ca\/","name":"Crespi Corredur\u00eda de Seguros","description":"","publisher":{"@id":"https:\/\/www.crespicorredoria.com\/ca\/#organization"},"potentialAction":[{"@type":"SearchAction","target":{"@type":"EntryPoint","urlTemplate":"https:\/\/www.crespicorredoria.com\/ca\/?s={search_term_string}"},"query-input":{"@type":"PropertyValueSpecification","valueRequired":true,"valueName":"search_term_string"}}],"inLanguage":"ca"},{"@type":"Organization","@id":"https:\/\/www.crespicorredoria.com\/ca\/#organization","name":"Crespi Corredor\u00eda de Seguros S.L.","url":"https:\/\/www.crespicorredoria.com\/ca\/","logo":{"@type":"ImageObject","inLanguage":"ca","@id":"https:\/\/www.crespicorredoria.com\/ca\/#\/schema\/logo\/image\/","url":"https:\/\/www.crespicorredoria.com\/wp-content\/uploads\/2020\/01\/crespi-footer-2.png","contentUrl":"https:\/\/www.crespicorredoria.com\/wp-content\/uploads\/2020\/01\/crespi-footer-2.png","width":300,"height":122,"caption":"Crespi Corredor\u00eda de Seguros S.L."},"image":{"@id":"https:\/\/www.crespicorredoria.com\/ca\/#\/schema\/logo\/image\/"},"sameAs":["https:\/\/www.facebook.com\/crespiassegurances","https:\/\/x.com\/crespicorredors","https:\/\/www.instagram.com\/crespi_assegurances\/","https:\/\/es.linkedin.com\/in\/roger-crespi-7b3951b1"]}]}},"_links":{"self":[{"href":"https:\/\/www.crespicorredoria.com\/ca\/wp-json\/wp\/v2\/pages\/3783","targetHints":{"allow":["GET"]}}],"collection":[{"href":"https:\/\/www.crespicorredoria.com\/ca\/wp-json\/wp\/v2\/pages"}],"about":[{"href":"https:\/\/www.crespicorredoria.com\/ca\/wp-json\/wp\/v2\/types\/page"}],"author":[{"embeddable":true,"href":"https:\/\/www.crespicorredoria.com\/ca\/wp-json\/wp\/v2\/users\/1"}],"replies":[{"embeddable":true,"href":"https:\/\/www.crespicorredoria.com\/ca\/wp-json\/wp\/v2\/comments?post=3783"}],"version-history":[{"count":0,"href":"https:\/\/www.crespicorredoria.com\/ca\/wp-json\/wp\/v2\/pages\/3783\/revisions"}],"wp:attachment":[{"href":"https:\/\/www.crespicorredoria.com\/ca\/wp-json\/wp\/v2\/media?parent=3783"}],"curies":[{"name":"wp","href":"https:\/\/api.w.org\/{rel}","templated":true}]}}