{"id":3786,"date":"2020-04-21T08:53:20","date_gmt":"2020-04-21T06:53:20","guid":{"rendered":"https:\/\/www.crespicorredoria.com\/politica-de-cookies\/"},"modified":"2020-04-21T08:53:20","modified_gmt":"2020-04-21T06:53:20","slug":"politica-de-cookies","status":"publish","type":"page","link":"https:\/\/www.crespicorredoria.com\/ca\/politica-de-cookies\/","title":{"rendered":"Pol\u00edtica de Cookies"},"content":{"rendered":"<div id=\"page\" class=\"hfeed\">\n<div id=\"main\">\n<div id=\"primary\">\n<div id=\"content\">\n<article id=\"post-895\" class=\"post-895 page type-page status-publish hentry\">\n<div class=\"entry-content\">\n<p>La presente Pol\u00edtica de Cookies pretende proporcionar la informaci\u00f3n necesaria para que cualquier usuario del sitio web pueda decidir si desea permitir la instalaci\u00f3n de las cookies utilizadas por nuestra pagina web y c\u00f3mo gestionarlas. Por ello, proporcionamos una serie de nociones b\u00e1sicas cuyo conocimiento consideramos esencial (qu\u00e9 son las cookies y para qu\u00e9 pueden servir, o c\u00f3mo desactivarlas o borrarlas) para cualquier usuario de internet, y facilitamos la identificaci\u00f3n de nuestras cookies.<\/p>\n<p>La informaci\u00f3n sobre nuestra Pol\u00edtica de cookies se proporciona a trav\u00e9s de dos capas: la primera, un \u201caviso\u201d en el pie de p\u00e1gina del sitio web, en el que se advierte de la instalaci\u00f3n de cookies no exentas -describiendo su finalidad- en caso de proseguir la navegaci\u00f3n sin modificar la configuraci\u00f3n del navegador y se proporciona un enlace a la presente Pol\u00edtica para que el usuario pueda conocer con m\u00e1s detalle su contenido y funcionamiento, siendo esta la segunda capa de informaci\u00f3n.<\/p>\n<p>Nuestra Pol\u00edtica de cookies es p\u00fablica y permanentemente accesibles a trav\u00e9s del enlace habilitado en el sitio web, denominado \u201cCookies\u201d, al que pueden acceder los usuarios para mantenerse informados en todo momento.<\/p>\n<p>Esta Pol\u00edtica de Cookies puede actualizarse en cualquier momento, como consecuencia de un cambio normativo o como consecuencia de cualquier cambio en la configuraci\u00f3n de las cookies utilizadas.<\/p>\n<p>JOSEP CRESPI, CORREDORIA D\u2019ASSEGURANCES, S.L. puede utilizar cookies, y otras tecnolog\u00edas similares, para almacenar y recuperar informaci\u00f3n de los equipos terminales de los usuarios de sus sitios web (en adelante, denominadas conjuntamente \u201cCookies\u201d).<\/p>\n<p>Las cookies son archivos o programas inform\u00e1ticos, enviados a un navegador por medio de un servidor web, que almacenan informaci\u00f3n en el equipo del usuario, al acceder o navegar por un sitio web, y permiten que se acceda a \u00e9sta tras su instalaci\u00f3n. En otras palabras, son elementos de informaci\u00f3n que un sitio web instala en su dispositivo cuando lo visita. Estos dispositivos pueden contener informaci\u00f3n sobre los h\u00e1bitos de navegaci\u00f3n de los usuarios o del equipo en que se instalan, o incluso pueden utilizarse para reconocer el usuario.<\/p>\n<h3>Tipos de Cookies<\/h3>\n<p>Existen diversos tipos de cookies en funci\u00f3n de la finalidad para la que se utilizan. Dinahosting utiliza los siguientes tipos de cookies:<\/p>\n<p><strong>Cookies t\u00e9cnicas<\/strong>: Son aqu\u00e9llas que permiten al usuario la navegaci\u00f3n a trav\u00e9s de la p\u00e1gina web y la utilizaci\u00f3n de las diferentes opciones o servicios que existen en ella como, por ejemplo, identificar la sesi\u00f3n, acceder a partes de acceso restringido, realizar el proceso de compra de un pedido o compartir contenidos a trav\u00e9s de redes sociales.<br \/>\n<strong>Cookies anal\u00edticas<\/strong>: Son aqu\u00e9llas que nos permiten realizar el seguimiento y an\u00e1lisis del comportamiento de los usuarios de nuestro sitio web. Utilizamos los servicios de Google Analitycs para realizar estos an\u00e1lisis. Las condiciones de estos servicios pueden consultarse en las siguientes direcciones: <a href=\"https:\/\/developers.google.com\/analytics\/devguides\/collection\/analyticsjs\/cookie-usage\" target=\"_blank\" rel=\"noopener noreferrer\">https:\/\/developers.google.com\/analytics\/devguides\/collection\/analyticsjs\/cookie-usage<\/a><br \/>\n<strong>Cookies publicitarias<\/strong>: son aqu\u00e9llas que nos permiten gestionar, de la forma m\u00e1s eficaz posible, los espacios publicitarios de nuestro sitio web, en base a criterios como el contenido editado o la frecuencia con la que se muestran anuncios.<br \/>\n<strong>Cookies sociales<\/strong>: Son aqu\u00e9llas que los proveedores de servicios de redes sociales pueden instalar cuando el usuario selecciona compartir un determinado contenido de nuestro sitio web en la red social que operan. Las condiciones de estos servicios pueden consultarse en las siguientes direcciones:<br \/>\nFacebook: <a href=\"https:\/\/www.facebook.com\/about\/privacy\/cookies\" target=\"_blank\" rel=\"noopener noreferrer\">https:\/\/www.facebook.com\/about\/privacy\/cookies<\/a><br \/>\nTwitter: <a href=\"https:\/\/twitter.com\/privacy\" target=\"_blank\" rel=\"noopener noreferrer\">https:\/\/twitter.com\/privacy<\/a><br \/>\nGoogle Plus\/YouTube: <a href=\"http:\/\/www.google.es\/intl\/es\/policies\/technologies\/types\" target=\"_blank\" rel=\"noopener noreferrer\">http:\/\/www.google.es\/intl\/es\/policies\/technologies\/types<\/a><br \/>\nLas cookies que utiliza JOSEP CRESPI, CORREDORIA D\u2019ASSEGURANCES, S.L. son an\u00f3nimas y no proporcionan referencias que permitan deducir datos personales del usuario. Para conocer nuestra pol\u00edtica de protecci\u00f3n de datos de car\u00e1cter personal consulta nuestra Pol\u00edtica de Privacidad.<\/p>\n<h3>Gesti\u00f3n de Cookies<\/h3>\n<p>La instalaci\u00f3n de las cookies se producir\u00e1 tras obtener el consentimiento de los usuarios. Consideramos que hemos obtenido dicho consentimiento si el usuario navega por nuestro sitio web, o si realiza determinadas acciones que implican la autorizaci\u00f3n expresa de la instalaci\u00f3n de las cookies (p.ej. al registrarse como usuario ).<\/p>\n<p>Si el usuario desea revocar el consentimiento prestado deber\u00e1 eliminar las cookies instaladas y, en su caso, modificar sus preferencias sobre la aceptaci\u00f3n de cookies a trav\u00e9s de las opciones de su navegador. Para evitar que se instalen en el futuro deber\u00e1 activar las opciones de Navegaci\u00f3n Privada o \u201cDo-Not-Track\u201d previstas en su navegador, es decir, bloquear o desactivar la instalaci\u00f3n de cookies.<\/p>\n<p>Para permitir, bloquear o eliminar las cookies instaladas en tu equipo o dispositivo mediante la configuraci\u00f3n de las opciones del navegador instalado en el mismo, debes seguir las instrucciones proporcionadas por el propio navegador. A continuaci\u00f3n te proporcionamos los enlaces para configurar las cookies de los navegadores m\u00e1s populares:<\/p>\n<p>Internet Explorer: <a href=\"http:\/\/windows.microsoft.com\/es-xl\/internet-explorer\/delete-manage-cookies#ie=ie-10\" target=\"_blank\" rel=\"noopener noreferrer\">Eliminar y administrar cookies<\/a><br \/>\nMozilla Firefox: <a href=\"https:\/\/support.mozilla.org\/es\/kb\/Borrar%20cookies\" target=\"_blank\" rel=\"noopener noreferrer\">Borrar Cookies<\/a>;<a href=\"https:\/\/support.mozilla.org\/es\/kb\/impedir-que-los-sitios-web-guarden-sus-preferencia\" target=\"_blank\" rel=\"noopener noreferrer\"> Impedir que los sitios web guarden sus preferencias o estados de sesi\u00f3n en Firefox<\/a><br \/>\nGoogle Chrome: <a href=\"https:\/\/support.google.com\/chrome\/answer\/95647?hl=es\" target=\"_blank\" rel=\"noopener noreferrer\">C\u00f3mo administrar cookies y datos de sitios<\/a><br \/>\nOpera: <a href=\"http:\/\/help.opera.com\/Windows\/11.50\/es-ES\/cookies.html\" target=\"_blank\" rel=\"noopener noreferrer\">cookies<\/a><br \/>\nSafari: <a href=\"http:\/\/support.apple.com\/kb\/HT1677?viewlocale=es_ES&amp;locale=es_ES\" target=\"_blank\" rel=\"noopener noreferrer\">Ajustes web de Safari<\/a><br \/>\nSi utilizas cualquier otro navegador, o los enlaces proporcionados no contienen la informaci\u00f3n que deseas, puedes localizar c\u00f3mo gestionar las cookies que se instalan en tu equipo accediendo al men\u00fa \u201cOpciones\u201d o \u201cConfiguraci\u00f3n\u201d \u2013o equivalente- del navegador, o bien consultando la secci\u00f3n de \u201cAyuda\u201d o \u201cSoporte\u201d del propio navegador.<\/p>\n<p>Hay navegadores que permiten configurar reglas espec\u00edficas \u2013excepciones- para administrar las cookies por sitio web, de forma que pueden inhabilitarse las cookies de todos los sitios salvo de aquellos en los que se conf\u00ede.<\/p>\n<p>En caso de bloquear o desactivar el uso de \u2018cookies\u2019 en tu navegador es posible que algunos servicios o funcionalidades de la p\u00e1gina web no est\u00e9n disponibles.<\/p>\n<p>Recuerda que debes configurar tus preferencias en todos los dispositivos que utilices para navegar por internet.<\/p>\n<\/div>\n<\/article>\n<\/div>\n<\/div>\n<\/div>\n<\/div>\n<footer id=\"colophon\"><\/footer>\n","protected":false},"excerpt":{"rendered":"<p>La presente Pol\u00edtica de Cookies pretende proporcionar la informaci\u00f3n necesaria para que cualquier usuario del sitio web pueda decidir si desea permitir la instalaci\u00f3n de las cookies utilizadas por nuestra pagina web y c\u00f3mo gestionarlas. Por ello, proporcionamos una serie de nociones b\u00e1sicas cuyo conocimiento consideramos esencial (qu\u00e9 son las cookies y para qu\u00e9 pueden [&hellip;]<\/p>\n","protected":false},"author":1,"featured_media":0,"parent":0,"menu_order":0,"comment_status":"closed","ping_status":"closed","template":"","meta":{"site-sidebar-layout":"default","site-content-layout":"default","ast-site-content-layout":"default","site-content-style":"default","site-sidebar-style":"default","ast-global-header-display":"","ast-banner-title-visibility":"","ast-main-header-display":"","ast-hfb-above-header-display":"","ast-hfb-below-header-display":"","ast-hfb-mobile-header-display":"","site-post-title":"","ast-breadcrumbs-content":"","ast-featured-img":"","footer-sml-layout":"","ast-disable-related-posts":"","theme-transparent-header-meta":"","adv-header-id-meta":"1412","stick-header-meta":"","header-above-stick-meta":"","header-main-stick-meta":"","header-below-stick-meta":"","astra-migrate-meta-layouts":"default","ast-page-background-enabled":"default","ast-page-background-meta":{"desktop":{"background-color":"","background-image":"","background-repeat":"repeat","background-position":"center center","background-size":"auto","background-attachment":"scroll","background-type":"","background-media":"","overlay-type":"","overlay-color":"","overlay-opacity":"","overlay-gradient":""},"tablet":{"background-color":"","background-image":"","background-repeat":"repeat","background-position":"center center","background-size":"auto","background-attachment":"scroll","background-type":"","background-media":"","overlay-type":"","overlay-color":"","overlay-opacity":"","overlay-gradient":""},"mobile":{"background-color":"","background-image":"","background-repeat":"repeat","background-position":"center center","background-size":"auto","background-attachment":"scroll","background-type":"","background-media":"","overlay-type":"","overlay-color":"","overlay-opacity":"","overlay-gradient":""}},"ast-content-background-meta":{"desktop":{"background-color":"var(--ast-global-color-5)","background-image":"","background-repeat":"repeat","background-position":"center center","background-size":"auto","background-attachment":"scroll","background-type":"","background-media":"","overlay-type":"","overlay-color":"","overlay-opacity":"","overlay-gradient":""},"tablet":{"background-color":"var(--ast-global-color-5)","background-image":"","background-repeat":"repeat","background-position":"center center","background-size":"auto","background-attachment":"scroll","background-type":"","background-media":"","overlay-type":"","overlay-color":"","overlay-opacity":"","overlay-gradient":""},"mobile":{"background-color":"var(--ast-global-color-5)","background-image":"","background-repeat":"repeat","background-position":"center center","background-size":"auto","background-attachment":"scroll","background-type":"","background-media":"","overlay-type":"","overlay-color":"","overlay-opacity":"","overlay-gradient":""}},"_joinchat":[],"footnotes":""},"class_list":["post-3786","page","type-page","status-publish","hentry"],"yoast_head":"<!-- This site is optimized with the Yoast SEO plugin v27.6 - https:\/\/yoast.com\/product\/yoast-seo-wordpress\/ -->\n<title>Pol\u00edtica de Cookies -  | Crespi Corredur\u00eda de Seguros<\/title>\n<meta name=\"robots\" content=\"index, follow, max-snippet:-1, max-image-preview:large, max-video-preview:-1\" \/>\n<link rel=\"canonical\" href=\"https:\/\/www.crespicorredoria.com\/ca\/politica-de-cookies\/\" \/>\n<meta property=\"og:locale\" content=\"ca_ES\" \/>\n<meta property=\"og:type\" content=\"article\" \/>\n<meta property=\"og:title\" content=\"Pol\u00edtica de Cookies -  | Crespi Corredur\u00eda de Seguros\" \/>\n<meta property=\"og:description\" content=\"La presente Pol\u00edtica de Cookies pretende proporcionar la informaci\u00f3n necesaria para que cualquier usuario del sitio web pueda decidir si desea permitir la instalaci\u00f3n de las cookies utilizadas por nuestra pagina web y c\u00f3mo gestionarlas. Por ello, proporcionamos una serie de nociones b\u00e1sicas cuyo conocimiento consideramos esencial (qu\u00e9 son las cookies y para qu\u00e9 pueden [&hellip;]\" \/>\n<meta property=\"og:url\" content=\"https:\/\/www.crespicorredoria.com\/ca\/politica-de-cookies\/\" \/>\n<meta property=\"og:site_name\" content=\"Crespi Corredur\u00eda de Seguros\" \/>\n<meta property=\"article:publisher\" content=\"https:\/\/www.facebook.com\/crespiassegurances\" \/>\n<meta name=\"twitter:card\" content=\"summary_large_image\" \/>\n<meta name=\"twitter:site\" content=\"@crespicorredors\" \/>\n<meta name=\"twitter:label1\" content=\"Temps estimat de lectura\" \/>\n\t<meta name=\"twitter:data1\" content=\"5 minuts\" \/>\n<script type=\"application\/ld+json\" class=\"yoast-schema-graph\">{\"@context\":\"https:\\\/\\\/schema.org\",\"@graph\":[{\"@type\":\"WebPage\",\"@id\":\"https:\\\/\\\/www.crespicorredoria.com\\\/ca\\\/politica-de-cookies\\\/\",\"url\":\"https:\\\/\\\/www.crespicorredoria.com\\\/ca\\\/politica-de-cookies\\\/\",\"name\":\"Pol\u00edtica de Cookies - | Crespi Corredur\u00eda de Seguros\",\"isPartOf\":{\"@id\":\"https:\\\/\\\/www.crespicorredoria.com\\\/ca\\\/#website\"},\"datePublished\":\"2020-04-21T06:53:20+00:00\",\"breadcrumb\":{\"@id\":\"https:\\\/\\\/www.crespicorredoria.com\\\/ca\\\/politica-de-cookies\\\/#breadcrumb\"},\"inLanguage\":\"ca\",\"potentialAction\":[{\"@type\":\"ReadAction\",\"target\":[\"https:\\\/\\\/www.crespicorredoria.com\\\/ca\\\/politica-de-cookies\\\/\"]}]},{\"@type\":\"BreadcrumbList\",\"@id\":\"https:\\\/\\\/www.crespicorredoria.com\\\/ca\\\/politica-de-cookies\\\/#breadcrumb\",\"itemListElement\":[{\"@type\":\"ListItem\",\"position\":1,\"name\":\"Portada\",\"item\":\"https:\\\/\\\/www.crespicorredoria.com\\\/ca\\\/\"},{\"@type\":\"ListItem\",\"position\":2,\"name\":\"Pol\u00edtica de Cookies\"}]},{\"@type\":\"WebSite\",\"@id\":\"https:\\\/\\\/www.crespicorredoria.com\\\/ca\\\/#website\",\"url\":\"https:\\\/\\\/www.crespicorredoria.com\\\/ca\\\/\",\"name\":\"Crespi Corredur\u00eda de Seguros\",\"description\":\"\",\"publisher\":{\"@id\":\"https:\\\/\\\/www.crespicorredoria.com\\\/ca\\\/#organization\"},\"potentialAction\":[{\"@type\":\"SearchAction\",\"target\":{\"@type\":\"EntryPoint\",\"urlTemplate\":\"https:\\\/\\\/www.crespicorredoria.com\\\/ca\\\/?s={search_term_string}\"},\"query-input\":{\"@type\":\"PropertyValueSpecification\",\"valueRequired\":true,\"valueName\":\"search_term_string\"}}],\"inLanguage\":\"ca\"},{\"@type\":\"Organization\",\"@id\":\"https:\\\/\\\/www.crespicorredoria.com\\\/ca\\\/#organization\",\"name\":\"Crespi Corredor\u00eda de Seguros S.L.\",\"url\":\"https:\\\/\\\/www.crespicorredoria.com\\\/ca\\\/\",\"logo\":{\"@type\":\"ImageObject\",\"inLanguage\":\"ca\",\"@id\":\"https:\\\/\\\/www.crespicorredoria.com\\\/ca\\\/#\\\/schema\\\/logo\\\/image\\\/\",\"url\":\"https:\\\/\\\/www.crespicorredoria.com\\\/wp-content\\\/uploads\\\/2020\\\/01\\\/crespi-footer-2.png\",\"contentUrl\":\"https:\\\/\\\/www.crespicorredoria.com\\\/wp-content\\\/uploads\\\/2020\\\/01\\\/crespi-footer-2.png\",\"width\":300,\"height\":122,\"caption\":\"Crespi Corredor\u00eda de Seguros S.L.\"},\"image\":{\"@id\":\"https:\\\/\\\/www.crespicorredoria.com\\\/ca\\\/#\\\/schema\\\/logo\\\/image\\\/\"},\"sameAs\":[\"https:\\\/\\\/www.facebook.com\\\/crespiassegurances\",\"https:\\\/\\\/x.com\\\/crespicorredors\",\"https:\\\/\\\/www.instagram.com\\\/crespi_assegurances\\\/\",\"https:\\\/\\\/es.linkedin.com\\\/in\\\/roger-crespi-7b3951b1\"]}]}<\/script>\n<!-- \/ Yoast SEO plugin. -->","yoast_head_json":{"title":"Pol\u00edtica de Cookies -  | Crespi Corredur\u00eda de Seguros","robots":{"index":"index","follow":"follow","max-snippet":"max-snippet:-1","max-image-preview":"max-image-preview:large","max-video-preview":"max-video-preview:-1"},"canonical":"https:\/\/www.crespicorredoria.com\/ca\/politica-de-cookies\/","og_locale":"ca_ES","og_type":"article","og_title":"Pol\u00edtica de Cookies -  | Crespi Corredur\u00eda de Seguros","og_description":"La presente Pol\u00edtica de Cookies pretende proporcionar la informaci\u00f3n necesaria para que cualquier usuario del sitio web pueda decidir si desea permitir la instalaci\u00f3n de las cookies utilizadas por nuestra pagina web y c\u00f3mo gestionarlas. Por ello, proporcionamos una serie de nociones b\u00e1sicas cuyo conocimiento consideramos esencial (qu\u00e9 son las cookies y para qu\u00e9 pueden [&hellip;]","og_url":"https:\/\/www.crespicorredoria.com\/ca\/politica-de-cookies\/","og_site_name":"Crespi Corredur\u00eda de Seguros","article_publisher":"https:\/\/www.facebook.com\/crespiassegurances","twitter_card":"summary_large_image","twitter_site":"@crespicorredors","twitter_misc":{"Temps estimat de lectura":"5 minuts"},"schema":{"@context":"https:\/\/schema.org","@graph":[{"@type":"WebPage","@id":"https:\/\/www.crespicorredoria.com\/ca\/politica-de-cookies\/","url":"https:\/\/www.crespicorredoria.com\/ca\/politica-de-cookies\/","name":"Pol\u00edtica de Cookies - | Crespi Corredur\u00eda de Seguros","isPartOf":{"@id":"https:\/\/www.crespicorredoria.com\/ca\/#website"},"datePublished":"2020-04-21T06:53:20+00:00","breadcrumb":{"@id":"https:\/\/www.crespicorredoria.com\/ca\/politica-de-cookies\/#breadcrumb"},"inLanguage":"ca","potentialAction":[{"@type":"ReadAction","target":["https:\/\/www.crespicorredoria.com\/ca\/politica-de-cookies\/"]}]},{"@type":"BreadcrumbList","@id":"https:\/\/www.crespicorredoria.com\/ca\/politica-de-cookies\/#breadcrumb","itemListElement":[{"@type":"ListItem","position":1,"name":"Portada","item":"https:\/\/www.crespicorredoria.com\/ca\/"},{"@type":"ListItem","position":2,"name":"Pol\u00edtica de Cookies"}]},{"@type":"WebSite","@id":"https:\/\/www.crespicorredoria.com\/ca\/#website","url":"https:\/\/www.crespicorredoria.com\/ca\/","name":"Crespi Corredur\u00eda de Seguros","description":"","publisher":{"@id":"https:\/\/www.crespicorredoria.com\/ca\/#organization"},"potentialAction":[{"@type":"SearchAction","target":{"@type":"EntryPoint","urlTemplate":"https:\/\/www.crespicorredoria.com\/ca\/?s={search_term_string}"},"query-input":{"@type":"PropertyValueSpecification","valueRequired":true,"valueName":"search_term_string"}}],"inLanguage":"ca"},{"@type":"Organization","@id":"https:\/\/www.crespicorredoria.com\/ca\/#organization","name":"Crespi Corredor\u00eda de Seguros S.L.","url":"https:\/\/www.crespicorredoria.com\/ca\/","logo":{"@type":"ImageObject","inLanguage":"ca","@id":"https:\/\/www.crespicorredoria.com\/ca\/#\/schema\/logo\/image\/","url":"https:\/\/www.crespicorredoria.com\/wp-content\/uploads\/2020\/01\/crespi-footer-2.png","contentUrl":"https:\/\/www.crespicorredoria.com\/wp-content\/uploads\/2020\/01\/crespi-footer-2.png","width":300,"height":122,"caption":"Crespi Corredor\u00eda de Seguros S.L."},"image":{"@id":"https:\/\/www.crespicorredoria.com\/ca\/#\/schema\/logo\/image\/"},"sameAs":["https:\/\/www.facebook.com\/crespiassegurances","https:\/\/x.com\/crespicorredors","https:\/\/www.instagram.com\/crespi_assegurances\/","https:\/\/es.linkedin.com\/in\/roger-crespi-7b3951b1"]}]}},"_links":{"self":[{"href":"https:\/\/www.crespicorredoria.com\/ca\/wp-json\/wp\/v2\/pages\/3786","targetHints":{"allow":["GET"]}}],"collection":[{"href":"https:\/\/www.crespicorredoria.com\/ca\/wp-json\/wp\/v2\/pages"}],"about":[{"href":"https:\/\/www.crespicorredoria.com\/ca\/wp-json\/wp\/v2\/types\/page"}],"author":[{"embeddable":true,"href":"https:\/\/www.crespicorredoria.com\/ca\/wp-json\/wp\/v2\/users\/1"}],"replies":[{"embeddable":true,"href":"https:\/\/www.crespicorredoria.com\/ca\/wp-json\/wp\/v2\/comments?post=3786"}],"version-history":[{"count":0,"href":"https:\/\/www.crespicorredoria.com\/ca\/wp-json\/wp\/v2\/pages\/3786\/revisions"}],"wp:attachment":[{"href":"https:\/\/www.crespicorredoria.com\/ca\/wp-json\/wp\/v2\/media?parent=3786"}],"curies":[{"name":"wp","href":"https:\/\/api.w.org\/{rel}","templated":true}]}}