{"id":3811,"date":"2020-04-22T09:37:48","date_gmt":"2020-04-22T07:37:48","guid":{"rendered":"https:\/\/www.crespicorredoria.com\/gerencia-de-riscos\/"},"modified":"2020-05-12T18:34:29","modified_gmt":"2020-05-12T16:34:29","slug":"gerencia-de-riscos","status":"publish","type":"page","link":"https:\/\/www.crespicorredoria.com\/ca\/gerencia-de-riscos\/","title":{"rendered":"Ger\u00e8ncia de riscos"},"content":{"rendered":"\t\t<div data-elementor-type=\"wp-page\" data-elementor-id=\"3811\" class=\"elementor elementor-3811 elementor-3617\" data-elementor-post-type=\"page\">\n\t\t\t\t\t\t<section class=\"elementor-section elementor-top-section elementor-element elementor-element-40eb8a5 elementor-section-boxed elementor-section-height-default elementor-section-height-default\" data-id=\"40eb8a5\" data-element_type=\"section\" data-e-type=\"section\">\n\t\t\t\t\t\t<div class=\"elementor-container elementor-column-gap-default\">\n\t\t\t\t\t<div class=\"elementor-column elementor-col-100 elementor-top-column elementor-element elementor-element-8f21f57\" data-id=\"8f21f57\" data-element_type=\"column\" data-e-type=\"column\">\n\t\t\t<div class=\"elementor-widget-wrap elementor-element-populated\">\n\t\t\t\t\t\t<div class=\"elementor-element elementor-element-fbe57db elementor-widget elementor-widget-text-editor\" data-id=\"fbe57db\" data-element_type=\"widget\" data-e-type=\"widget\" data-widget_type=\"text-editor.default\">\n\t\t\t\t<div class=\"elementor-widget-container\">\n\t\t\t\t\t\t\t\t\t<p>L\u2019asseguran\u00e7a protegeix de <strong>p\u00e8rdues que poden representar una amena\u00e7a significativa per el teu negoci<\/strong>. Una p\u00e8rdua important per una organitzaci\u00f3 pot ser una p\u00e8rdua trivial per una altra. Al seleccionar la cobertura, les franqu\u00edcies i els l\u00edmits de la p\u00f2lissa, hi ha molts factors que s\u2019han de considerar. La millor manera de tenir-ho ordenat \u00e9s mitjan\u00e7ant la <strong>creaci\u00f3 del mapa de riscos de la organitzaci\u00f3<\/strong>, que identifica quines circumst\u00e0ncies poden ocasionar aquests riscos.<\/p>\n<p>La protecci\u00f3 adequada i la <strong>valoraci\u00f3 dels recursos materials, immaterials, humans i financers<\/strong> \u00e9s una de les tasques d\u2019obligat compliment per tot tipus d\u2019empreses.<\/p>\n\t\t\t\t\t\t\t\t<\/div>\n\t\t\t\t<\/div>\n\t\t\t\t\t<\/div>\n\t\t<\/div>\n\t\t\t\t\t<\/div>\n\t\t<\/section>\n\t\t\t\t<section class=\"elementor-section elementor-top-section elementor-element elementor-element-976e4f1 elementor-section-boxed elementor-section-height-default elementor-section-height-default\" data-id=\"976e4f1\" data-element_type=\"section\" data-e-type=\"section\">\n\t\t\t\t\t\t<div class=\"elementor-container elementor-column-gap-default\">\n\t\t\t\t\t<div class=\"elementor-column elementor-col-100 elementor-top-column elementor-element elementor-element-4901de3\" data-id=\"4901de3\" data-element_type=\"column\" data-e-type=\"column\">\n\t\t\t<div class=\"elementor-widget-wrap elementor-element-populated\">\n\t\t\t\t\t\t<div class=\"elementor-element elementor-element-24a31d5 elementor-widget elementor-widget-heading\" data-id=\"24a31d5\" data-element_type=\"widget\" data-e-type=\"widget\" data-widget_type=\"heading.default\">\n\t\t\t\t<div class=\"elementor-widget-container\">\n\t\t\t\t\t<h2 class=\"elementor-heading-title elementor-size-default\">Beneficis de la Gesti\u00f3 de Riscos<\/h2>\t\t\t\t<\/div>\n\t\t\t\t<\/div>\n\t\t\t\t<div class=\"elementor-element elementor-element-8f84d38 elementor-icon-list--layout-traditional elementor-list-item-link-full_width elementor-invisible elementor-widget elementor-widget-icon-list\" data-id=\"8f84d38\" data-element_type=\"widget\" data-e-type=\"widget\" data-settings=\"{&quot;motion_fx_motion_fx_scrolling&quot;:&quot;yes&quot;,&quot;_animation&quot;:&quot;fadeInLeft&quot;,&quot;motion_fx_devices&quot;:[&quot;desktop&quot;,&quot;laptop&quot;,&quot;tablet&quot;,&quot;mobile&quot;]}\" data-widget_type=\"icon-list.default\">\n\t\t\t\t<div class=\"elementor-widget-container\">\n\t\t\t\t\t\t\t<ul class=\"elementor-icon-list-items\">\n\t\t\t\t\t\t\t<li class=\"elementor-icon-list-item\">\n\t\t\t\t\t\t\t\t\t\t\t<span class=\"elementor-icon-list-icon\">\n\t\t\t\t\t\t\t<i aria-hidden=\"true\" class=\"fas fa-arrow-right\"><\/i>\t\t\t\t\t\t<\/span>\n\t\t\t\t\t\t\t\t\t\t<span class=\"elementor-icon-list-text\">Disminuir dr\u00e0sticament la incertesa<\/span>\n\t\t\t\t\t\t\t\t\t<\/li>\n\t\t\t\t\t\t\t\t<li class=\"elementor-icon-list-item\">\n\t\t\t\t\t\t\t\t\t\t\t<span class=\"elementor-icon-list-icon\">\n\t\t\t\t\t\t\t<i aria-hidden=\"true\" class=\"fas fa-arrow-right\"><\/i>\t\t\t\t\t\t<\/span>\n\t\t\t\t\t\t\t\t\t\t<span class=\"elementor-icon-list-text\">Possibilitat d\u2019evitar situacions que podrien causar p\u00e8rdues inesperades i no planificades<\/span>\n\t\t\t\t\t\t\t\t\t<\/li>\n\t\t\t\t\t\t\t\t<li class=\"elementor-icon-list-item\">\n\t\t\t\t\t\t\t\t\t\t\t<span class=\"elementor-icon-list-icon\">\n\t\t\t\t\t\t\t<i aria-hidden=\"true\" class=\"fas fa-arrow-right\"><\/i>\t\t\t\t\t\t<\/span>\n\t\t\t\t\t\t\t\t\t\t<span class=\"elementor-icon-list-text\">Increment de la productivitat al reduir-se els sinistres<\/span>\n\t\t\t\t\t\t\t\t\t<\/li>\n\t\t\t\t\t\t\t\t<li class=\"elementor-icon-list-item\">\n\t\t\t\t\t\t\t\t\t\t\t<span class=\"elementor-icon-list-icon\">\n\t\t\t\t\t\t\t<i aria-hidden=\"true\" class=\"fas fa-arrow-right\"><\/i>\t\t\t\t\t\t<\/span>\n\t\t\t\t\t\t\t\t\t\t<span class=\"elementor-icon-list-text\">Recuperaci\u00f3 r\u00e0pida i efica\u00e7 en cas de sinistre<\/span>\n\t\t\t\t\t\t\t\t\t<\/li>\n\t\t\t\t\t\t\t\t<li class=\"elementor-icon-list-item\">\n\t\t\t\t\t\t\t\t\t\t\t<span class=\"elementor-icon-list-icon\">\n\t\t\t\t\t\t\t<i aria-hidden=\"true\" class=\"fas fa-arrow-right\"><\/i>\t\t\t\t\t\t<\/span>\n\t\t\t\t\t\t\t\t\t\t<span class=\"elementor-icon-list-text\">Compliment de la normativa<\/span>\n\t\t\t\t\t\t\t\t\t<\/li>\n\t\t\t\t\t\t<\/ul>\n\t\t\t\t\t\t<\/div>\n\t\t\t\t<\/div>\n\t\t\t\t<div class=\"elementor-element elementor-element-a11e010 elementor-widget elementor-widget-image\" data-id=\"a11e010\" data-element_type=\"widget\" data-e-type=\"widget\" data-widget_type=\"image.default\">\n\t\t\t\t<div class=\"elementor-widget-container\">\n\t\t\t\t\t\t\t\t\t\t\t\t<figure class=\"wp-caption\">\n\t\t\t\t\t\t\t\t\t\t<img fetchpriority=\"high\" decoding=\"async\" width=\"620\" height=\"406\" src=\"https:\/\/www.crespicorredoria.com\/wp-content\/uploads\/2020\/04\/gestion-de-riesgos.jpg\" class=\"attachment-full size-full wp-image-3627\" alt=\"\" srcset=\"https:\/\/www.crespicorredoria.com\/wp-content\/uploads\/2020\/04\/gestion-de-riesgos.jpg 620w, https:\/\/www.crespicorredoria.com\/wp-content\/uploads\/2020\/04\/gestion-de-riesgos-300x196.jpg 300w\" sizes=\"(max-width: 620px) 100vw, 620px\" \/>\t\t\t\t\t\t\t\t\t\t\t<figcaption class=\"widget-image-caption wp-caption-text\">Font: Amkiberica<\/figcaption>\n\t\t\t\t\t\t\t\t\t\t<\/figure>\n\t\t\t\t\t\t\t\t\t<\/div>\n\t\t\t\t<\/div>\n\t\t\t\t<div class=\"elementor-element elementor-element-5b52ec5 elementor-widget elementor-widget-text-editor\" data-id=\"5b52ec5\" data-element_type=\"widget\" data-e-type=\"widget\" data-widget_type=\"text-editor.default\">\n\t\t\t\t<div class=\"elementor-widget-container\">\n\t\t\t\t\t\t\t\t\t<p>A Crespi Corredoria d\u2019Assegurances, som <strong>especialistes en la identificaci\u00f3, avaluaci\u00f3 i tractament dels riscos de la teva empresa<\/strong> amb la finalitat de preservar els actius i el poder de generaci\u00f3 de beneficis, minimitzant l\u2019efecte financer de les p\u00e8rdues accidentals.<\/p>\n\t\t\t\t\t\t\t\t<\/div>\n\t\t\t\t<\/div>\n\t\t\t\t\t<\/div>\n\t\t<\/div>\n\t\t\t\t\t<\/div>\n\t\t<\/section>\n\t\t\t\t<section class=\"elementor-section elementor-top-section elementor-element elementor-element-1e400ef0 otras-cajas elementor-section-content-middle elementor-section-boxed elementor-section-height-default elementor-section-height-default\" data-id=\"1e400ef0\" data-element_type=\"section\" data-e-type=\"section\" data-settings=\"{&quot;background_background&quot;:&quot;classic&quot;}\">\n\t\t\t\t\t\t\t<div class=\"elementor-background-overlay\"><\/div>\n\t\t\t\t\t\t\t<div class=\"elementor-container elementor-column-gap-default\">\n\t\t\t\t\t<div class=\"elementor-column elementor-col-50 elementor-top-column elementor-element elementor-element-517532d\" data-id=\"517532d\" data-element_type=\"column\" data-e-type=\"column\">\n\t\t\t<div class=\"elementor-widget-wrap elementor-element-populated\">\n\t\t\t\t\t\t<div class=\"elementor-element elementor-element-7ba182d6 elementor-widget elementor-widget-heading\" data-id=\"7ba182d6\" data-element_type=\"widget\" data-e-type=\"widget\" data-widget_type=\"heading.default\">\n\t\t\t\t<div class=\"elementor-widget-container\">\n\t\t\t\t\t<h2 class=\"elementor-heading-title elementor-size-default\"><a href=\"https:\/\/www.crespicorredoria.com\/ca\/la-nostra-metodologia\/\">Enginyeria d\u2019Assegurances per la Empresa<\/a><\/h2>\t\t\t\t<\/div>\n\t\t\t\t<\/div>\n\t\t\t\t<div class=\"elementor-element elementor-element-6d7b9ca9 elementor-invisible elementor-widget elementor-widget-button\" data-id=\"6d7b9ca9\" data-element_type=\"widget\" data-e-type=\"widget\" data-settings=\"{&quot;_animation&quot;:&quot;fadeInUp&quot;}\" data-widget_type=\"button.default\">\n\t\t\t\t<div class=\"elementor-widget-container\">\n\t\t\t\t\t\t\t\t\t<div class=\"elementor-button-wrapper\">\n\t\t\t\t\t<a class=\"elementor-button elementor-button-link elementor-size-xl\" href=\"https:\/\/www.crespicorredoria.com\/wp-content\/uploads\/2020\/05\/Crespi-Corredoria-dassegurances-CA-cortada.pdf\" target=\"_blank\">\n\t\t\t\t\t\t<span class=\"elementor-button-content-wrapper\">\n\t\t\t\t\t\t<span class=\"elementor-button-icon\">\n\t\t\t\t<i aria-hidden=\"true\" class=\"fas fa-file-pdf\"><\/i>\t\t\t<\/span>\n\t\t\t\t\t\t\t\t\t<span class=\"elementor-button-text\">Presentaci\u00f3 Crespi Risk Management<\/span>\n\t\t\t\t\t<\/span>\n\t\t\t\t\t<\/a>\n\t\t\t\t<\/div>\n\t\t\t\t\t\t\t\t<\/div>\n\t\t\t\t<\/div>\n\t\t\t\t\t<\/div>\n\t\t<\/div>\n\t\t\t\t<div class=\"elementor-column elementor-col-50 elementor-top-column elementor-element elementor-element-10605a5\" data-id=\"10605a5\" data-element_type=\"column\" data-e-type=\"column\">\n\t\t\t<div class=\"elementor-widget-wrap elementor-element-populated\">\n\t\t\t\t\t\t<div class=\"elementor-element elementor-element-79f501ad elementor-invisible elementor-widget elementor-widget-image\" data-id=\"79f501ad\" data-element_type=\"widget\" data-e-type=\"widget\" data-settings=\"{&quot;_animation&quot;:&quot;fadeInRight&quot;}\" data-widget_type=\"image.default\">\n\t\t\t\t<div class=\"elementor-widget-container\">\n\t\t\t\t\t\t\t\t\t\t\t\t\t\t\t\t<a href=\"https:\/\/www.crespicorredoria.com\/wp-content\/uploads\/2020\/05\/Crespi-Corredoria-dassegurances-CA-cortada.pdf\" target=\"_blank\">\n\t\t\t\t\t\t\t<img decoding=\"async\" width=\"515\" height=\"395\" src=\"https:\/\/www.crespicorredoria.com\/wp-content\/uploads\/2020\/02\/boton_ingenieria_seguros.png\" class=\"attachment-full size-full wp-image-2693\" alt=\"\" srcset=\"https:\/\/www.crespicorredoria.com\/wp-content\/uploads\/2020\/02\/boton_ingenieria_seguros.png 515w, https:\/\/www.crespicorredoria.com\/wp-content\/uploads\/2020\/02\/boton_ingenieria_seguros-300x230.png 300w\" sizes=\"(max-width: 515px) 100vw, 515px\" \/>\t\t\t\t\t\t\t\t<\/a>\n\t\t\t\t\t\t\t\t\t\t\t\t\t\t\t<\/div>\n\t\t\t\t<\/div>\n\t\t\t\t\t<\/div>\n\t\t<\/div>\n\t\t\t\t\t<\/div>\n\t\t<\/section>\n\t\t\t\t<\/div>\n\t\t","protected":false},"excerpt":{"rendered":"<p>L\u2019asseguran\u00e7a protegeix de p\u00e8rdues que poden representar una amena\u00e7a significativa per el teu negoci. Una p\u00e8rdua important per una organitzaci\u00f3 pot ser una p\u00e8rdua trivial per una altra. Al seleccionar la cobertura, les franqu\u00edcies i els l\u00edmits de la p\u00f2lissa, hi ha molts factors que s\u2019han de considerar. La millor manera de tenir-ho ordenat \u00e9s [&hellip;]<\/p>\n","protected":false},"author":1,"featured_media":3623,"parent":0,"menu_order":0,"comment_status":"closed","ping_status":"closed","template":"","meta":{"site-sidebar-layout":"no-sidebar","site-content-layout":"page-builder","ast-site-content-layout":"default","site-content-style":"default","site-sidebar-style":"default","ast-global-header-display":"","ast-banner-title-visibility":"","ast-main-header-display":"","ast-hfb-above-header-display":"","ast-hfb-below-header-display":"","ast-hfb-mobile-header-display":"","site-post-title":"disabled","ast-breadcrumbs-content":"","ast-featured-img":"disabled","footer-sml-layout":"","ast-disable-related-posts":"","theme-transparent-header-meta":"","adv-header-id-meta":"1412","stick-header-meta":"","header-above-stick-meta":"","header-main-stick-meta":"","header-below-stick-meta":"","astra-migrate-meta-layouts":"default","ast-page-background-enabled":"default","ast-page-background-meta":{"desktop":{"background-color":"","background-image":"","background-repeat":"repeat","background-position":"center center","background-size":"auto","background-attachment":"scroll","background-type":"","background-media":"","overlay-type":"","overlay-color":"","overlay-opacity":"","overlay-gradient":""},"tablet":{"background-color":"","background-image":"","background-repeat":"repeat","background-position":"center center","background-size":"auto","background-attachment":"scroll","background-type":"","background-media":"","overlay-type":"","overlay-color":"","overlay-opacity":"","overlay-gradient":""},"mobile":{"background-color":"","background-image":"","background-repeat":"repeat","background-position":"center center","background-size":"auto","background-attachment":"scroll","background-type":"","background-media":"","overlay-type":"","overlay-color":"","overlay-opacity":"","overlay-gradient":""}},"ast-content-background-meta":{"desktop":{"background-color":"var(--ast-global-color-5)","background-image":"","background-repeat":"repeat","background-position":"center center","background-size":"auto","background-attachment":"scroll","background-type":"","background-media":"","overlay-type":"","overlay-color":"","overlay-opacity":"","overlay-gradient":""},"tablet":{"background-color":"var(--ast-global-color-5)","background-image":"","background-repeat":"repeat","background-position":"center center","background-size":"auto","background-attachment":"scroll","background-type":"","background-media":"","overlay-type":"","overlay-color":"","overlay-opacity":"","overlay-gradient":""},"mobile":{"background-color":"var(--ast-global-color-5)","background-image":"","background-repeat":"repeat","background-position":"center center","background-size":"auto","background-attachment":"scroll","background-type":"","background-media":"","overlay-type":"","overlay-color":"","overlay-opacity":"","overlay-gradient":""}},"_joinchat":[],"footnotes":""},"class_list":["post-3811","page","type-page","status-publish","has-post-thumbnail","hentry"],"yoast_head":"<!-- This site is optimized with the Yoast SEO plugin v27.6 - https:\/\/yoast.com\/product\/yoast-seo-wordpress\/ -->\n<title>Ger\u00e8ncia de riscos -  | Crespi Corredur\u00eda de Seguros<\/title>\n<meta name=\"robots\" content=\"index, follow, max-snippet:-1, max-image-preview:large, max-video-preview:-1\" \/>\n<link rel=\"canonical\" href=\"https:\/\/www.crespicorredoria.com\/ca\/gerencia-de-riscos\/\" \/>\n<meta property=\"og:locale\" content=\"ca_ES\" \/>\n<meta property=\"og:type\" content=\"article\" \/>\n<meta property=\"og:title\" content=\"Ger\u00e8ncia de riscos -  | Crespi Corredur\u00eda de Seguros\" \/>\n<meta property=\"og:description\" content=\"L\u2019asseguran\u00e7a protegeix de p\u00e8rdues que poden representar una amena\u00e7a significativa per el teu negoci. Una p\u00e8rdua important per una organitzaci\u00f3 pot ser una p\u00e8rdua trivial per una altra. Al seleccionar la cobertura, les franqu\u00edcies i els l\u00edmits de la p\u00f2lissa, hi ha molts factors que s\u2019han de considerar. La millor manera de tenir-ho ordenat \u00e9s [&hellip;]\" \/>\n<meta property=\"og:url\" content=\"https:\/\/www.crespicorredoria.com\/ca\/gerencia-de-riscos\/\" \/>\n<meta property=\"og:site_name\" content=\"Crespi Corredur\u00eda de Seguros\" \/>\n<meta property=\"article:publisher\" content=\"https:\/\/www.facebook.com\/crespiassegurances\" \/>\n<meta property=\"article:modified_time\" content=\"2020-05-12T16:34:29+00:00\" \/>\n<meta property=\"og:image\" content=\"https:\/\/www.crespicorredoria.com\/wp-content\/uploads\/2020\/04\/header-gerencia-riesgos.jpg\" \/>\n\t<meta property=\"og:image:width\" content=\"1920\" \/>\n\t<meta property=\"og:image:height\" content=\"600\" \/>\n\t<meta property=\"og:image:type\" content=\"image\/jpeg\" \/>\n<meta name=\"twitter:card\" content=\"summary_large_image\" \/>\n<meta name=\"twitter:site\" content=\"@crespicorredors\" \/>\n<meta name=\"twitter:label1\" content=\"Temps estimat de lectura\" \/>\n\t<meta name=\"twitter:data1\" content=\"1 minut\" \/>\n<script type=\"application\/ld+json\" class=\"yoast-schema-graph\">{\"@context\":\"https:\\\/\\\/schema.org\",\"@graph\":[{\"@type\":\"WebPage\",\"@id\":\"https:\\\/\\\/www.crespicorredoria.com\\\/ca\\\/gerencia-de-riscos\\\/\",\"url\":\"https:\\\/\\\/www.crespicorredoria.com\\\/ca\\\/gerencia-de-riscos\\\/\",\"name\":\"Ger\u00e8ncia de riscos - | Crespi Corredur\u00eda de Seguros\",\"isPartOf\":{\"@id\":\"https:\\\/\\\/www.crespicorredoria.com\\\/ca\\\/#website\"},\"primaryImageOfPage\":{\"@id\":\"https:\\\/\\\/www.crespicorredoria.com\\\/ca\\\/gerencia-de-riscos\\\/#primaryimage\"},\"image\":{\"@id\":\"https:\\\/\\\/www.crespicorredoria.com\\\/ca\\\/gerencia-de-riscos\\\/#primaryimage\"},\"thumbnailUrl\":\"https:\\\/\\\/www.crespicorredoria.com\\\/wp-content\\\/uploads\\\/2020\\\/04\\\/header-gerencia-riesgos.jpg\",\"datePublished\":\"2020-04-22T07:37:48+00:00\",\"dateModified\":\"2020-05-12T16:34:29+00:00\",\"breadcrumb\":{\"@id\":\"https:\\\/\\\/www.crespicorredoria.com\\\/ca\\\/gerencia-de-riscos\\\/#breadcrumb\"},\"inLanguage\":\"ca\",\"potentialAction\":[{\"@type\":\"ReadAction\",\"target\":[\"https:\\\/\\\/www.crespicorredoria.com\\\/ca\\\/gerencia-de-riscos\\\/\"]}]},{\"@type\":\"ImageObject\",\"inLanguage\":\"ca\",\"@id\":\"https:\\\/\\\/www.crespicorredoria.com\\\/ca\\\/gerencia-de-riscos\\\/#primaryimage\",\"url\":\"https:\\\/\\\/www.crespicorredoria.com\\\/wp-content\\\/uploads\\\/2020\\\/04\\\/header-gerencia-riesgos.jpg\",\"contentUrl\":\"https:\\\/\\\/www.crespicorredoria.com\\\/wp-content\\\/uploads\\\/2020\\\/04\\\/header-gerencia-riesgos.jpg\",\"width\":1920,\"height\":600},{\"@type\":\"BreadcrumbList\",\"@id\":\"https:\\\/\\\/www.crespicorredoria.com\\\/ca\\\/gerencia-de-riscos\\\/#breadcrumb\",\"itemListElement\":[{\"@type\":\"ListItem\",\"position\":1,\"name\":\"Portada\",\"item\":\"https:\\\/\\\/www.crespicorredoria.com\\\/ca\\\/\"},{\"@type\":\"ListItem\",\"position\":2,\"name\":\"Ger\u00e8ncia de riscos\"}]},{\"@type\":\"WebSite\",\"@id\":\"https:\\\/\\\/www.crespicorredoria.com\\\/ca\\\/#website\",\"url\":\"https:\\\/\\\/www.crespicorredoria.com\\\/ca\\\/\",\"name\":\"Crespi Corredur\u00eda de Seguros\",\"description\":\"\",\"publisher\":{\"@id\":\"https:\\\/\\\/www.crespicorredoria.com\\\/ca\\\/#organization\"},\"potentialAction\":[{\"@type\":\"SearchAction\",\"target\":{\"@type\":\"EntryPoint\",\"urlTemplate\":\"https:\\\/\\\/www.crespicorredoria.com\\\/ca\\\/?s={search_term_string}\"},\"query-input\":{\"@type\":\"PropertyValueSpecification\",\"valueRequired\":true,\"valueName\":\"search_term_string\"}}],\"inLanguage\":\"ca\"},{\"@type\":\"Organization\",\"@id\":\"https:\\\/\\\/www.crespicorredoria.com\\\/ca\\\/#organization\",\"name\":\"Crespi Corredor\u00eda de Seguros S.L.\",\"url\":\"https:\\\/\\\/www.crespicorredoria.com\\\/ca\\\/\",\"logo\":{\"@type\":\"ImageObject\",\"inLanguage\":\"ca\",\"@id\":\"https:\\\/\\\/www.crespicorredoria.com\\\/ca\\\/#\\\/schema\\\/logo\\\/image\\\/\",\"url\":\"https:\\\/\\\/www.crespicorredoria.com\\\/wp-content\\\/uploads\\\/2020\\\/01\\\/crespi-footer-2.png\",\"contentUrl\":\"https:\\\/\\\/www.crespicorredoria.com\\\/wp-content\\\/uploads\\\/2020\\\/01\\\/crespi-footer-2.png\",\"width\":300,\"height\":122,\"caption\":\"Crespi Corredor\u00eda de Seguros S.L.\"},\"image\":{\"@id\":\"https:\\\/\\\/www.crespicorredoria.com\\\/ca\\\/#\\\/schema\\\/logo\\\/image\\\/\"},\"sameAs\":[\"https:\\\/\\\/www.facebook.com\\\/crespiassegurances\",\"https:\\\/\\\/x.com\\\/crespicorredors\",\"https:\\\/\\\/www.instagram.com\\\/crespi_assegurances\\\/\",\"https:\\\/\\\/es.linkedin.com\\\/in\\\/roger-crespi-7b3951b1\"]}]}<\/script>\n<!-- \/ Yoast SEO plugin. -->","yoast_head_json":{"title":"Ger\u00e8ncia de riscos -  | Crespi Corredur\u00eda de Seguros","robots":{"index":"index","follow":"follow","max-snippet":"max-snippet:-1","max-image-preview":"max-image-preview:large","max-video-preview":"max-video-preview:-1"},"canonical":"https:\/\/www.crespicorredoria.com\/ca\/gerencia-de-riscos\/","og_locale":"ca_ES","og_type":"article","og_title":"Ger\u00e8ncia de riscos -  | Crespi Corredur\u00eda de Seguros","og_description":"L\u2019asseguran\u00e7a protegeix de p\u00e8rdues que poden representar una amena\u00e7a significativa per el teu negoci. Una p\u00e8rdua important per una organitzaci\u00f3 pot ser una p\u00e8rdua trivial per una altra. Al seleccionar la cobertura, les franqu\u00edcies i els l\u00edmits de la p\u00f2lissa, hi ha molts factors que s\u2019han de considerar. La millor manera de tenir-ho ordenat \u00e9s [&hellip;]","og_url":"https:\/\/www.crespicorredoria.com\/ca\/gerencia-de-riscos\/","og_site_name":"Crespi Corredur\u00eda de Seguros","article_publisher":"https:\/\/www.facebook.com\/crespiassegurances","article_modified_time":"2020-05-12T16:34:29+00:00","og_image":[{"width":1920,"height":600,"url":"https:\/\/www.crespicorredoria.com\/wp-content\/uploads\/2020\/04\/header-gerencia-riesgos.jpg","type":"image\/jpeg"}],"twitter_card":"summary_large_image","twitter_site":"@crespicorredors","twitter_misc":{"Temps estimat de lectura":"1 minut"},"schema":{"@context":"https:\/\/schema.org","@graph":[{"@type":"WebPage","@id":"https:\/\/www.crespicorredoria.com\/ca\/gerencia-de-riscos\/","url":"https:\/\/www.crespicorredoria.com\/ca\/gerencia-de-riscos\/","name":"Ger\u00e8ncia de riscos - | Crespi Corredur\u00eda de Seguros","isPartOf":{"@id":"https:\/\/www.crespicorredoria.com\/ca\/#website"},"primaryImageOfPage":{"@id":"https:\/\/www.crespicorredoria.com\/ca\/gerencia-de-riscos\/#primaryimage"},"image":{"@id":"https:\/\/www.crespicorredoria.com\/ca\/gerencia-de-riscos\/#primaryimage"},"thumbnailUrl":"https:\/\/www.crespicorredoria.com\/wp-content\/uploads\/2020\/04\/header-gerencia-riesgos.jpg","datePublished":"2020-04-22T07:37:48+00:00","dateModified":"2020-05-12T16:34:29+00:00","breadcrumb":{"@id":"https:\/\/www.crespicorredoria.com\/ca\/gerencia-de-riscos\/#breadcrumb"},"inLanguage":"ca","potentialAction":[{"@type":"ReadAction","target":["https:\/\/www.crespicorredoria.com\/ca\/gerencia-de-riscos\/"]}]},{"@type":"ImageObject","inLanguage":"ca","@id":"https:\/\/www.crespicorredoria.com\/ca\/gerencia-de-riscos\/#primaryimage","url":"https:\/\/www.crespicorredoria.com\/wp-content\/uploads\/2020\/04\/header-gerencia-riesgos.jpg","contentUrl":"https:\/\/www.crespicorredoria.com\/wp-content\/uploads\/2020\/04\/header-gerencia-riesgos.jpg","width":1920,"height":600},{"@type":"BreadcrumbList","@id":"https:\/\/www.crespicorredoria.com\/ca\/gerencia-de-riscos\/#breadcrumb","itemListElement":[{"@type":"ListItem","position":1,"name":"Portada","item":"https:\/\/www.crespicorredoria.com\/ca\/"},{"@type":"ListItem","position":2,"name":"Ger\u00e8ncia de riscos"}]},{"@type":"WebSite","@id":"https:\/\/www.crespicorredoria.com\/ca\/#website","url":"https:\/\/www.crespicorredoria.com\/ca\/","name":"Crespi Corredur\u00eda de Seguros","description":"","publisher":{"@id":"https:\/\/www.crespicorredoria.com\/ca\/#organization"},"potentialAction":[{"@type":"SearchAction","target":{"@type":"EntryPoint","urlTemplate":"https:\/\/www.crespicorredoria.com\/ca\/?s={search_term_string}"},"query-input":{"@type":"PropertyValueSpecification","valueRequired":true,"valueName":"search_term_string"}}],"inLanguage":"ca"},{"@type":"Organization","@id":"https:\/\/www.crespicorredoria.com\/ca\/#organization","name":"Crespi Corredor\u00eda de Seguros S.L.","url":"https:\/\/www.crespicorredoria.com\/ca\/","logo":{"@type":"ImageObject","inLanguage":"ca","@id":"https:\/\/www.crespicorredoria.com\/ca\/#\/schema\/logo\/image\/","url":"https:\/\/www.crespicorredoria.com\/wp-content\/uploads\/2020\/01\/crespi-footer-2.png","contentUrl":"https:\/\/www.crespicorredoria.com\/wp-content\/uploads\/2020\/01\/crespi-footer-2.png","width":300,"height":122,"caption":"Crespi Corredor\u00eda de Seguros S.L."},"image":{"@id":"https:\/\/www.crespicorredoria.com\/ca\/#\/schema\/logo\/image\/"},"sameAs":["https:\/\/www.facebook.com\/crespiassegurances","https:\/\/x.com\/crespicorredors","https:\/\/www.instagram.com\/crespi_assegurances\/","https:\/\/es.linkedin.com\/in\/roger-crespi-7b3951b1"]}]}},"_links":{"self":[{"href":"https:\/\/www.crespicorredoria.com\/ca\/wp-json\/wp\/v2\/pages\/3811","targetHints":{"allow":["GET"]}}],"collection":[{"href":"https:\/\/www.crespicorredoria.com\/ca\/wp-json\/wp\/v2\/pages"}],"about":[{"href":"https:\/\/www.crespicorredoria.com\/ca\/wp-json\/wp\/v2\/types\/page"}],"author":[{"embeddable":true,"href":"https:\/\/www.crespicorredoria.com\/ca\/wp-json\/wp\/v2\/users\/1"}],"replies":[{"embeddable":true,"href":"https:\/\/www.crespicorredoria.com\/ca\/wp-json\/wp\/v2\/comments?post=3811"}],"version-history":[{"count":0,"href":"https:\/\/www.crespicorredoria.com\/ca\/wp-json\/wp\/v2\/pages\/3811\/revisions"}],"wp:featuredmedia":[{"embeddable":true,"href":"https:\/\/www.crespicorredoria.com\/ca\/wp-json\/wp\/v2\/media\/3623"}],"wp:attachment":[{"href":"https:\/\/www.crespicorredoria.com\/ca\/wp-json\/wp\/v2\/media?parent=3811"}],"curies":[{"name":"wp","href":"https:\/\/api.w.org\/{rel}","templated":true}]}}