{"id":3874,"date":"2020-04-24T11:15:32","date_gmt":"2020-04-24T09:15:32","guid":{"rendered":"https:\/\/www.crespicorredoria.com\/particulars\/asseguranca-estalvi\/"},"modified":"2020-04-24T11:15:34","modified_gmt":"2020-04-24T09:15:34","slug":"asseguranca-estalvi","status":"publish","type":"page","link":"https:\/\/www.crespicorredoria.com\/ca\/particulars\/asseguranca-estalvi\/","title":{"rendered":"Asseguran\u00e7a Estalvi"},"content":{"rendered":"\t\t<div data-elementor-type=\"wp-page\" data-elementor-id=\"3874\" class=\"elementor elementor-3874 elementor-2868\" data-elementor-post-type=\"page\">\n\t\t\t\t\t\t<section class=\"elementor-section elementor-top-section elementor-element elementor-element-7d291759 elementor-section-boxed elementor-section-height-default elementor-section-height-default\" data-id=\"7d291759\" data-element_type=\"section\" data-e-type=\"section\">\n\t\t\t\t\t\t<div class=\"elementor-container elementor-column-gap-default\">\n\t\t\t\t\t<div class=\"elementor-column elementor-col-100 elementor-top-column elementor-element elementor-element-4f841bf4\" data-id=\"4f841bf4\" data-element_type=\"column\" data-e-type=\"column\">\n\t\t\t<div class=\"elementor-widget-wrap elementor-element-populated\">\n\t\t\t\t\t\t<div class=\"elementor-element elementor-element-b5adf1b elementor-widget elementor-widget-heading\" data-id=\"b5adf1b\" data-element_type=\"widget\" data-e-type=\"widget\" data-widget_type=\"heading.default\">\n\t\t\t\t<div class=\"elementor-widget-container\">\n\t\t\t\t\t<h3 class=\"elementor-heading-title elementor-size-default\">Vehicles a la teva disposici\u00f3 per a fer que els teus diners creixin amb el temps<\/h3>\t\t\t\t<\/div>\n\t\t\t\t<\/div>\n\t\t\t\t\t<\/div>\n\t\t<\/div>\n\t\t\t\t\t<\/div>\n\t\t<\/section>\n\t\t\t\t<section class=\"elementor-section elementor-top-section elementor-element elementor-element-57f22519 elementor-section-boxed elementor-section-height-default elementor-section-height-default\" data-id=\"57f22519\" data-element_type=\"section\" data-e-type=\"section\">\n\t\t\t\t\t\t<div class=\"elementor-container elementor-column-gap-no\">\n\t\t\t\t\t<div class=\"elementor-column elementor-col-100 elementor-top-column elementor-element elementor-element-108fd135\" data-id=\"108fd135\" data-element_type=\"column\" data-e-type=\"column\">\n\t\t\t<div class=\"elementor-widget-wrap elementor-element-populated\">\n\t\t\t\t\t\t<div class=\"elementor-element elementor-element-19d7803e elementor-widget elementor-widget-heading\" data-id=\"19d7803e\" data-element_type=\"widget\" data-e-type=\"widget\" data-widget_type=\"heading.default\">\n\t\t\t\t<div class=\"elementor-widget-container\">\n\t\t\t\t\t<h3 class=\"elementor-heading-title elementor-size-default\">PIES (Pla Individual d\u2019Estalvi Sistem\u00e0tic)<\/h3>\t\t\t\t<\/div>\n\t\t\t\t<\/div>\n\t\t\t\t\t<\/div>\n\t\t<\/div>\n\t\t\t\t\t<\/div>\n\t\t<\/section>\n\t\t\t\t<section class=\"elementor-section elementor-top-section elementor-element elementor-element-571c0106 elementor-section-boxed elementor-section-height-default elementor-section-height-default\" data-id=\"571c0106\" data-element_type=\"section\" data-e-type=\"section\">\n\t\t\t\t\t\t<div class=\"elementor-container elementor-column-gap-default\">\n\t\t\t\t\t<div class=\"elementor-column elementor-col-33 elementor-top-column elementor-element elementor-element-432ec2ec\" data-id=\"432ec2ec\" data-element_type=\"column\" data-e-type=\"column\">\n\t\t\t<div class=\"elementor-widget-wrap elementor-element-populated\">\n\t\t\t\t\t\t<div class=\"elementor-element elementor-element-16825176 elementor-widget elementor-widget-text-editor\" data-id=\"16825176\" data-element_type=\"widget\" data-e-type=\"widget\" data-widget_type=\"text-editor.default\">\n\t\t\t\t<div class=\"elementor-widget-container\">\n\t\t\t\t\t\t\t\t\t<p><strong>Individuals, per tant, el prenedor de l\u2019asseguran\u00e7a, l\u2019assegurat i el beneficiari s\u00f3n la mateixa persona.<\/strong><\/p>\n\t\t\t\t\t\t\t\t<\/div>\n\t\t\t\t<\/div>\n\t\t\t\t\t<\/div>\n\t\t<\/div>\n\t\t\t\t<div class=\"elementor-column elementor-col-33 elementor-top-column elementor-element elementor-element-aec0f35\" data-id=\"aec0f35\" data-element_type=\"column\" data-e-type=\"column\">\n\t\t\t<div class=\"elementor-widget-wrap elementor-element-populated\">\n\t\t\t\t\t\t<div class=\"elementor-element elementor-element-e4a287b elementor-widget elementor-widget-text-editor\" data-id=\"e4a287b\" data-element_type=\"widget\" data-e-type=\"widget\" data-widget_type=\"text-editor.default\">\n\t\t\t\t<div class=\"elementor-widget-container\">\n\t\t\t\t\t\t\t\t\t<p><strong>Les primes poden arribar fins els 8.000\u20ac anuals, amb un m\u00e0xim de 240.000\u20ac durant la vida de l\u2019asseguran\u00e7a.<\/strong><\/p>\n\t\t\t\t\t\t\t\t<\/div>\n\t\t\t\t<\/div>\n\t\t\t\t\t<\/div>\n\t\t<\/div>\n\t\t\t\t<div class=\"elementor-column elementor-col-33 elementor-top-column elementor-element elementor-element-7719f51\" data-id=\"7719f51\" data-element_type=\"column\" data-e-type=\"column\">\n\t\t\t<div class=\"elementor-widget-wrap elementor-element-populated\">\n\t\t\t\t\t\t<div class=\"elementor-element elementor-element-f4ea832 elementor-widget elementor-widget-text-editor\" data-id=\"f4ea832\" data-element_type=\"widget\" data-e-type=\"widget\" data-widget_type=\"text-editor.default\">\n\t\t\t\t<div class=\"elementor-widget-container\">\n\t\t\t\t\t\t\t\t\t<p><strong>En cas de mort, els beneficiaris percebran el saldo de la p\u00f2lissa m\u00e9s un capital addicional.<\/strong><\/p>\n\t\t\t\t\t\t\t\t<\/div>\n\t\t\t\t<\/div>\n\t\t\t\t\t<\/div>\n\t\t<\/div>\n\t\t\t\t\t<\/div>\n\t\t<\/section>\n\t\t\t\t<section class=\"elementor-section elementor-top-section elementor-element elementor-element-289fafb elementor-section-boxed elementor-section-height-default elementor-section-height-default\" data-id=\"289fafb\" data-element_type=\"section\" data-e-type=\"section\">\n\t\t\t\t\t\t<div class=\"elementor-container elementor-column-gap-default\">\n\t\t\t\t\t<div class=\"elementor-column elementor-col-33 elementor-top-column elementor-element elementor-element-70eb7e1\" data-id=\"70eb7e1\" data-element_type=\"column\" data-e-type=\"column\">\n\t\t\t<div class=\"elementor-widget-wrap elementor-element-populated\">\n\t\t\t\t\t\t<div class=\"elementor-element elementor-element-2895a62 elementor-widget elementor-widget-text-editor\" data-id=\"2895a62\" data-element_type=\"widget\" data-e-type=\"widget\" data-widget_type=\"text-editor.default\">\n\t\t\t\t<div class=\"elementor-widget-container\">\n\t\t\t\t\t\t\t\t\t<p><strong>Producte flexible; permet escollir el fraccionament de la prima, modificar l\u2019import, efectuar aportacions extraordin\u00e0ries,&#8230;<\/strong><\/p>\n\t\t\t\t\t\t\t\t<\/div>\n\t\t\t\t<\/div>\n\t\t\t\t\t<\/div>\n\t\t<\/div>\n\t\t\t\t<div class=\"elementor-column elementor-col-33 elementor-top-column elementor-element elementor-element-e35ba8b\" data-id=\"e35ba8b\" data-element_type=\"column\" data-e-type=\"column\">\n\t\t\t<div class=\"elementor-widget-wrap elementor-element-populated\">\n\t\t\t\t\t\t<div class=\"elementor-element elementor-element-5f84208 elementor-widget elementor-widget-text-editor\" data-id=\"5f84208\" data-element_type=\"widget\" data-e-type=\"widget\" data-widget_type=\"text-editor.default\">\n\t\t\t\t<div class=\"elementor-widget-container\">\n\t\t\t\t\t\t\t\t\t<p><strong>Producte l\u00edquid<\/strong>; un cop passat el primer any, es pot rescatar en el moment m\u00e9s convenient, sense necessitat d\u2019haver d\u2019esperar a la jubilaci\u00f3.<\/p>\n\t\t\t\t\t\t\t\t<\/div>\n\t\t\t\t<\/div>\n\t\t\t\t\t<\/div>\n\t\t<\/div>\n\t\t\t\t<div class=\"elementor-column elementor-col-33 elementor-top-column elementor-element elementor-element-d9134c0\" data-id=\"d9134c0\" data-element_type=\"column\" data-e-type=\"column\">\n\t\t\t<div class=\"elementor-widget-wrap elementor-element-populated\">\n\t\t\t\t\t\t<div class=\"elementor-element elementor-element-40691f7 elementor-widget elementor-widget-text-editor\" data-id=\"40691f7\" data-element_type=\"widget\" data-e-type=\"widget\" data-widget_type=\"text-editor.default\">\n\t\t\t\t<div class=\"elementor-widget-container\">\n\t\t\t\t\t\t\t\t\t<p>Ofereix la <strong>possibilitat de realitzar traspassos<\/strong> entre diferents modalitats de PIES, sense cost.<\/p>\n\t\t\t\t\t\t\t\t<\/div>\n\t\t\t\t<\/div>\n\t\t\t\t\t<\/div>\n\t\t<\/div>\n\t\t\t\t\t<\/div>\n\t\t<\/section>\n\t\t\t\t<section class=\"elementor-section elementor-top-section elementor-element elementor-element-da05fbf elementor-section-boxed elementor-section-height-default elementor-section-height-default\" data-id=\"da05fbf\" data-element_type=\"section\" data-e-type=\"section\">\n\t\t\t\t\t\t<div class=\"elementor-container elementor-column-gap-no\">\n\t\t\t\t\t<div class=\"elementor-column elementor-col-100 elementor-top-column elementor-element elementor-element-86436f5\" data-id=\"86436f5\" data-element_type=\"column\" data-e-type=\"column\">\n\t\t\t<div class=\"elementor-widget-wrap elementor-element-populated\">\n\t\t\t\t\t\t<div class=\"elementor-element elementor-element-9f5c319 elementor-widget elementor-widget-heading\" data-id=\"9f5c319\" data-element_type=\"widget\" data-e-type=\"widget\" data-widget_type=\"heading.default\">\n\t\t\t\t<div class=\"elementor-widget-container\">\n\t\t\t\t\t<h3 class=\"elementor-heading-title elementor-size-default\">Pla de pensions<\/h3>\t\t\t\t<\/div>\n\t\t\t\t<\/div>\n\t\t\t\t\t<\/div>\n\t\t<\/div>\n\t\t\t\t\t<\/div>\n\t\t<\/section>\n\t\t\t\t<section class=\"elementor-section elementor-top-section elementor-element elementor-element-ed1d08c elementor-section-boxed elementor-section-height-default elementor-section-height-default\" data-id=\"ed1d08c\" data-element_type=\"section\" data-e-type=\"section\">\n\t\t\t\t\t\t<div class=\"elementor-container elementor-column-gap-default\">\n\t\t\t\t\t<div class=\"elementor-column elementor-col-33 elementor-top-column elementor-element elementor-element-79f42de\" data-id=\"79f42de\" data-element_type=\"column\" data-e-type=\"column\">\n\t\t\t<div class=\"elementor-widget-wrap elementor-element-populated\">\n\t\t\t\t\t\t<div class=\"elementor-element elementor-element-f37f22a elementor-widget elementor-widget-text-editor\" data-id=\"f37f22a\" data-element_type=\"widget\" data-e-type=\"widget\" data-widget_type=\"text-editor.default\">\n\t\t\t\t<div class=\"elementor-widget-container\">\n\t\t\t\t\t\t\t\t\t<p><strong>La fiscalitat \u00e9s el principal avantatge. Les aportacions realitzades redueixen la base imposable de la declaraci\u00f3 de la renta.<\/strong><\/p>\n\t\t\t\t\t\t\t\t<\/div>\n\t\t\t\t<\/div>\n\t\t\t\t\t<\/div>\n\t\t<\/div>\n\t\t\t\t<div class=\"elementor-column elementor-col-33 elementor-top-column elementor-element elementor-element-6b270bf\" data-id=\"6b270bf\" data-element_type=\"column\" data-e-type=\"column\">\n\t\t\t<div class=\"elementor-widget-wrap elementor-element-populated\">\n\t\t\t\t\t\t<div class=\"elementor-element elementor-element-4a32b9d elementor-widget elementor-widget-text-editor\" data-id=\"4a32b9d\" data-element_type=\"widget\" data-e-type=\"widget\" data-widget_type=\"text-editor.default\">\n\t\t\t\t<div class=\"elementor-widget-container\">\n\t\t\t\t\t\t\t\t\t<p><strong>Garantia: Els plans de pensions no es poden embargar.<\/strong><\/p>\n\t\t\t\t\t\t\t\t<\/div>\n\t\t\t\t<\/div>\n\t\t\t\t\t<\/div>\n\t\t<\/div>\n\t\t\t\t<div class=\"elementor-column elementor-col-33 elementor-top-column elementor-element elementor-element-904f820\" data-id=\"904f820\" data-element_type=\"column\" data-e-type=\"column\">\n\t\t\t<div class=\"elementor-widget-wrap elementor-element-populated\">\n\t\t\t\t\t\t<div class=\"elementor-element elementor-element-5b46a27 elementor-widget elementor-widget-text-editor\" data-id=\"5b46a27\" data-element_type=\"widget\" data-e-type=\"widget\" data-widget_type=\"text-editor.default\">\n\t\t\t\t<div class=\"elementor-widget-container\">\n\t\t\t\t\t\t\t\t\t<p><strong>Flexibilitat: Ens donen la opci\u00f3 de triar la quantitat a aportar o, fins i tot, no aportar durant varis anys.<\/strong><\/p>\n\t\t\t\t\t\t\t\t<\/div>\n\t\t\t\t<\/div>\n\t\t\t\t\t<\/div>\n\t\t<\/div>\n\t\t\t\t\t<\/div>\n\t\t<\/section>\n\t\t\t\t<\/div>\n\t\t","protected":false},"excerpt":{"rendered":"<p>Vehicles a la teva disposici\u00f3 per a fer que els teus diners creixin amb el temps PIES (Pla Individual d\u2019Estalvi Sistem\u00e0tic) Individuals, per tant, el prenedor de l\u2019asseguran\u00e7a, l\u2019assegurat i el beneficiari s\u00f3n la mateixa persona. Les primes poden arribar fins els 8.000\u20ac anuals, amb un m\u00e0xim de 240.000\u20ac durant la vida de l\u2019asseguran\u00e7a. En [&hellip;]<\/p>\n","protected":false},"author":1,"featured_media":2870,"parent":3843,"menu_order":0,"comment_status":"closed","ping_status":"closed","template":"","meta":{"site-sidebar-layout":"right-sidebar","site-content-layout":"default","ast-site-content-layout":"default","site-content-style":"default","site-sidebar-style":"default","ast-global-header-display":"","ast-banner-title-visibility":"","ast-main-header-display":"","ast-hfb-above-header-display":"","ast-hfb-below-header-display":"","ast-hfb-mobile-header-display":"","site-post-title":"disabled","ast-breadcrumbs-content":"","ast-featured-img":"disabled","footer-sml-layout":"","ast-disable-related-posts":"","theme-transparent-header-meta":"","adv-header-id-meta":"1412","stick-header-meta":"","header-above-stick-meta":"","header-main-stick-meta":"","header-below-stick-meta":"","astra-migrate-meta-layouts":"default","ast-page-background-enabled":"default","ast-page-background-meta":{"desktop":{"background-color":"","background-image":"","background-repeat":"repeat","background-position":"center center","background-size":"auto","background-attachment":"scroll","background-type":"","background-media":"","overlay-type":"","overlay-color":"","overlay-opacity":"","overlay-gradient":""},"tablet":{"background-color":"","background-image":"","background-repeat":"repeat","background-position":"center center","background-size":"auto","background-attachment":"scroll","background-type":"","background-media":"","overlay-type":"","overlay-color":"","overlay-opacity":"","overlay-gradient":""},"mobile":{"background-color":"","background-image":"","background-repeat":"repeat","background-position":"center center","background-size":"auto","background-attachment":"scroll","background-type":"","background-media":"","overlay-type":"","overlay-color":"","overlay-opacity":"","overlay-gradient":""}},"ast-content-background-meta":{"desktop":{"background-color":"var(--ast-global-color-5)","background-image":"","background-repeat":"repeat","background-position":"center center","background-size":"auto","background-attachment":"scroll","background-type":"","background-media":"","overlay-type":"","overlay-color":"","overlay-opacity":"","overlay-gradient":""},"tablet":{"background-color":"var(--ast-global-color-5)","background-image":"","background-repeat":"repeat","background-position":"center center","background-size":"auto","background-attachment":"scroll","background-type":"","background-media":"","overlay-type":"","overlay-color":"","overlay-opacity":"","overlay-gradient":""},"mobile":{"background-color":"var(--ast-global-color-5)","background-image":"","background-repeat":"repeat","background-position":"center center","background-size":"auto","background-attachment":"scroll","background-type":"","background-media":"","overlay-type":"","overlay-color":"","overlay-opacity":"","overlay-gradient":""}},"_joinchat":[],"footnotes":""},"class_list":["post-3874","page","type-page","status-publish","has-post-thumbnail","hentry"],"yoast_head":"<!-- This site is optimized with the Yoast SEO plugin v27.6 - https:\/\/yoast.com\/product\/yoast-seo-wordpress\/ -->\n<title>Asseguran\u00e7a Estalvi - Particulars | Crespi Corredur\u00eda de Seguros<\/title>\n<meta name=\"robots\" content=\"index, follow, max-snippet:-1, max-image-preview:large, max-video-preview:-1\" \/>\n<link rel=\"canonical\" href=\"https:\/\/www.crespicorredoria.com\/ca\/particulars\/asseguranca-estalvi\/\" \/>\n<meta property=\"og:locale\" content=\"ca_ES\" \/>\n<meta property=\"og:type\" content=\"article\" \/>\n<meta property=\"og:title\" content=\"Asseguran\u00e7a Estalvi - Particulars | Crespi Corredur\u00eda de Seguros\" \/>\n<meta property=\"og:description\" content=\"Vehicles a la teva disposici\u00f3 per a fer que els teus diners creixin amb el temps PIES (Pla Individual d\u2019Estalvi Sistem\u00e0tic) Individuals, per tant, el prenedor de l\u2019asseguran\u00e7a, l\u2019assegurat i el beneficiari s\u00f3n la mateixa persona. Les primes poden arribar fins els 8.000\u20ac anuals, amb un m\u00e0xim de 240.000\u20ac durant la vida de l\u2019asseguran\u00e7a. En [&hellip;]\" \/>\n<meta property=\"og:url\" content=\"https:\/\/www.crespicorredoria.com\/ca\/particulars\/asseguranca-estalvi\/\" \/>\n<meta property=\"og:site_name\" content=\"Crespi Corredur\u00eda de Seguros\" \/>\n<meta property=\"article:publisher\" content=\"https:\/\/www.facebook.com\/crespiassegurances\" \/>\n<meta property=\"article:modified_time\" content=\"2020-04-24T09:15:34+00:00\" \/>\n<meta property=\"og:image\" content=\"https:\/\/www.crespicorredoria.com\/wp-content\/uploads\/2020\/02\/ahorro-particulares-header.jpg\" \/>\n\t<meta property=\"og:image:width\" content=\"1920\" \/>\n\t<meta property=\"og:image:height\" content=\"600\" \/>\n\t<meta property=\"og:image:type\" content=\"image\/jpeg\" \/>\n<meta name=\"twitter:card\" content=\"summary_large_image\" \/>\n<meta name=\"twitter:site\" content=\"@crespicorredors\" \/>\n<meta name=\"twitter:label1\" content=\"Temps estimat de lectura\" \/>\n\t<meta name=\"twitter:data1\" content=\"1 minut\" \/>\n<script type=\"application\/ld+json\" class=\"yoast-schema-graph\">{\"@context\":\"https:\\\/\\\/schema.org\",\"@graph\":[{\"@type\":\"WebPage\",\"@id\":\"https:\\\/\\\/www.crespicorredoria.com\\\/ca\\\/particulars\\\/asseguranca-estalvi\\\/\",\"url\":\"https:\\\/\\\/www.crespicorredoria.com\\\/ca\\\/particulars\\\/asseguranca-estalvi\\\/\",\"name\":\"Asseguran\u00e7a Estalvi - Particulars | Crespi Corredur\u00eda de Seguros\",\"isPartOf\":{\"@id\":\"https:\\\/\\\/www.crespicorredoria.com\\\/ca\\\/#website\"},\"primaryImageOfPage\":{\"@id\":\"https:\\\/\\\/www.crespicorredoria.com\\\/ca\\\/particulars\\\/asseguranca-estalvi\\\/#primaryimage\"},\"image\":{\"@id\":\"https:\\\/\\\/www.crespicorredoria.com\\\/ca\\\/particulars\\\/asseguranca-estalvi\\\/#primaryimage\"},\"thumbnailUrl\":\"https:\\\/\\\/www.crespicorredoria.com\\\/wp-content\\\/uploads\\\/2020\\\/02\\\/ahorro-particulares-header.jpg\",\"datePublished\":\"2020-04-24T09:15:32+00:00\",\"dateModified\":\"2020-04-24T09:15:34+00:00\",\"breadcrumb\":{\"@id\":\"https:\\\/\\\/www.crespicorredoria.com\\\/ca\\\/particulars\\\/asseguranca-estalvi\\\/#breadcrumb\"},\"inLanguage\":\"ca\",\"potentialAction\":[{\"@type\":\"ReadAction\",\"target\":[\"https:\\\/\\\/www.crespicorredoria.com\\\/ca\\\/particulars\\\/asseguranca-estalvi\\\/\"]}]},{\"@type\":\"ImageObject\",\"inLanguage\":\"ca\",\"@id\":\"https:\\\/\\\/www.crespicorredoria.com\\\/ca\\\/particulars\\\/asseguranca-estalvi\\\/#primaryimage\",\"url\":\"https:\\\/\\\/www.crespicorredoria.com\\\/wp-content\\\/uploads\\\/2020\\\/02\\\/ahorro-particulares-header.jpg\",\"contentUrl\":\"https:\\\/\\\/www.crespicorredoria.com\\\/wp-content\\\/uploads\\\/2020\\\/02\\\/ahorro-particulares-header.jpg\",\"width\":1920,\"height\":600},{\"@type\":\"BreadcrumbList\",\"@id\":\"https:\\\/\\\/www.crespicorredoria.com\\\/ca\\\/particulars\\\/asseguranca-estalvi\\\/#breadcrumb\",\"itemListElement\":[{\"@type\":\"ListItem\",\"position\":1,\"name\":\"Portada\",\"item\":\"https:\\\/\\\/www.crespicorredoria.com\\\/ca\\\/\"},{\"@type\":\"ListItem\",\"position\":2,\"name\":\"Particulars\",\"item\":\"https:\\\/\\\/www.crespicorredoria.com\\\/ca\\\/particulars\\\/\"},{\"@type\":\"ListItem\",\"position\":3,\"name\":\"Asseguran\u00e7a Estalvi\"}]},{\"@type\":\"WebSite\",\"@id\":\"https:\\\/\\\/www.crespicorredoria.com\\\/ca\\\/#website\",\"url\":\"https:\\\/\\\/www.crespicorredoria.com\\\/ca\\\/\",\"name\":\"Crespi Corredur\u00eda de Seguros\",\"description\":\"\",\"publisher\":{\"@id\":\"https:\\\/\\\/www.crespicorredoria.com\\\/ca\\\/#organization\"},\"potentialAction\":[{\"@type\":\"SearchAction\",\"target\":{\"@type\":\"EntryPoint\",\"urlTemplate\":\"https:\\\/\\\/www.crespicorredoria.com\\\/ca\\\/?s={search_term_string}\"},\"query-input\":{\"@type\":\"PropertyValueSpecification\",\"valueRequired\":true,\"valueName\":\"search_term_string\"}}],\"inLanguage\":\"ca\"},{\"@type\":\"Organization\",\"@id\":\"https:\\\/\\\/www.crespicorredoria.com\\\/ca\\\/#organization\",\"name\":\"Crespi Corredor\u00eda de Seguros S.L.\",\"url\":\"https:\\\/\\\/www.crespicorredoria.com\\\/ca\\\/\",\"logo\":{\"@type\":\"ImageObject\",\"inLanguage\":\"ca\",\"@id\":\"https:\\\/\\\/www.crespicorredoria.com\\\/ca\\\/#\\\/schema\\\/logo\\\/image\\\/\",\"url\":\"https:\\\/\\\/www.crespicorredoria.com\\\/wp-content\\\/uploads\\\/2020\\\/01\\\/crespi-footer-2.png\",\"contentUrl\":\"https:\\\/\\\/www.crespicorredoria.com\\\/wp-content\\\/uploads\\\/2020\\\/01\\\/crespi-footer-2.png\",\"width\":300,\"height\":122,\"caption\":\"Crespi Corredor\u00eda de Seguros S.L.\"},\"image\":{\"@id\":\"https:\\\/\\\/www.crespicorredoria.com\\\/ca\\\/#\\\/schema\\\/logo\\\/image\\\/\"},\"sameAs\":[\"https:\\\/\\\/www.facebook.com\\\/crespiassegurances\",\"https:\\\/\\\/x.com\\\/crespicorredors\",\"https:\\\/\\\/www.instagram.com\\\/crespi_assegurances\\\/\",\"https:\\\/\\\/es.linkedin.com\\\/in\\\/roger-crespi-7b3951b1\"]}]}<\/script>\n<!-- \/ Yoast SEO plugin. -->","yoast_head_json":{"title":"Asseguran\u00e7a Estalvi - Particulars | Crespi Corredur\u00eda de Seguros","robots":{"index":"index","follow":"follow","max-snippet":"max-snippet:-1","max-image-preview":"max-image-preview:large","max-video-preview":"max-video-preview:-1"},"canonical":"https:\/\/www.crespicorredoria.com\/ca\/particulars\/asseguranca-estalvi\/","og_locale":"ca_ES","og_type":"article","og_title":"Asseguran\u00e7a Estalvi - Particulars | Crespi Corredur\u00eda de Seguros","og_description":"Vehicles a la teva disposici\u00f3 per a fer que els teus diners creixin amb el temps PIES (Pla Individual d\u2019Estalvi Sistem\u00e0tic) Individuals, per tant, el prenedor de l\u2019asseguran\u00e7a, l\u2019assegurat i el beneficiari s\u00f3n la mateixa persona. Les primes poden arribar fins els 8.000\u20ac anuals, amb un m\u00e0xim de 240.000\u20ac durant la vida de l\u2019asseguran\u00e7a. En [&hellip;]","og_url":"https:\/\/www.crespicorredoria.com\/ca\/particulars\/asseguranca-estalvi\/","og_site_name":"Crespi Corredur\u00eda de Seguros","article_publisher":"https:\/\/www.facebook.com\/crespiassegurances","article_modified_time":"2020-04-24T09:15:34+00:00","og_image":[{"width":1920,"height":600,"url":"https:\/\/www.crespicorredoria.com\/wp-content\/uploads\/2020\/02\/ahorro-particulares-header.jpg","type":"image\/jpeg"}],"twitter_card":"summary_large_image","twitter_site":"@crespicorredors","twitter_misc":{"Temps estimat de lectura":"1 minut"},"schema":{"@context":"https:\/\/schema.org","@graph":[{"@type":"WebPage","@id":"https:\/\/www.crespicorredoria.com\/ca\/particulars\/asseguranca-estalvi\/","url":"https:\/\/www.crespicorredoria.com\/ca\/particulars\/asseguranca-estalvi\/","name":"Asseguran\u00e7a Estalvi - Particulars | Crespi Corredur\u00eda de Seguros","isPartOf":{"@id":"https:\/\/www.crespicorredoria.com\/ca\/#website"},"primaryImageOfPage":{"@id":"https:\/\/www.crespicorredoria.com\/ca\/particulars\/asseguranca-estalvi\/#primaryimage"},"image":{"@id":"https:\/\/www.crespicorredoria.com\/ca\/particulars\/asseguranca-estalvi\/#primaryimage"},"thumbnailUrl":"https:\/\/www.crespicorredoria.com\/wp-content\/uploads\/2020\/02\/ahorro-particulares-header.jpg","datePublished":"2020-04-24T09:15:32+00:00","dateModified":"2020-04-24T09:15:34+00:00","breadcrumb":{"@id":"https:\/\/www.crespicorredoria.com\/ca\/particulars\/asseguranca-estalvi\/#breadcrumb"},"inLanguage":"ca","potentialAction":[{"@type":"ReadAction","target":["https:\/\/www.crespicorredoria.com\/ca\/particulars\/asseguranca-estalvi\/"]}]},{"@type":"ImageObject","inLanguage":"ca","@id":"https:\/\/www.crespicorredoria.com\/ca\/particulars\/asseguranca-estalvi\/#primaryimage","url":"https:\/\/www.crespicorredoria.com\/wp-content\/uploads\/2020\/02\/ahorro-particulares-header.jpg","contentUrl":"https:\/\/www.crespicorredoria.com\/wp-content\/uploads\/2020\/02\/ahorro-particulares-header.jpg","width":1920,"height":600},{"@type":"BreadcrumbList","@id":"https:\/\/www.crespicorredoria.com\/ca\/particulars\/asseguranca-estalvi\/#breadcrumb","itemListElement":[{"@type":"ListItem","position":1,"name":"Portada","item":"https:\/\/www.crespicorredoria.com\/ca\/"},{"@type":"ListItem","position":2,"name":"Particulars","item":"https:\/\/www.crespicorredoria.com\/ca\/particulars\/"},{"@type":"ListItem","position":3,"name":"Asseguran\u00e7a Estalvi"}]},{"@type":"WebSite","@id":"https:\/\/www.crespicorredoria.com\/ca\/#website","url":"https:\/\/www.crespicorredoria.com\/ca\/","name":"Crespi Corredur\u00eda de Seguros","description":"","publisher":{"@id":"https:\/\/www.crespicorredoria.com\/ca\/#organization"},"potentialAction":[{"@type":"SearchAction","target":{"@type":"EntryPoint","urlTemplate":"https:\/\/www.crespicorredoria.com\/ca\/?s={search_term_string}"},"query-input":{"@type":"PropertyValueSpecification","valueRequired":true,"valueName":"search_term_string"}}],"inLanguage":"ca"},{"@type":"Organization","@id":"https:\/\/www.crespicorredoria.com\/ca\/#organization","name":"Crespi Corredor\u00eda de Seguros S.L.","url":"https:\/\/www.crespicorredoria.com\/ca\/","logo":{"@type":"ImageObject","inLanguage":"ca","@id":"https:\/\/www.crespicorredoria.com\/ca\/#\/schema\/logo\/image\/","url":"https:\/\/www.crespicorredoria.com\/wp-content\/uploads\/2020\/01\/crespi-footer-2.png","contentUrl":"https:\/\/www.crespicorredoria.com\/wp-content\/uploads\/2020\/01\/crespi-footer-2.png","width":300,"height":122,"caption":"Crespi Corredor\u00eda de Seguros S.L."},"image":{"@id":"https:\/\/www.crespicorredoria.com\/ca\/#\/schema\/logo\/image\/"},"sameAs":["https:\/\/www.facebook.com\/crespiassegurances","https:\/\/x.com\/crespicorredors","https:\/\/www.instagram.com\/crespi_assegurances\/","https:\/\/es.linkedin.com\/in\/roger-crespi-7b3951b1"]}]}},"_links":{"self":[{"href":"https:\/\/www.crespicorredoria.com\/ca\/wp-json\/wp\/v2\/pages\/3874","targetHints":{"allow":["GET"]}}],"collection":[{"href":"https:\/\/www.crespicorredoria.com\/ca\/wp-json\/wp\/v2\/pages"}],"about":[{"href":"https:\/\/www.crespicorredoria.com\/ca\/wp-json\/wp\/v2\/types\/page"}],"author":[{"embeddable":true,"href":"https:\/\/www.crespicorredoria.com\/ca\/wp-json\/wp\/v2\/users\/1"}],"replies":[{"embeddable":true,"href":"https:\/\/www.crespicorredoria.com\/ca\/wp-json\/wp\/v2\/comments?post=3874"}],"version-history":[{"count":0,"href":"https:\/\/www.crespicorredoria.com\/ca\/wp-json\/wp\/v2\/pages\/3874\/revisions"}],"up":[{"embeddable":true,"href":"https:\/\/www.crespicorredoria.com\/ca\/wp-json\/wp\/v2\/pages\/3843"}],"wp:featuredmedia":[{"embeddable":true,"href":"https:\/\/www.crespicorredoria.com\/ca\/wp-json\/wp\/v2\/media\/2870"}],"wp:attachment":[{"href":"https:\/\/www.crespicorredoria.com\/ca\/wp-json\/wp\/v2\/media?parent=3874"}],"curies":[{"name":"wp","href":"https:\/\/api.w.org\/{rel}","templated":true}]}}