{"id":4118,"date":"2020-05-11T13:38:05","date_gmt":"2020-05-11T11:38:05","guid":{"rendered":"https:\/\/www.crespicorredoria.com\/empresa\/assegurances-responsabilitat-civil\/rc-professional-marqueting-publicitat-disseny-consultoria\/"},"modified":"2020-05-13T09:37:41","modified_gmt":"2020-05-13T07:37:41","slug":"rc-professional-marqueting-publicitat-disseny-consultoria","status":"publish","type":"page","link":"https:\/\/www.crespicorredoria.com\/ca\/empresa\/assegurances-responsabilitat-civil\/rc-professional-marqueting-publicitat-disseny-consultoria\/","title":{"rendered":"RC Professional M\u00e0rqueting\/Publicitat\/Disseny\/Consultoria"},"content":{"rendered":"\t\t<div data-elementor-type=\"wp-page\" data-elementor-id=\"4118\" class=\"elementor elementor-4118 elementor-3085\" data-elementor-post-type=\"page\">\n\t\t\t\t\t\t<section class=\"elementor-section elementor-top-section elementor-element elementor-element-7d291759 elementor-section-boxed elementor-section-height-default elementor-section-height-default\" data-id=\"7d291759\" data-element_type=\"section\" data-e-type=\"section\">\n\t\t\t\t\t\t<div class=\"elementor-container elementor-column-gap-default\">\n\t\t\t\t\t<div class=\"elementor-column elementor-col-100 elementor-top-column elementor-element elementor-element-4f841bf4\" data-id=\"4f841bf4\" data-element_type=\"column\" data-e-type=\"column\">\n\t\t\t<div class=\"elementor-widget-wrap elementor-element-populated\">\n\t\t\t\t\t\t<div class=\"elementor-element elementor-element-366660f5 elementor-widget elementor-widget-text-editor\" data-id=\"366660f5\" data-element_type=\"widget\" data-e-type=\"widget\" data-widget_type=\"text-editor.default\">\n\t\t\t\t<div class=\"elementor-widget-container\">\n\t\t\t\t\t\t\t\t\t<h3>Objecte de cobertura<\/h3>\n<p>Danys Patrimonials Primaris causats a tercers per Actes Negligents comesos en l\u2019exercici de la seva Activitat Professional.<\/p>\n\t\t\t\t\t\t\t\t<\/div>\n\t\t\t\t<\/div>\n\t\t\t\t<div class=\"elementor-element elementor-element-3ea9f51 elementor-widget elementor-widget-toggle\" data-id=\"3ea9f51\" data-element_type=\"widget\" data-e-type=\"widget\" data-widget_type=\"toggle.default\">\n\t\t\t\t<div class=\"elementor-widget-container\">\n\t\t\t\t\t\t\t<div class=\"elementor-toggle\">\n\t\t\t\t\t\t\t<div class=\"elementor-toggle-item\">\n\t\t\t\t\t<h3 id=\"elementor-tab-title-6571\" class=\"elementor-tab-title\" data-tab=\"1\" role=\"button\" aria-controls=\"elementor-tab-content-6571\" aria-expanded=\"false\">\n\t\t\t\t\t\t\t\t\t\t\t\t<span class=\"elementor-toggle-icon elementor-toggle-icon-left\" aria-hidden=\"true\">\n\t\t\t\t\t\t\t\t\t\t\t\t\t\t\t<span class=\"elementor-toggle-icon-closed\"><i class=\"fas fa-plus\"><\/i><\/span>\n\t\t\t\t\t\t\t\t<span class=\"elementor-toggle-icon-opened\"><i class=\"elementor-toggle-icon-opened fas fa-minus\"><\/i><\/span>\n\t\t\t\t\t\t\t\t\t\t\t\t\t<\/span>\n\t\t\t\t\t\t\t\t\t\t\t\t<a class=\"elementor-toggle-title\" tabindex=\"0\">Nomenclatura d\u2019activitats <\/a>\n\t\t\t\t\t<\/h3>\n\n\t\t\t\t\t<div id=\"elementor-tab-content-6571\" class=\"elementor-tab-content elementor-clearfix\" data-tab=\"1\" role=\"region\" aria-labelledby=\"elementor-tab-title-6571\"><ul>\n<li>Ag\u00e8ncies de m\u00e0rqueting (excepte m\u00e0rqueting directe, promoci\u00f3 de vendes i telem\u00e0rqueting)<\/li>\n<li>Ag\u00e8ncies de publicitat<\/li>\n<li>Agents comercials<\/li>\n<li>Assessors d\u2019imatge<\/li>\n<li>Assessors en comunicaci\u00f3<\/li>\n<li>Assessors en relacions p\u00fabliques<\/li>\n<li>Coaching<\/li>\n<li>Community Manager<\/li>\n<li>Consultors en recursos humans<\/li>\n<li>Consultors mediambientals<\/li>\n<li>Consultoria en franqu\u00edcies<\/li>\n<li>Detectius privats<\/li>\n<li>Crimin\u00f2legs<\/li>\n<li>Disseny gr\u00e0fic<\/li>\n<li>Fot\u00f2grafs<\/li>\n<li>Gabinets de comunicaci\u00f3 i premsa<\/li>\n<li>Perits<\/li>\n<li>Psic\u00f2legs<\/li>\n<li>Traductors<\/li>\n<\/ul>\n<\/div>\n\t\t\t\t<\/div>\n\t\t\t\t\t\t\t\t<\/div>\n\t\t\t\t\t\t<\/div>\n\t\t\t\t<\/div>\n\t\t\t\t<div class=\"elementor-element elementor-element-c2cfbed elementor-widget elementor-widget-heading\" data-id=\"c2cfbed\" data-element_type=\"widget\" data-e-type=\"widget\" data-widget_type=\"heading.default\">\n\t\t\t\t<div class=\"elementor-widget-container\">\n\t\t\t\t\t<h3 class=\"elementor-heading-title elementor-size-default\">Principals cobertures<\/h3>\t\t\t\t<\/div>\n\t\t\t\t<\/div>\n\t\t\t\t<div class=\"elementor-element elementor-element-3301204 elementor-widget elementor-widget-text-editor\" data-id=\"3301204\" data-element_type=\"widget\" data-e-type=\"widget\" data-widget_type=\"text-editor.default\">\n\t\t\t\t<div class=\"elementor-widget-container\">\n\t\t\t\t\t\t\t\t\t<ul>\n<li>Responsabilitat Civil Professional<\/li>\n<li>Responsabilitat Civil General<\/li>\n<li>Responsabilitat Civil Patronal<\/li>\n<li>Responsabilitat Civil Locativa<\/li>\n<li>Protecci\u00f3 de Dades<\/li>\n<li>P\u00e8rdua de documents<\/li>\n<li>Inhabilitaci\u00f3 Professional<\/li>\n<li>Despeses de Defensa en mat\u00e8ria de propietat intel\u00b7lectual i\/o industrial<\/li>\n<li>Deshonestedat d\u2019empleats<\/li>\n<li>Retroactivitat il\u00b7limitada<\/li>\n<\/ul>\n\t\t\t\t\t\t\t\t<\/div>\n\t\t\t\t<\/div>\n\t\t\t\t<div class=\"elementor-element elementor-element-597de01 elementor-widget elementor-widget-heading\" data-id=\"597de01\" data-element_type=\"widget\" data-e-type=\"widget\" data-widget_type=\"heading.default\">\n\t\t\t\t<div class=\"elementor-widget-container\">\n\t\t\t\t\t<h3 class=\"elementor-heading-title elementor-size-default\">Preus orientatius mostra amb garanties b\u00e0siques (Sense estudi previ de la societat)<\/h3>\t\t\t\t<\/div>\n\t\t\t\t<\/div>\n\t\t\t\t<div class=\"elementor-element elementor-element-61d04ff5 elementor-widget elementor-widget-html\" data-id=\"61d04ff5\" data-element_type=\"widget\" data-e-type=\"widget\" data-widget_type=\"html.default\">\n\t\t\t\t<div class=\"elementor-widget-container\">\n\t\t\t\t\t<style>\r\n    table td {width: 14.25%;}\r\n<\/style>\r\n<table style=\"width: 100%;\">\r\n<tbody>\r\n<tr>\r\n<td><\/td>\r\n<td colspan=\"6\" style=\"text-align: center;\">Facturaci\u00f3 Anual<\/td>\r\n<\/tr>\r\n<tr style=\"border-bottom: 1px solid #aaaaaa; height: 23px;\">\r\n<td style=\"height: 23px;vertical-align: middle;\"><strong>L\u00edmit Anual per sinistre i any<\/strong><\/td>\r\n<td style=\"height: 23px; vertical-align: middle;\"><strong>Fins 60.000\u20ac<\/strong><\/td>\r\n<td style=\"height: 23px;vertical-align: middle;\"><strong>De 60.001\u20ac a 150.000\u20ac<\/strong><\/td>\r\n<td style=\"height: 23px; vertical-align: middle;\"><strong>De 150.001\u20ac a 300.000\u20ac<\/strong><\/td>\r\n<td style=\"height: 23px;vertical-align: middle;\"><strong>De 300.001\u20ac a 450.000\u20ac<\/strong><\/td>\r\n<td style=\"height: 23px;vertical-align: middle;\"><strong>De 450.001\u20ac a 600.000\u20ac<\/strong><\/td>\r\n<td style=\"height: 23px;vertical-align: middle;\"><strong>De 600.001\u20ac a 750.000\u20ac<\/strong><\/td>\r\n<\/tr>\r\n<tr style=\"background-color: #ccc;height: 23px;\">\r\n<td style=\"height: 23px;\">\u00a0150.000\u20ac<\/td>\r\n<td style=\"height: 23px;\">\u00a0180\u20ac\/any<\/td>\r\n<td style=\"height: 23px;\">\u00a0250\u20ac\/any<\/td>\r\n<td style=\"height: 23px;\">\u00a0350\u20ac\/any<\/td>\r\n<td style=\"height: 23px;\">\u00a0500\u20ac\/any<\/td>\r\n<td style=\"height: 23px;\">\u00a0650\u20ac\/any<\/td>\r\n<td style=\"height: 23px;\">\u00a0800\u20ac\/any<\/td>\r\n<\/tr>\r\n<tr style=\"height: 23px;\">\r\n<td style=\"height: 23px;\">\u00a0300.000\u20ac<\/td>\r\n<td style=\"height: 23px;\">\u00a0211\u20ac\/any<\/td>\r\n<td style=\"height: 23px;\">\u00a0293\u20ac\/any<\/td>\r\n<td style=\"height: 23px;\">\u00a0410\u20ac\/any<\/td>\r\n<td style=\"height: 23px;\">\u00a0585\u20ac\/any<\/td>\r\n<td style=\"height: 23px;\">\u00a0761\u20ac\/any<\/td>\r\n<td style=\"height: 23px;\">\u00a0936\u20ac\/any<\/td>\r\n<\/tr>\r\n<tr style=\"background-color: #ccc;height: 23px;\">\r\n<td style=\"height: 25px;\">\u00a0600.000\u20ac<\/td>\r\n<td style=\"height: 25px;\">\u00a0270\u20ac\/any<\/td>\r\n<td style=\"height: 25px;\">\u00a0375\u20ac\/any<\/td>\r\n<td style=\"height: 25px;\">\u00a0525\u20ac\/any<\/td>\r\n<td style=\"height: 25px;\">\u00a0750\u20ac\/any<\/td>\r\n<td style=\"height: 25px;\">\u00a0975\u20ac\/any<\/td>\r\n<td style=\"height: 25px;\">\u00a01.200\u20ac\/any<\/td>\r\n<\/tr>\r\n<tr style=\"height: 23px;\">\r\n<td style=\"height: 23px;\">\u00a01.000.000\u20ac<\/td>\r\n<td style=\"height: 23px;\">\u00a0315\u20ac\/any<\/td>\r\n<td style=\"height: 23px;\">\u00a0438\u20ac\/any<\/td>\r\n<td style=\"height: 23px;\">\u00a0613\u20ac\/any<\/td>\r\n<td style=\"height: 23px;\">\u00a0875\u20ac\/any<\/td>\r\n<td style=\"height: 23px;\">\u00a01.138\u20ac\/any<\/td>\r\n<td style=\"height: 23px;\">\u00a01.400\u20ac\/any<\/td>\r\n<\/tr>\r\n<tr style=\"background-color: #ccc;height: 23px;\">\r\n<td style=\"height: 23px;\">\u00a01.500.000\u20ac<\/td>\r\n<td style=\"height: 23px;\">\u00a0360\u20ac\/any<\/td>\r\n<td style=\"height: 23px;\">\u00a0500\u20ac\/any<\/td>\r\n<td style=\"height: 23px;\">\u00a0700\u20ac\/any<\/td>\r\n<td style=\"height: 23px;\">\u00a01.000\u20ac\/any<\/td>\r\n<td style=\"height: 23px;\">\u00a01.300\u20ac\/any<\/td>\r\n<td style=\"height: 23px;\">\u00a01.600\u20ac\/any<\/td>\r\n<\/tr>\r\n<\/tbody>\r\n<\/table>\t\t\t\t<\/div>\n\t\t\t\t<\/div>\n\t\t\t\t<div class=\"elementor-element elementor-element-209916f elementor-widget elementor-widget-text-editor\" data-id=\"209916f\" data-element_type=\"widget\" data-e-type=\"widget\" data-widget_type=\"text-editor.default\">\n\t\t\t\t<div class=\"elementor-widget-container\">\n\t\t\t\t\t\t\t\t\t<p><em>(M\u00e9s facturaci\u00f3 a consultar; 93 886 90 93 \u2013 crespi@crespicorredoria.com) <\/em><\/p>\n\t\t\t\t\t\t\t\t<\/div>\n\t\t\t\t<\/div>\n\t\t\t\t\t<\/div>\n\t\t<\/div>\n\t\t\t\t\t<\/div>\n\t\t<\/section>\n\t\t\t\t<\/div>\n\t\t","protected":false},"excerpt":{"rendered":"<p>Objecte de cobertura Danys Patrimonials Primaris causats a tercers per Actes Negligents comesos en l\u2019exercici de la seva Activitat Professional. Nomenclatura d\u2019activitats Ag\u00e8ncies de m\u00e0rqueting (excepte m\u00e0rqueting directe, promoci\u00f3 de vendes i telem\u00e0rqueting) Ag\u00e8ncies de publicitat Agents comercials Assessors d\u2019imatge Assessors en comunicaci\u00f3 Assessors en relacions p\u00fabliques Coaching Community Manager Consultors en recursos humans Consultors [&hellip;]<\/p>\n","protected":false},"author":1,"featured_media":3107,"parent":3735,"menu_order":0,"comment_status":"closed","ping_status":"closed","template":"","meta":{"site-sidebar-layout":"right-sidebar","site-content-layout":"default","ast-site-content-layout":"default","site-content-style":"default","site-sidebar-style":"default","ast-global-header-display":"","ast-banner-title-visibility":"","ast-main-header-display":"","ast-hfb-above-header-display":"","ast-hfb-below-header-display":"","ast-hfb-mobile-header-display":"","site-post-title":"disabled","ast-breadcrumbs-content":"","ast-featured-img":"disabled","footer-sml-layout":"","ast-disable-related-posts":"","theme-transparent-header-meta":"","adv-header-id-meta":"1412","stick-header-meta":"","header-above-stick-meta":"","header-main-stick-meta":"","header-below-stick-meta":"","astra-migrate-meta-layouts":"default","ast-page-background-enabled":"default","ast-page-background-meta":{"desktop":{"background-color":"","background-image":"","background-repeat":"repeat","background-position":"center center","background-size":"auto","background-attachment":"scroll","background-type":"","background-media":"","overlay-type":"","overlay-color":"","overlay-opacity":"","overlay-gradient":""},"tablet":{"background-color":"","background-image":"","background-repeat":"repeat","background-position":"center center","background-size":"auto","background-attachment":"scroll","background-type":"","background-media":"","overlay-type":"","overlay-color":"","overlay-opacity":"","overlay-gradient":""},"mobile":{"background-color":"","background-image":"","background-repeat":"repeat","background-position":"center center","background-size":"auto","background-attachment":"scroll","background-type":"","background-media":"","overlay-type":"","overlay-color":"","overlay-opacity":"","overlay-gradient":""}},"ast-content-background-meta":{"desktop":{"background-color":"var(--ast-global-color-5)","background-image":"","background-repeat":"repeat","background-position":"center center","background-size":"auto","background-attachment":"scroll","background-type":"","background-media":"","overlay-type":"","overlay-color":"","overlay-opacity":"","overlay-gradient":""},"tablet":{"background-color":"var(--ast-global-color-5)","background-image":"","background-repeat":"repeat","background-position":"center center","background-size":"auto","background-attachment":"scroll","background-type":"","background-media":"","overlay-type":"","overlay-color":"","overlay-opacity":"","overlay-gradient":""},"mobile":{"background-color":"var(--ast-global-color-5)","background-image":"","background-repeat":"repeat","background-position":"center center","background-size":"auto","background-attachment":"scroll","background-type":"","background-media":"","overlay-type":"","overlay-color":"","overlay-opacity":"","overlay-gradient":""}},"_joinchat":[],"footnotes":""},"class_list":["post-4118","page","type-page","status-publish","has-post-thumbnail","hentry"],"yoast_head":"<!-- This site is optimized with the Yoast SEO plugin v27.6 - https:\/\/yoast.com\/product\/yoast-seo-wordpress\/ -->\n<title>RC Professional M\u00e0rqueting\/Publicitat\/Disseny\/Consultoria - Assegurances Responsabilitat Civil | Crespi Corredur\u00eda de Seguros<\/title>\n<meta name=\"robots\" content=\"index, follow, max-snippet:-1, max-image-preview:large, max-video-preview:-1\" \/>\n<link rel=\"canonical\" href=\"https:\/\/www.crespicorredoria.com\/ca\/empresa\/assegurances-responsabilitat-civil\/rc-professional-marqueting-publicitat-disseny-consultoria\/\" \/>\n<meta property=\"og:locale\" content=\"ca_ES\" \/>\n<meta property=\"og:type\" content=\"article\" \/>\n<meta property=\"og:title\" content=\"RC Professional M\u00e0rqueting\/Publicitat\/Disseny\/Consultoria - Assegurances Responsabilitat Civil | Crespi Corredur\u00eda de Seguros\" \/>\n<meta property=\"og:description\" content=\"Objecte de cobertura Danys Patrimonials Primaris causats a tercers per Actes Negligents comesos en l\u2019exercici de la seva Activitat Professional. Nomenclatura d\u2019activitats Ag\u00e8ncies de m\u00e0rqueting (excepte m\u00e0rqueting directe, promoci\u00f3 de vendes i telem\u00e0rqueting) Ag\u00e8ncies de publicitat Agents comercials Assessors d\u2019imatge Assessors en comunicaci\u00f3 Assessors en relacions p\u00fabliques Coaching Community Manager Consultors en recursos humans Consultors [&hellip;]\" \/>\n<meta property=\"og:url\" content=\"https:\/\/www.crespicorredoria.com\/ca\/empresa\/assegurances-responsabilitat-civil\/rc-professional-marqueting-publicitat-disseny-consultoria\/\" \/>\n<meta property=\"og:site_name\" content=\"Crespi Corredur\u00eda de Seguros\" \/>\n<meta property=\"article:publisher\" content=\"https:\/\/www.facebook.com\/crespiassegurances\" \/>\n<meta property=\"article:modified_time\" content=\"2020-05-13T07:37:41+00:00\" \/>\n<meta property=\"og:image\" content=\"https:\/\/www.crespicorredoria.com\/wp-content\/uploads\/2020\/03\/header_RC_marketing.jpg\" \/>\n\t<meta property=\"og:image:width\" content=\"1920\" \/>\n\t<meta property=\"og:image:height\" content=\"600\" \/>\n\t<meta property=\"og:image:type\" content=\"image\/jpeg\" \/>\n<meta name=\"twitter:card\" content=\"summary_large_image\" \/>\n<meta name=\"twitter:site\" content=\"@crespicorredors\" \/>\n<meta name=\"twitter:label1\" content=\"Temps estimat de lectura\" \/>\n\t<meta name=\"twitter:data1\" content=\"1 minut\" \/>\n<script type=\"application\/ld+json\" class=\"yoast-schema-graph\">{\"@context\":\"https:\\\/\\\/schema.org\",\"@graph\":[{\"@type\":\"WebPage\",\"@id\":\"https:\\\/\\\/www.crespicorredoria.com\\\/ca\\\/empresa\\\/assegurances-responsabilitat-civil\\\/rc-professional-marqueting-publicitat-disseny-consultoria\\\/\",\"url\":\"https:\\\/\\\/www.crespicorredoria.com\\\/ca\\\/empresa\\\/assegurances-responsabilitat-civil\\\/rc-professional-marqueting-publicitat-disseny-consultoria\\\/\",\"name\":\"RC Professional M\u00e0rqueting\\\/Publicitat\\\/Disseny\\\/Consultoria - Assegurances Responsabilitat Civil | Crespi Corredur\u00eda de Seguros\",\"isPartOf\":{\"@id\":\"https:\\\/\\\/www.crespicorredoria.com\\\/ca\\\/#website\"},\"primaryImageOfPage\":{\"@id\":\"https:\\\/\\\/www.crespicorredoria.com\\\/ca\\\/empresa\\\/assegurances-responsabilitat-civil\\\/rc-professional-marqueting-publicitat-disseny-consultoria\\\/#primaryimage\"},\"image\":{\"@id\":\"https:\\\/\\\/www.crespicorredoria.com\\\/ca\\\/empresa\\\/assegurances-responsabilitat-civil\\\/rc-professional-marqueting-publicitat-disseny-consultoria\\\/#primaryimage\"},\"thumbnailUrl\":\"https:\\\/\\\/www.crespicorredoria.com\\\/wp-content\\\/uploads\\\/2020\\\/03\\\/header_RC_marketing.jpg\",\"datePublished\":\"2020-05-11T11:38:05+00:00\",\"dateModified\":\"2020-05-13T07:37:41+00:00\",\"breadcrumb\":{\"@id\":\"https:\\\/\\\/www.crespicorredoria.com\\\/ca\\\/empresa\\\/assegurances-responsabilitat-civil\\\/rc-professional-marqueting-publicitat-disseny-consultoria\\\/#breadcrumb\"},\"inLanguage\":\"ca\",\"potentialAction\":[{\"@type\":\"ReadAction\",\"target\":[\"https:\\\/\\\/www.crespicorredoria.com\\\/ca\\\/empresa\\\/assegurances-responsabilitat-civil\\\/rc-professional-marqueting-publicitat-disseny-consultoria\\\/\"]}]},{\"@type\":\"ImageObject\",\"inLanguage\":\"ca\",\"@id\":\"https:\\\/\\\/www.crespicorredoria.com\\\/ca\\\/empresa\\\/assegurances-responsabilitat-civil\\\/rc-professional-marqueting-publicitat-disseny-consultoria\\\/#primaryimage\",\"url\":\"https:\\\/\\\/www.crespicorredoria.com\\\/wp-content\\\/uploads\\\/2020\\\/03\\\/header_RC_marketing.jpg\",\"contentUrl\":\"https:\\\/\\\/www.crespicorredoria.com\\\/wp-content\\\/uploads\\\/2020\\\/03\\\/header_RC_marketing.jpg\",\"width\":1920,\"height\":600},{\"@type\":\"BreadcrumbList\",\"@id\":\"https:\\\/\\\/www.crespicorredoria.com\\\/ca\\\/empresa\\\/assegurances-responsabilitat-civil\\\/rc-professional-marqueting-publicitat-disseny-consultoria\\\/#breadcrumb\",\"itemListElement\":[{\"@type\":\"ListItem\",\"position\":1,\"name\":\"Portada\",\"item\":\"https:\\\/\\\/www.crespicorredoria.com\\\/ca\\\/\"},{\"@type\":\"ListItem\",\"position\":2,\"name\":\"Empreses\",\"item\":\"https:\\\/\\\/www.crespicorredoria.com\\\/ca\\\/empresas\\\/\"},{\"@type\":\"ListItem\",\"position\":3,\"name\":\"Assegurances Responsabilitat Civil\",\"item\":\"https:\\\/\\\/www.crespicorredoria.com\\\/ca\\\/empresas\\\/seguros-responsabilidad-civil\\\/\"},{\"@type\":\"ListItem\",\"position\":4,\"name\":\"RC Professional M\u00e0rqueting\\\/Publicitat\\\/Disseny\\\/Consultoria\"}]},{\"@type\":\"WebSite\",\"@id\":\"https:\\\/\\\/www.crespicorredoria.com\\\/ca\\\/#website\",\"url\":\"https:\\\/\\\/www.crespicorredoria.com\\\/ca\\\/\",\"name\":\"Crespi Corredur\u00eda de Seguros\",\"description\":\"\",\"publisher\":{\"@id\":\"https:\\\/\\\/www.crespicorredoria.com\\\/ca\\\/#organization\"},\"potentialAction\":[{\"@type\":\"SearchAction\",\"target\":{\"@type\":\"EntryPoint\",\"urlTemplate\":\"https:\\\/\\\/www.crespicorredoria.com\\\/ca\\\/?s={search_term_string}\"},\"query-input\":{\"@type\":\"PropertyValueSpecification\",\"valueRequired\":true,\"valueName\":\"search_term_string\"}}],\"inLanguage\":\"ca\"},{\"@type\":\"Organization\",\"@id\":\"https:\\\/\\\/www.crespicorredoria.com\\\/ca\\\/#organization\",\"name\":\"Crespi Corredor\u00eda de Seguros S.L.\",\"url\":\"https:\\\/\\\/www.crespicorredoria.com\\\/ca\\\/\",\"logo\":{\"@type\":\"ImageObject\",\"inLanguage\":\"ca\",\"@id\":\"https:\\\/\\\/www.crespicorredoria.com\\\/ca\\\/#\\\/schema\\\/logo\\\/image\\\/\",\"url\":\"https:\\\/\\\/www.crespicorredoria.com\\\/wp-content\\\/uploads\\\/2020\\\/01\\\/crespi-footer-2.png\",\"contentUrl\":\"https:\\\/\\\/www.crespicorredoria.com\\\/wp-content\\\/uploads\\\/2020\\\/01\\\/crespi-footer-2.png\",\"width\":300,\"height\":122,\"caption\":\"Crespi Corredor\u00eda de Seguros S.L.\"},\"image\":{\"@id\":\"https:\\\/\\\/www.crespicorredoria.com\\\/ca\\\/#\\\/schema\\\/logo\\\/image\\\/\"},\"sameAs\":[\"https:\\\/\\\/www.facebook.com\\\/crespiassegurances\",\"https:\\\/\\\/x.com\\\/crespicorredors\",\"https:\\\/\\\/www.instagram.com\\\/crespi_assegurances\\\/\",\"https:\\\/\\\/es.linkedin.com\\\/in\\\/roger-crespi-7b3951b1\"]}]}<\/script>\n<!-- \/ Yoast SEO plugin. -->","yoast_head_json":{"title":"RC Professional M\u00e0rqueting\/Publicitat\/Disseny\/Consultoria - Assegurances Responsabilitat Civil | Crespi Corredur\u00eda de Seguros","robots":{"index":"index","follow":"follow","max-snippet":"max-snippet:-1","max-image-preview":"max-image-preview:large","max-video-preview":"max-video-preview:-1"},"canonical":"https:\/\/www.crespicorredoria.com\/ca\/empresa\/assegurances-responsabilitat-civil\/rc-professional-marqueting-publicitat-disseny-consultoria\/","og_locale":"ca_ES","og_type":"article","og_title":"RC Professional M\u00e0rqueting\/Publicitat\/Disseny\/Consultoria - Assegurances Responsabilitat Civil | Crespi Corredur\u00eda de Seguros","og_description":"Objecte de cobertura Danys Patrimonials Primaris causats a tercers per Actes Negligents comesos en l\u2019exercici de la seva Activitat Professional. Nomenclatura d\u2019activitats Ag\u00e8ncies de m\u00e0rqueting (excepte m\u00e0rqueting directe, promoci\u00f3 de vendes i telem\u00e0rqueting) Ag\u00e8ncies de publicitat Agents comercials Assessors d\u2019imatge Assessors en comunicaci\u00f3 Assessors en relacions p\u00fabliques Coaching Community Manager Consultors en recursos humans Consultors [&hellip;]","og_url":"https:\/\/www.crespicorredoria.com\/ca\/empresa\/assegurances-responsabilitat-civil\/rc-professional-marqueting-publicitat-disseny-consultoria\/","og_site_name":"Crespi Corredur\u00eda de Seguros","article_publisher":"https:\/\/www.facebook.com\/crespiassegurances","article_modified_time":"2020-05-13T07:37:41+00:00","og_image":[{"width":1920,"height":600,"url":"https:\/\/www.crespicorredoria.com\/wp-content\/uploads\/2020\/03\/header_RC_marketing.jpg","type":"image\/jpeg"}],"twitter_card":"summary_large_image","twitter_site":"@crespicorredors","twitter_misc":{"Temps estimat de lectura":"1 minut"},"schema":{"@context":"https:\/\/schema.org","@graph":[{"@type":"WebPage","@id":"https:\/\/www.crespicorredoria.com\/ca\/empresa\/assegurances-responsabilitat-civil\/rc-professional-marqueting-publicitat-disseny-consultoria\/","url":"https:\/\/www.crespicorredoria.com\/ca\/empresa\/assegurances-responsabilitat-civil\/rc-professional-marqueting-publicitat-disseny-consultoria\/","name":"RC Professional M\u00e0rqueting\/Publicitat\/Disseny\/Consultoria - Assegurances Responsabilitat Civil | Crespi Corredur\u00eda de Seguros","isPartOf":{"@id":"https:\/\/www.crespicorredoria.com\/ca\/#website"},"primaryImageOfPage":{"@id":"https:\/\/www.crespicorredoria.com\/ca\/empresa\/assegurances-responsabilitat-civil\/rc-professional-marqueting-publicitat-disseny-consultoria\/#primaryimage"},"image":{"@id":"https:\/\/www.crespicorredoria.com\/ca\/empresa\/assegurances-responsabilitat-civil\/rc-professional-marqueting-publicitat-disseny-consultoria\/#primaryimage"},"thumbnailUrl":"https:\/\/www.crespicorredoria.com\/wp-content\/uploads\/2020\/03\/header_RC_marketing.jpg","datePublished":"2020-05-11T11:38:05+00:00","dateModified":"2020-05-13T07:37:41+00:00","breadcrumb":{"@id":"https:\/\/www.crespicorredoria.com\/ca\/empresa\/assegurances-responsabilitat-civil\/rc-professional-marqueting-publicitat-disseny-consultoria\/#breadcrumb"},"inLanguage":"ca","potentialAction":[{"@type":"ReadAction","target":["https:\/\/www.crespicorredoria.com\/ca\/empresa\/assegurances-responsabilitat-civil\/rc-professional-marqueting-publicitat-disseny-consultoria\/"]}]},{"@type":"ImageObject","inLanguage":"ca","@id":"https:\/\/www.crespicorredoria.com\/ca\/empresa\/assegurances-responsabilitat-civil\/rc-professional-marqueting-publicitat-disseny-consultoria\/#primaryimage","url":"https:\/\/www.crespicorredoria.com\/wp-content\/uploads\/2020\/03\/header_RC_marketing.jpg","contentUrl":"https:\/\/www.crespicorredoria.com\/wp-content\/uploads\/2020\/03\/header_RC_marketing.jpg","width":1920,"height":600},{"@type":"BreadcrumbList","@id":"https:\/\/www.crespicorredoria.com\/ca\/empresa\/assegurances-responsabilitat-civil\/rc-professional-marqueting-publicitat-disseny-consultoria\/#breadcrumb","itemListElement":[{"@type":"ListItem","position":1,"name":"Portada","item":"https:\/\/www.crespicorredoria.com\/ca\/"},{"@type":"ListItem","position":2,"name":"Empreses","item":"https:\/\/www.crespicorredoria.com\/ca\/empresas\/"},{"@type":"ListItem","position":3,"name":"Assegurances Responsabilitat Civil","item":"https:\/\/www.crespicorredoria.com\/ca\/empresas\/seguros-responsabilidad-civil\/"},{"@type":"ListItem","position":4,"name":"RC Professional M\u00e0rqueting\/Publicitat\/Disseny\/Consultoria"}]},{"@type":"WebSite","@id":"https:\/\/www.crespicorredoria.com\/ca\/#website","url":"https:\/\/www.crespicorredoria.com\/ca\/","name":"Crespi Corredur\u00eda de Seguros","description":"","publisher":{"@id":"https:\/\/www.crespicorredoria.com\/ca\/#organization"},"potentialAction":[{"@type":"SearchAction","target":{"@type":"EntryPoint","urlTemplate":"https:\/\/www.crespicorredoria.com\/ca\/?s={search_term_string}"},"query-input":{"@type":"PropertyValueSpecification","valueRequired":true,"valueName":"search_term_string"}}],"inLanguage":"ca"},{"@type":"Organization","@id":"https:\/\/www.crespicorredoria.com\/ca\/#organization","name":"Crespi Corredor\u00eda de Seguros S.L.","url":"https:\/\/www.crespicorredoria.com\/ca\/","logo":{"@type":"ImageObject","inLanguage":"ca","@id":"https:\/\/www.crespicorredoria.com\/ca\/#\/schema\/logo\/image\/","url":"https:\/\/www.crespicorredoria.com\/wp-content\/uploads\/2020\/01\/crespi-footer-2.png","contentUrl":"https:\/\/www.crespicorredoria.com\/wp-content\/uploads\/2020\/01\/crespi-footer-2.png","width":300,"height":122,"caption":"Crespi Corredor\u00eda de Seguros S.L."},"image":{"@id":"https:\/\/www.crespicorredoria.com\/ca\/#\/schema\/logo\/image\/"},"sameAs":["https:\/\/www.facebook.com\/crespiassegurances","https:\/\/x.com\/crespicorredors","https:\/\/www.instagram.com\/crespi_assegurances\/","https:\/\/es.linkedin.com\/in\/roger-crespi-7b3951b1"]}]}},"_links":{"self":[{"href":"https:\/\/www.crespicorredoria.com\/ca\/wp-json\/wp\/v2\/pages\/4118","targetHints":{"allow":["GET"]}}],"collection":[{"href":"https:\/\/www.crespicorredoria.com\/ca\/wp-json\/wp\/v2\/pages"}],"about":[{"href":"https:\/\/www.crespicorredoria.com\/ca\/wp-json\/wp\/v2\/types\/page"}],"author":[{"embeddable":true,"href":"https:\/\/www.crespicorredoria.com\/ca\/wp-json\/wp\/v2\/users\/1"}],"replies":[{"embeddable":true,"href":"https:\/\/www.crespicorredoria.com\/ca\/wp-json\/wp\/v2\/comments?post=4118"}],"version-history":[{"count":0,"href":"https:\/\/www.crespicorredoria.com\/ca\/wp-json\/wp\/v2\/pages\/4118\/revisions"}],"up":[{"embeddable":true,"href":"https:\/\/www.crespicorredoria.com\/ca\/wp-json\/wp\/v2\/pages\/3735"}],"wp:featuredmedia":[{"embeddable":true,"href":"https:\/\/www.crespicorredoria.com\/ca\/wp-json\/wp\/v2\/media\/3107"}],"wp:attachment":[{"href":"https:\/\/www.crespicorredoria.com\/ca\/wp-json\/wp\/v2\/media?parent=4118"}],"curies":[{"name":"wp","href":"https:\/\/api.w.org\/{rel}","templated":true}]}}