{"id":4160,"date":"2020-05-12T10:40:37","date_gmt":"2020-05-12T08:40:37","guid":{"rendered":"https:\/\/www.crespicorredoria.com\/empresa\/assegurances-construccio\/tot-risc-construccio\/"},"modified":"2020-05-12T10:40:38","modified_gmt":"2020-05-12T08:40:38","slug":"tot-risc-construccio","status":"publish","type":"page","link":"https:\/\/www.crespicorredoria.com\/ca\/empresa\/assegurances-construccio\/tot-risc-construccio\/","title":{"rendered":"Tot Risc Construcci\u00f3"},"content":{"rendered":"\t\t<div data-elementor-type=\"wp-page\" data-elementor-id=\"4160\" class=\"elementor elementor-4160 elementor-2506\" data-elementor-post-type=\"page\">\n\t\t\t\t\t\t<section class=\"elementor-section elementor-top-section elementor-element elementor-element-7d291759 elementor-section-boxed elementor-section-height-default elementor-section-height-default\" data-id=\"7d291759\" data-element_type=\"section\" data-e-type=\"section\">\n\t\t\t\t\t\t<div class=\"elementor-container elementor-column-gap-default\">\n\t\t\t\t\t<div class=\"elementor-column elementor-col-100 elementor-top-column elementor-element elementor-element-4f841bf4\" data-id=\"4f841bf4\" data-element_type=\"column\" data-e-type=\"column\">\n\t\t\t<div class=\"elementor-widget-wrap elementor-element-populated\">\n\t\t\t\t\t\t<div class=\"elementor-element elementor-element-366660f5 elementor-widget elementor-widget-text-editor\" data-id=\"366660f5\" data-element_type=\"widget\" data-e-type=\"widget\" data-widget_type=\"text-editor.default\">\n\t\t\t\t<div class=\"elementor-widget-container\">\n\t\t\t\t\t\t\t\t\t<p>Els diferents riscos que es presenten en l\u2019execuci\u00f3 d\u2019una obra poden comportar danys que afectin al desenvolupament previst de la construcci\u00f3.<\/p>\n<p>L\u2019objecte principal \u00e9s la <strong>pr\u00f2pia obra a construir i la protecci\u00f3 davant riscos convencionals<\/strong> (incendi, explosi\u00f3,&#8230;), de la naturalesa (vent, pluja, hurac\u00e0,&#8230;) etc.<\/p>\n<p>Aquesta asseguran\u00e7a contempla dues opcions de contractaci\u00f3; p\u00f2lissa per obra i p\u00f2lissa oberta.<\/p>\n\t\t\t\t\t\t\t\t<\/div>\n\t\t\t\t<\/div>\n\t\t\t\t\t<\/div>\n\t\t<\/div>\n\t\t\t\t\t<\/div>\n\t\t<\/section>\n\t\t\t\t<section class=\"elementor-section elementor-inner-section elementor-element elementor-element-794722d4 elementor-section-boxed elementor-section-height-default elementor-section-height-default\" data-id=\"794722d4\" data-element_type=\"section\" data-e-type=\"section\">\n\t\t\t\t\t\t<div class=\"elementor-container elementor-column-gap-no\">\n\t\t\t\t\t<div class=\"elementor-column elementor-col-100 elementor-inner-column elementor-element elementor-element-3bfd0080\" data-id=\"3bfd0080\" data-element_type=\"column\" data-e-type=\"column\">\n\t\t\t<div class=\"elementor-widget-wrap elementor-element-populated\">\n\t\t\t\t\t\t<div class=\"elementor-element elementor-element-4ccd2383 elementor-widget elementor-widget-heading\" data-id=\"4ccd2383\" data-element_type=\"widget\" data-e-type=\"widget\" data-widget_type=\"heading.default\">\n\t\t\t\t<div class=\"elementor-widget-container\">\n\t\t\t\t\t<h3 class=\"elementor-heading-title elementor-size-default\">Garanties b\u00e0siques<\/h3>\t\t\t\t<\/div>\n\t\t\t\t<\/div>\n\t\t\t\t<div class=\"elementor-element elementor-element-4c61fba1 elementor-widget elementor-widget-text-editor\" data-id=\"4c61fba1\" data-element_type=\"widget\" data-e-type=\"widget\" data-widget_type=\"text-editor.default\">\n\t\t\t\t<div class=\"elementor-widget-container\">\n\t\t\t\t\t\t\t\t\t<p>L\u2019objecte principal \u00e9s la pr\u00f2pia obra a construir, entenent com a tal el conjunt de treballs permanents i temporals realitzats i en curs de realitzaci\u00f3. S\u2019inclouen igualment les obres auxiliars, els materials o els aprovisionaments i els aplecs per a la obra assegurada.<\/p>\n<ul>\n<li><strong>Riscos convencionals<\/strong>: Incendi, explosi\u00f3, llamp, robatori, topades, etc.<\/li>\n<li><strong>Riscos de la naturalesa de car\u00e0cter extraordinari<\/strong>: Vent, pedra, neu, gelada, tempestats, hurac\u00e0, inundaci\u00f3, cicl\u00f3, corriment de terres, despreniment de roques, terratr\u00e8mols, etc.<\/li>\n<li><strong>Riscos propis inherents a l\u2019execuci\u00f3<\/strong>: Errors humans, defectes de material, execucions defectuoses, errors de disseny, etc.<\/li>\n<\/ul>\n\t\t\t\t\t\t\t\t<\/div>\n\t\t\t\t<\/div>\n\t\t\t\t\t<\/div>\n\t\t<\/div>\n\t\t\t\t\t<\/div>\n\t\t<\/section>\n\t\t\t\t<section class=\"elementor-section elementor-inner-section elementor-element elementor-element-56b16ced elementor-section-boxed elementor-section-height-default elementor-section-height-default\" data-id=\"56b16ced\" data-element_type=\"section\" data-e-type=\"section\">\n\t\t\t\t\t\t<div class=\"elementor-container elementor-column-gap-default\">\n\t\t\t\t\t<div class=\"elementor-column elementor-col-100 elementor-inner-column elementor-element elementor-element-4726264e\" data-id=\"4726264e\" data-element_type=\"column\" data-e-type=\"column\" data-settings=\"{&quot;background_background&quot;:&quot;classic&quot;}\">\n\t\t\t<div class=\"elementor-widget-wrap elementor-element-populated\">\n\t\t\t\t\t\t<div class=\"elementor-element elementor-element-1bd6f655 elementor-widget elementor-widget-heading\" data-id=\"1bd6f655\" data-element_type=\"widget\" data-e-type=\"widget\" data-widget_type=\"heading.default\">\n\t\t\t\t<div class=\"elementor-widget-container\">\n\t\t\t\t\t<h3 class=\"elementor-heading-title elementor-size-default\">Garanties complement\u00e0ries<\/h3>\t\t\t\t<\/div>\n\t\t\t\t<\/div>\n\t\t\t\t<div class=\"elementor-element elementor-element-43306f49 elementor-widget elementor-widget-text-editor\" data-id=\"43306f49\" data-element_type=\"widget\" data-e-type=\"widget\" data-widget_type=\"text-editor.default\">\n\t\t\t\t<div class=\"elementor-widget-container\">\n\t\t\t\t\t\t\t\t\t<ul>\n<li>Manteniment ampli<\/li>\n<li>Despeses de demolici\u00f3 i\/o desenrunament<\/li>\n<li>Despeses d\u2019extinci\u00f3<\/li>\n<li>Despeses per hores extraordin\u00e0ries<\/li>\n<li>Vaga, mot\u00ed, commoci\u00f3 civil i sabotatge<\/li>\n<li>Terrorisme (En castellano sobra un espacio al incio<\/li>\n<li>Maquin\u00e0ria de construcci\u00f3: danys d\u2019origen extern a la m\u00e0quina<\/li>\n<li>Equips de construcci\u00f3: bastides, apuntalaments, encofrats, casetes, etc.<\/li>\n<li>B\u00e9ns preexistents<\/li>\n<\/ul>\n\t\t\t\t\t\t\t\t<\/div>\n\t\t\t\t<\/div>\n\t\t\t\t\t<\/div>\n\t\t<\/div>\n\t\t\t\t\t<\/div>\n\t\t<\/section>\n\t\t\t\t<\/div>\n\t\t","protected":false},"excerpt":{"rendered":"<p>Els diferents riscos que es presenten en l\u2019execuci\u00f3 d\u2019una obra poden comportar danys que afectin al desenvolupament previst de la construcci\u00f3. L\u2019objecte principal \u00e9s la pr\u00f2pia obra a construir i la protecci\u00f3 davant riscos convencionals (incendi, explosi\u00f3,&#8230;), de la naturalesa (vent, pluja, hurac\u00e0,&#8230;) etc. Aquesta asseguran\u00e7a contempla dues opcions de contractaci\u00f3; p\u00f2lissa per obra i [&hellip;]<\/p>\n","protected":false},"author":1,"featured_media":2596,"parent":3740,"menu_order":0,"comment_status":"closed","ping_status":"closed","template":"","meta":{"site-sidebar-layout":"right-sidebar","site-content-layout":"default","ast-site-content-layout":"default","site-content-style":"default","site-sidebar-style":"default","ast-global-header-display":"","ast-banner-title-visibility":"","ast-main-header-display":"","ast-hfb-above-header-display":"","ast-hfb-below-header-display":"","ast-hfb-mobile-header-display":"","site-post-title":"disabled","ast-breadcrumbs-content":"","ast-featured-img":"disabled","footer-sml-layout":"","ast-disable-related-posts":"","theme-transparent-header-meta":"","adv-header-id-meta":"1412","stick-header-meta":"","header-above-stick-meta":"","header-main-stick-meta":"","header-below-stick-meta":"","astra-migrate-meta-layouts":"default","ast-page-background-enabled":"default","ast-page-background-meta":{"desktop":{"background-color":"","background-image":"","background-repeat":"repeat","background-position":"center center","background-size":"auto","background-attachment":"scroll","background-type":"","background-media":"","overlay-type":"","overlay-color":"","overlay-opacity":"","overlay-gradient":""},"tablet":{"background-color":"","background-image":"","background-repeat":"repeat","background-position":"center center","background-size":"auto","background-attachment":"scroll","background-type":"","background-media":"","overlay-type":"","overlay-color":"","overlay-opacity":"","overlay-gradient":""},"mobile":{"background-color":"","background-image":"","background-repeat":"repeat","background-position":"center center","background-size":"auto","background-attachment":"scroll","background-type":"","background-media":"","overlay-type":"","overlay-color":"","overlay-opacity":"","overlay-gradient":""}},"ast-content-background-meta":{"desktop":{"background-color":"var(--ast-global-color-5)","background-image":"","background-repeat":"repeat","background-position":"center center","background-size":"auto","background-attachment":"scroll","background-type":"","background-media":"","overlay-type":"","overlay-color":"","overlay-opacity":"","overlay-gradient":""},"tablet":{"background-color":"var(--ast-global-color-5)","background-image":"","background-repeat":"repeat","background-position":"center center","background-size":"auto","background-attachment":"scroll","background-type":"","background-media":"","overlay-type":"","overlay-color":"","overlay-opacity":"","overlay-gradient":""},"mobile":{"background-color":"var(--ast-global-color-5)","background-image":"","background-repeat":"repeat","background-position":"center center","background-size":"auto","background-attachment":"scroll","background-type":"","background-media":"","overlay-type":"","overlay-color":"","overlay-opacity":"","overlay-gradient":""}},"_joinchat":[],"footnotes":""},"class_list":["post-4160","page","type-page","status-publish","has-post-thumbnail","hentry"],"yoast_head":"<!-- This site is optimized with the Yoast SEO plugin v27.6 - https:\/\/yoast.com\/product\/yoast-seo-wordpress\/ -->\n<title>Tot Risc Construcci\u00f3 - Assegurances Construcci\u00f3 | Crespi Corredur\u00eda de Seguros<\/title>\n<meta name=\"robots\" content=\"index, follow, max-snippet:-1, max-image-preview:large, max-video-preview:-1\" \/>\n<link rel=\"canonical\" href=\"https:\/\/www.crespicorredoria.com\/ca\/empresa\/assegurances-construccio\/tot-risc-construccio\/\" \/>\n<meta property=\"og:locale\" content=\"ca_ES\" \/>\n<meta property=\"og:type\" content=\"article\" \/>\n<meta property=\"og:title\" content=\"Tot Risc Construcci\u00f3 - Assegurances Construcci\u00f3 | Crespi Corredur\u00eda de Seguros\" \/>\n<meta property=\"og:description\" content=\"Els diferents riscos que es presenten en l\u2019execuci\u00f3 d\u2019una obra poden comportar danys que afectin al desenvolupament previst de la construcci\u00f3. L\u2019objecte principal \u00e9s la pr\u00f2pia obra a construir i la protecci\u00f3 davant riscos convencionals (incendi, explosi\u00f3,&#8230;), de la naturalesa (vent, pluja, hurac\u00e0,&#8230;) etc. Aquesta asseguran\u00e7a contempla dues opcions de contractaci\u00f3; p\u00f2lissa per obra i [&hellip;]\" \/>\n<meta property=\"og:url\" content=\"https:\/\/www.crespicorredoria.com\/ca\/empresa\/assegurances-construccio\/tot-risc-construccio\/\" \/>\n<meta property=\"og:site_name\" content=\"Crespi Corredur\u00eda de Seguros\" \/>\n<meta property=\"article:publisher\" content=\"https:\/\/www.facebook.com\/crespiassegurances\" \/>\n<meta property=\"article:modified_time\" content=\"2020-05-12T08:40:38+00:00\" \/>\n<meta property=\"og:image\" content=\"https:\/\/www.crespicorredoria.com\/wp-content\/uploads\/2020\/02\/header-construccion-garantia-trienal.jpg\" \/>\n\t<meta property=\"og:image:width\" content=\"1920\" \/>\n\t<meta property=\"og:image:height\" content=\"600\" \/>\n\t<meta property=\"og:image:type\" content=\"image\/jpeg\" \/>\n<meta name=\"twitter:card\" content=\"summary_large_image\" \/>\n<meta name=\"twitter:site\" content=\"@crespicorredors\" \/>\n<meta name=\"twitter:label1\" content=\"Temps estimat de lectura\" \/>\n\t<meta name=\"twitter:data1\" content=\"1 minut\" \/>\n<script type=\"application\/ld+json\" class=\"yoast-schema-graph\">{\"@context\":\"https:\\\/\\\/schema.org\",\"@graph\":[{\"@type\":\"WebPage\",\"@id\":\"https:\\\/\\\/www.crespicorredoria.com\\\/ca\\\/empresa\\\/assegurances-construccio\\\/tot-risc-construccio\\\/\",\"url\":\"https:\\\/\\\/www.crespicorredoria.com\\\/ca\\\/empresa\\\/assegurances-construccio\\\/tot-risc-construccio\\\/\",\"name\":\"Tot Risc Construcci\u00f3 - Assegurances Construcci\u00f3 | Crespi Corredur\u00eda de Seguros\",\"isPartOf\":{\"@id\":\"https:\\\/\\\/www.crespicorredoria.com\\\/ca\\\/#website\"},\"primaryImageOfPage\":{\"@id\":\"https:\\\/\\\/www.crespicorredoria.com\\\/ca\\\/empresa\\\/assegurances-construccio\\\/tot-risc-construccio\\\/#primaryimage\"},\"image\":{\"@id\":\"https:\\\/\\\/www.crespicorredoria.com\\\/ca\\\/empresa\\\/assegurances-construccio\\\/tot-risc-construccio\\\/#primaryimage\"},\"thumbnailUrl\":\"https:\\\/\\\/www.crespicorredoria.com\\\/wp-content\\\/uploads\\\/2020\\\/02\\\/header-construccion-garantia-trienal.jpg\",\"datePublished\":\"2020-05-12T08:40:37+00:00\",\"dateModified\":\"2020-05-12T08:40:38+00:00\",\"breadcrumb\":{\"@id\":\"https:\\\/\\\/www.crespicorredoria.com\\\/ca\\\/empresa\\\/assegurances-construccio\\\/tot-risc-construccio\\\/#breadcrumb\"},\"inLanguage\":\"ca\",\"potentialAction\":[{\"@type\":\"ReadAction\",\"target\":[\"https:\\\/\\\/www.crespicorredoria.com\\\/ca\\\/empresa\\\/assegurances-construccio\\\/tot-risc-construccio\\\/\"]}]},{\"@type\":\"ImageObject\",\"inLanguage\":\"ca\",\"@id\":\"https:\\\/\\\/www.crespicorredoria.com\\\/ca\\\/empresa\\\/assegurances-construccio\\\/tot-risc-construccio\\\/#primaryimage\",\"url\":\"https:\\\/\\\/www.crespicorredoria.com\\\/wp-content\\\/uploads\\\/2020\\\/02\\\/header-construccion-garantia-trienal.jpg\",\"contentUrl\":\"https:\\\/\\\/www.crespicorredoria.com\\\/wp-content\\\/uploads\\\/2020\\\/02\\\/header-construccion-garantia-trienal.jpg\",\"width\":1920,\"height\":600},{\"@type\":\"BreadcrumbList\",\"@id\":\"https:\\\/\\\/www.crespicorredoria.com\\\/ca\\\/empresa\\\/assegurances-construccio\\\/tot-risc-construccio\\\/#breadcrumb\",\"itemListElement\":[{\"@type\":\"ListItem\",\"position\":1,\"name\":\"Portada\",\"item\":\"https:\\\/\\\/www.crespicorredoria.com\\\/ca\\\/\"},{\"@type\":\"ListItem\",\"position\":2,\"name\":\"Empreses\",\"item\":\"https:\\\/\\\/www.crespicorredoria.com\\\/ca\\\/empresas\\\/\"},{\"@type\":\"ListItem\",\"position\":3,\"name\":\"Assegurances Construcci\u00f3\",\"item\":\"https:\\\/\\\/www.crespicorredoria.com\\\/ca\\\/empresas\\\/seguros-construccion\\\/\"},{\"@type\":\"ListItem\",\"position\":4,\"name\":\"Tot Risc Construcci\u00f3\"}]},{\"@type\":\"WebSite\",\"@id\":\"https:\\\/\\\/www.crespicorredoria.com\\\/ca\\\/#website\",\"url\":\"https:\\\/\\\/www.crespicorredoria.com\\\/ca\\\/\",\"name\":\"Crespi Corredur\u00eda de Seguros\",\"description\":\"\",\"publisher\":{\"@id\":\"https:\\\/\\\/www.crespicorredoria.com\\\/ca\\\/#organization\"},\"potentialAction\":[{\"@type\":\"SearchAction\",\"target\":{\"@type\":\"EntryPoint\",\"urlTemplate\":\"https:\\\/\\\/www.crespicorredoria.com\\\/ca\\\/?s={search_term_string}\"},\"query-input\":{\"@type\":\"PropertyValueSpecification\",\"valueRequired\":true,\"valueName\":\"search_term_string\"}}],\"inLanguage\":\"ca\"},{\"@type\":\"Organization\",\"@id\":\"https:\\\/\\\/www.crespicorredoria.com\\\/ca\\\/#organization\",\"name\":\"Crespi Corredor\u00eda de Seguros S.L.\",\"url\":\"https:\\\/\\\/www.crespicorredoria.com\\\/ca\\\/\",\"logo\":{\"@type\":\"ImageObject\",\"inLanguage\":\"ca\",\"@id\":\"https:\\\/\\\/www.crespicorredoria.com\\\/ca\\\/#\\\/schema\\\/logo\\\/image\\\/\",\"url\":\"https:\\\/\\\/www.crespicorredoria.com\\\/wp-content\\\/uploads\\\/2020\\\/01\\\/crespi-footer-2.png\",\"contentUrl\":\"https:\\\/\\\/www.crespicorredoria.com\\\/wp-content\\\/uploads\\\/2020\\\/01\\\/crespi-footer-2.png\",\"width\":300,\"height\":122,\"caption\":\"Crespi Corredor\u00eda de Seguros S.L.\"},\"image\":{\"@id\":\"https:\\\/\\\/www.crespicorredoria.com\\\/ca\\\/#\\\/schema\\\/logo\\\/image\\\/\"},\"sameAs\":[\"https:\\\/\\\/www.facebook.com\\\/crespiassegurances\",\"https:\\\/\\\/x.com\\\/crespicorredors\",\"https:\\\/\\\/www.instagram.com\\\/crespi_assegurances\\\/\",\"https:\\\/\\\/es.linkedin.com\\\/in\\\/roger-crespi-7b3951b1\"]}]}<\/script>\n<!-- \/ Yoast SEO plugin. -->","yoast_head_json":{"title":"Tot Risc Construcci\u00f3 - Assegurances Construcci\u00f3 | Crespi Corredur\u00eda de Seguros","robots":{"index":"index","follow":"follow","max-snippet":"max-snippet:-1","max-image-preview":"max-image-preview:large","max-video-preview":"max-video-preview:-1"},"canonical":"https:\/\/www.crespicorredoria.com\/ca\/empresa\/assegurances-construccio\/tot-risc-construccio\/","og_locale":"ca_ES","og_type":"article","og_title":"Tot Risc Construcci\u00f3 - Assegurances Construcci\u00f3 | Crespi Corredur\u00eda de Seguros","og_description":"Els diferents riscos que es presenten en l\u2019execuci\u00f3 d\u2019una obra poden comportar danys que afectin al desenvolupament previst de la construcci\u00f3. L\u2019objecte principal \u00e9s la pr\u00f2pia obra a construir i la protecci\u00f3 davant riscos convencionals (incendi, explosi\u00f3,&#8230;), de la naturalesa (vent, pluja, hurac\u00e0,&#8230;) etc. Aquesta asseguran\u00e7a contempla dues opcions de contractaci\u00f3; p\u00f2lissa per obra i [&hellip;]","og_url":"https:\/\/www.crespicorredoria.com\/ca\/empresa\/assegurances-construccio\/tot-risc-construccio\/","og_site_name":"Crespi Corredur\u00eda de Seguros","article_publisher":"https:\/\/www.facebook.com\/crespiassegurances","article_modified_time":"2020-05-12T08:40:38+00:00","og_image":[{"width":1920,"height":600,"url":"https:\/\/www.crespicorredoria.com\/wp-content\/uploads\/2020\/02\/header-construccion-garantia-trienal.jpg","type":"image\/jpeg"}],"twitter_card":"summary_large_image","twitter_site":"@crespicorredors","twitter_misc":{"Temps estimat de lectura":"1 minut"},"schema":{"@context":"https:\/\/schema.org","@graph":[{"@type":"WebPage","@id":"https:\/\/www.crespicorredoria.com\/ca\/empresa\/assegurances-construccio\/tot-risc-construccio\/","url":"https:\/\/www.crespicorredoria.com\/ca\/empresa\/assegurances-construccio\/tot-risc-construccio\/","name":"Tot Risc Construcci\u00f3 - Assegurances Construcci\u00f3 | Crespi Corredur\u00eda de Seguros","isPartOf":{"@id":"https:\/\/www.crespicorredoria.com\/ca\/#website"},"primaryImageOfPage":{"@id":"https:\/\/www.crespicorredoria.com\/ca\/empresa\/assegurances-construccio\/tot-risc-construccio\/#primaryimage"},"image":{"@id":"https:\/\/www.crespicorredoria.com\/ca\/empresa\/assegurances-construccio\/tot-risc-construccio\/#primaryimage"},"thumbnailUrl":"https:\/\/www.crespicorredoria.com\/wp-content\/uploads\/2020\/02\/header-construccion-garantia-trienal.jpg","datePublished":"2020-05-12T08:40:37+00:00","dateModified":"2020-05-12T08:40:38+00:00","breadcrumb":{"@id":"https:\/\/www.crespicorredoria.com\/ca\/empresa\/assegurances-construccio\/tot-risc-construccio\/#breadcrumb"},"inLanguage":"ca","potentialAction":[{"@type":"ReadAction","target":["https:\/\/www.crespicorredoria.com\/ca\/empresa\/assegurances-construccio\/tot-risc-construccio\/"]}]},{"@type":"ImageObject","inLanguage":"ca","@id":"https:\/\/www.crespicorredoria.com\/ca\/empresa\/assegurances-construccio\/tot-risc-construccio\/#primaryimage","url":"https:\/\/www.crespicorredoria.com\/wp-content\/uploads\/2020\/02\/header-construccion-garantia-trienal.jpg","contentUrl":"https:\/\/www.crespicorredoria.com\/wp-content\/uploads\/2020\/02\/header-construccion-garantia-trienal.jpg","width":1920,"height":600},{"@type":"BreadcrumbList","@id":"https:\/\/www.crespicorredoria.com\/ca\/empresa\/assegurances-construccio\/tot-risc-construccio\/#breadcrumb","itemListElement":[{"@type":"ListItem","position":1,"name":"Portada","item":"https:\/\/www.crespicorredoria.com\/ca\/"},{"@type":"ListItem","position":2,"name":"Empreses","item":"https:\/\/www.crespicorredoria.com\/ca\/empresas\/"},{"@type":"ListItem","position":3,"name":"Assegurances Construcci\u00f3","item":"https:\/\/www.crespicorredoria.com\/ca\/empresas\/seguros-construccion\/"},{"@type":"ListItem","position":4,"name":"Tot Risc Construcci\u00f3"}]},{"@type":"WebSite","@id":"https:\/\/www.crespicorredoria.com\/ca\/#website","url":"https:\/\/www.crespicorredoria.com\/ca\/","name":"Crespi Corredur\u00eda de Seguros","description":"","publisher":{"@id":"https:\/\/www.crespicorredoria.com\/ca\/#organization"},"potentialAction":[{"@type":"SearchAction","target":{"@type":"EntryPoint","urlTemplate":"https:\/\/www.crespicorredoria.com\/ca\/?s={search_term_string}"},"query-input":{"@type":"PropertyValueSpecification","valueRequired":true,"valueName":"search_term_string"}}],"inLanguage":"ca"},{"@type":"Organization","@id":"https:\/\/www.crespicorredoria.com\/ca\/#organization","name":"Crespi Corredor\u00eda de Seguros S.L.","url":"https:\/\/www.crespicorredoria.com\/ca\/","logo":{"@type":"ImageObject","inLanguage":"ca","@id":"https:\/\/www.crespicorredoria.com\/ca\/#\/schema\/logo\/image\/","url":"https:\/\/www.crespicorredoria.com\/wp-content\/uploads\/2020\/01\/crespi-footer-2.png","contentUrl":"https:\/\/www.crespicorredoria.com\/wp-content\/uploads\/2020\/01\/crespi-footer-2.png","width":300,"height":122,"caption":"Crespi Corredor\u00eda de Seguros S.L."},"image":{"@id":"https:\/\/www.crespicorredoria.com\/ca\/#\/schema\/logo\/image\/"},"sameAs":["https:\/\/www.facebook.com\/crespiassegurances","https:\/\/x.com\/crespicorredors","https:\/\/www.instagram.com\/crespi_assegurances\/","https:\/\/es.linkedin.com\/in\/roger-crespi-7b3951b1"]}]}},"_links":{"self":[{"href":"https:\/\/www.crespicorredoria.com\/ca\/wp-json\/wp\/v2\/pages\/4160","targetHints":{"allow":["GET"]}}],"collection":[{"href":"https:\/\/www.crespicorredoria.com\/ca\/wp-json\/wp\/v2\/pages"}],"about":[{"href":"https:\/\/www.crespicorredoria.com\/ca\/wp-json\/wp\/v2\/types\/page"}],"author":[{"embeddable":true,"href":"https:\/\/www.crespicorredoria.com\/ca\/wp-json\/wp\/v2\/users\/1"}],"replies":[{"embeddable":true,"href":"https:\/\/www.crespicorredoria.com\/ca\/wp-json\/wp\/v2\/comments?post=4160"}],"version-history":[{"count":0,"href":"https:\/\/www.crespicorredoria.com\/ca\/wp-json\/wp\/v2\/pages\/4160\/revisions"}],"up":[{"embeddable":true,"href":"https:\/\/www.crespicorredoria.com\/ca\/wp-json\/wp\/v2\/pages\/3740"}],"wp:featuredmedia":[{"embeddable":true,"href":"https:\/\/www.crespicorredoria.com\/ca\/wp-json\/wp\/v2\/media\/2596"}],"wp:attachment":[{"href":"https:\/\/www.crespicorredoria.com\/ca\/wp-json\/wp\/v2\/media?parent=4160"}],"curies":[{"name":"wp","href":"https:\/\/api.w.org\/{rel}","templated":true}]}}