{"id":4164,"date":"2020-05-12T10:44:23","date_gmt":"2020-05-12T08:44:23","guid":{"rendered":"https:\/\/www.crespicorredoria.com\/empresa\/assegurances-construccio\/garantia-triennal\/"},"modified":"2020-05-12T10:44:23","modified_gmt":"2020-05-12T08:44:23","slug":"garantia-triennal","status":"publish","type":"page","link":"https:\/\/www.crespicorredoria.com\/ca\/empresa\/assegurances-construccio\/garantia-triennal\/","title":{"rendered":"Garantia Triennal"},"content":{"rendered":"\t\t<div data-elementor-type=\"wp-page\" data-elementor-id=\"4164\" class=\"elementor elementor-4164 elementor-2512\" data-elementor-post-type=\"page\">\n\t\t\t\t\t\t<section class=\"elementor-section elementor-top-section elementor-element elementor-element-7d291759 elementor-section-boxed elementor-section-height-default elementor-section-height-default\" data-id=\"7d291759\" data-element_type=\"section\" data-e-type=\"section\">\n\t\t\t\t\t\t<div class=\"elementor-container elementor-column-gap-default\">\n\t\t\t\t\t<div class=\"elementor-column elementor-col-100 elementor-top-column elementor-element elementor-element-4f841bf4\" data-id=\"4f841bf4\" data-element_type=\"column\" data-e-type=\"column\">\n\t\t\t<div class=\"elementor-widget-wrap elementor-element-populated\">\n\t\t\t\t\t\t<div class=\"elementor-element elementor-element-366660f5 elementor-widget elementor-widget-text-editor\" data-id=\"366660f5\" data-element_type=\"widget\" data-e-type=\"widget\" data-widget_type=\"text-editor.default\">\n\t\t\t\t<div class=\"elementor-widget-container\">\n\t\t\t\t\t\t\t\t\t<p>Garantia associada a l\u2019asseguran\u00e7a Decennal de danys. La garantia triennal cobreix els danys materials que es produeixin en l\u2019edifici com a conseq\u00fc\u00e8ncia de <strong>vicis o defectes de l\u2019obra secund\u00e0ria<\/strong>, instal\u00b7lacions i impermeabilitzacions.<\/p>\n<p>Segons dades de la Organitzaci\u00f3 de Consumidors i Usuaris, les reclamacions relacionades amb les humitats i la obra secund\u00e0ria suposen un 44% del total de reclamacions en refer\u00e8ncia als habitatges. A m\u00e9s, la majoria dels danys d\u2019humitats deguts a errors de projecte o execuci\u00f3, es d\u00f3nen dins el primer any de vida d\u2019un edifici.<\/p>\n\t\t\t\t\t\t\t\t<\/div>\n\t\t\t\t<\/div>\n\t\t\t\t\t<\/div>\n\t\t<\/div>\n\t\t\t\t\t<\/div>\n\t\t<\/section>\n\t\t\t\t<\/div>\n\t\t","protected":false},"excerpt":{"rendered":"<p>Garantia associada a l\u2019asseguran\u00e7a Decennal de danys. La garantia triennal cobreix els danys materials que es produeixin en l\u2019edifici com a conseq\u00fc\u00e8ncia de vicis o defectes de l\u2019obra secund\u00e0ria, instal\u00b7lacions i impermeabilitzacions. Segons dades de la Organitzaci\u00f3 de Consumidors i Usuaris, les reclamacions relacionades amb les humitats i la obra secund\u00e0ria suposen un 44% del [&hellip;]<\/p>\n","protected":false},"author":1,"featured_media":2590,"parent":3740,"menu_order":0,"comment_status":"closed","ping_status":"closed","template":"","meta":{"site-sidebar-layout":"right-sidebar","site-content-layout":"default","ast-site-content-layout":"default","site-content-style":"default","site-sidebar-style":"default","ast-global-header-display":"","ast-banner-title-visibility":"","ast-main-header-display":"","ast-hfb-above-header-display":"","ast-hfb-below-header-display":"","ast-hfb-mobile-header-display":"","site-post-title":"disabled","ast-breadcrumbs-content":"","ast-featured-img":"disabled","footer-sml-layout":"","ast-disable-related-posts":"","theme-transparent-header-meta":"","adv-header-id-meta":"1412","stick-header-meta":"","header-above-stick-meta":"","header-main-stick-meta":"","header-below-stick-meta":"","astra-migrate-meta-layouts":"default","ast-page-background-enabled":"default","ast-page-background-meta":{"desktop":{"background-color":"","background-image":"","background-repeat":"repeat","background-position":"center center","background-size":"auto","background-attachment":"scroll","background-type":"","background-media":"","overlay-type":"","overlay-color":"","overlay-opacity":"","overlay-gradient":""},"tablet":{"background-color":"","background-image":"","background-repeat":"repeat","background-position":"center center","background-size":"auto","background-attachment":"scroll","background-type":"","background-media":"","overlay-type":"","overlay-color":"","overlay-opacity":"","overlay-gradient":""},"mobile":{"background-color":"","background-image":"","background-repeat":"repeat","background-position":"center center","background-size":"auto","background-attachment":"scroll","background-type":"","background-media":"","overlay-type":"","overlay-color":"","overlay-opacity":"","overlay-gradient":""}},"ast-content-background-meta":{"desktop":{"background-color":"var(--ast-global-color-5)","background-image":"","background-repeat":"repeat","background-position":"center center","background-size":"auto","background-attachment":"scroll","background-type":"","background-media":"","overlay-type":"","overlay-color":"","overlay-opacity":"","overlay-gradient":""},"tablet":{"background-color":"var(--ast-global-color-5)","background-image":"","background-repeat":"repeat","background-position":"center center","background-size":"auto","background-attachment":"scroll","background-type":"","background-media":"","overlay-type":"","overlay-color":"","overlay-opacity":"","overlay-gradient":""},"mobile":{"background-color":"var(--ast-global-color-5)","background-image":"","background-repeat":"repeat","background-position":"center center","background-size":"auto","background-attachment":"scroll","background-type":"","background-media":"","overlay-type":"","overlay-color":"","overlay-opacity":"","overlay-gradient":""}},"_joinchat":[],"footnotes":""},"class_list":["post-4164","page","type-page","status-publish","has-post-thumbnail","hentry"],"yoast_head":"<!-- This site is optimized with the Yoast SEO plugin v27.6 - https:\/\/yoast.com\/product\/yoast-seo-wordpress\/ -->\n<title>Garantia Triennal - Assegurances Construcci\u00f3 | Crespi Corredur\u00eda de Seguros<\/title>\n<meta name=\"robots\" content=\"index, follow, max-snippet:-1, max-image-preview:large, max-video-preview:-1\" \/>\n<link rel=\"canonical\" href=\"https:\/\/www.crespicorredoria.com\/ca\/empresa\/assegurances-construccio\/garantia-triennal\/\" \/>\n<meta property=\"og:locale\" content=\"ca_ES\" \/>\n<meta property=\"og:type\" content=\"article\" \/>\n<meta property=\"og:title\" content=\"Garantia Triennal - Assegurances Construcci\u00f3 | Crespi Corredur\u00eda de Seguros\" \/>\n<meta property=\"og:description\" content=\"Garantia associada a l\u2019asseguran\u00e7a Decennal de danys. La garantia triennal cobreix els danys materials que es produeixin en l\u2019edifici com a conseq\u00fc\u00e8ncia de vicis o defectes de l\u2019obra secund\u00e0ria, instal\u00b7lacions i impermeabilitzacions. Segons dades de la Organitzaci\u00f3 de Consumidors i Usuaris, les reclamacions relacionades amb les humitats i la obra secund\u00e0ria suposen un 44% del [&hellip;]\" \/>\n<meta property=\"og:url\" content=\"https:\/\/www.crespicorredoria.com\/ca\/empresa\/assegurances-construccio\/garantia-triennal\/\" \/>\n<meta property=\"og:site_name\" content=\"Crespi Corredur\u00eda de Seguros\" \/>\n<meta property=\"article:publisher\" content=\"https:\/\/www.facebook.com\/crespiassegurances\" \/>\n<meta property=\"og:image\" content=\"https:\/\/www.crespicorredoria.com\/wp-content\/uploads\/2020\/02\/header-construccion-todo-riesgo.jpg\" \/>\n\t<meta property=\"og:image:width\" content=\"1920\" \/>\n\t<meta property=\"og:image:height\" content=\"600\" \/>\n\t<meta property=\"og:image:type\" content=\"image\/jpeg\" \/>\n<meta name=\"twitter:card\" content=\"summary_large_image\" \/>\n<meta name=\"twitter:site\" content=\"@crespicorredors\" \/>\n<script type=\"application\/ld+json\" class=\"yoast-schema-graph\">{\"@context\":\"https:\\\/\\\/schema.org\",\"@graph\":[{\"@type\":\"WebPage\",\"@id\":\"https:\\\/\\\/www.crespicorredoria.com\\\/ca\\\/empresa\\\/assegurances-construccio\\\/garantia-triennal\\\/\",\"url\":\"https:\\\/\\\/www.crespicorredoria.com\\\/ca\\\/empresa\\\/assegurances-construccio\\\/garantia-triennal\\\/\",\"name\":\"Garantia Triennal - Assegurances Construcci\u00f3 | Crespi Corredur\u00eda de Seguros\",\"isPartOf\":{\"@id\":\"https:\\\/\\\/www.crespicorredoria.com\\\/ca\\\/#website\"},\"primaryImageOfPage\":{\"@id\":\"https:\\\/\\\/www.crespicorredoria.com\\\/ca\\\/empresa\\\/assegurances-construccio\\\/garantia-triennal\\\/#primaryimage\"},\"image\":{\"@id\":\"https:\\\/\\\/www.crespicorredoria.com\\\/ca\\\/empresa\\\/assegurances-construccio\\\/garantia-triennal\\\/#primaryimage\"},\"thumbnailUrl\":\"https:\\\/\\\/www.crespicorredoria.com\\\/wp-content\\\/uploads\\\/2020\\\/02\\\/header-construccion-todo-riesgo.jpg\",\"datePublished\":\"2020-05-12T08:44:23+00:00\",\"breadcrumb\":{\"@id\":\"https:\\\/\\\/www.crespicorredoria.com\\\/ca\\\/empresa\\\/assegurances-construccio\\\/garantia-triennal\\\/#breadcrumb\"},\"inLanguage\":\"ca\",\"potentialAction\":[{\"@type\":\"ReadAction\",\"target\":[\"https:\\\/\\\/www.crespicorredoria.com\\\/ca\\\/empresa\\\/assegurances-construccio\\\/garantia-triennal\\\/\"]}]},{\"@type\":\"ImageObject\",\"inLanguage\":\"ca\",\"@id\":\"https:\\\/\\\/www.crespicorredoria.com\\\/ca\\\/empresa\\\/assegurances-construccio\\\/garantia-triennal\\\/#primaryimage\",\"url\":\"https:\\\/\\\/www.crespicorredoria.com\\\/wp-content\\\/uploads\\\/2020\\\/02\\\/header-construccion-todo-riesgo.jpg\",\"contentUrl\":\"https:\\\/\\\/www.crespicorredoria.com\\\/wp-content\\\/uploads\\\/2020\\\/02\\\/header-construccion-todo-riesgo.jpg\",\"width\":1920,\"height\":600},{\"@type\":\"BreadcrumbList\",\"@id\":\"https:\\\/\\\/www.crespicorredoria.com\\\/ca\\\/empresa\\\/assegurances-construccio\\\/garantia-triennal\\\/#breadcrumb\",\"itemListElement\":[{\"@type\":\"ListItem\",\"position\":1,\"name\":\"Portada\",\"item\":\"https:\\\/\\\/www.crespicorredoria.com\\\/ca\\\/\"},{\"@type\":\"ListItem\",\"position\":2,\"name\":\"Empreses\",\"item\":\"https:\\\/\\\/www.crespicorredoria.com\\\/ca\\\/empresas\\\/\"},{\"@type\":\"ListItem\",\"position\":3,\"name\":\"Assegurances Construcci\u00f3\",\"item\":\"https:\\\/\\\/www.crespicorredoria.com\\\/ca\\\/empresas\\\/seguros-construccion\\\/\"},{\"@type\":\"ListItem\",\"position\":4,\"name\":\"Garantia Triennal\"}]},{\"@type\":\"WebSite\",\"@id\":\"https:\\\/\\\/www.crespicorredoria.com\\\/ca\\\/#website\",\"url\":\"https:\\\/\\\/www.crespicorredoria.com\\\/ca\\\/\",\"name\":\"Crespi Corredur\u00eda de Seguros\",\"description\":\"\",\"publisher\":{\"@id\":\"https:\\\/\\\/www.crespicorredoria.com\\\/ca\\\/#organization\"},\"potentialAction\":[{\"@type\":\"SearchAction\",\"target\":{\"@type\":\"EntryPoint\",\"urlTemplate\":\"https:\\\/\\\/www.crespicorredoria.com\\\/ca\\\/?s={search_term_string}\"},\"query-input\":{\"@type\":\"PropertyValueSpecification\",\"valueRequired\":true,\"valueName\":\"search_term_string\"}}],\"inLanguage\":\"ca\"},{\"@type\":\"Organization\",\"@id\":\"https:\\\/\\\/www.crespicorredoria.com\\\/ca\\\/#organization\",\"name\":\"Crespi Corredor\u00eda de Seguros S.L.\",\"url\":\"https:\\\/\\\/www.crespicorredoria.com\\\/ca\\\/\",\"logo\":{\"@type\":\"ImageObject\",\"inLanguage\":\"ca\",\"@id\":\"https:\\\/\\\/www.crespicorredoria.com\\\/ca\\\/#\\\/schema\\\/logo\\\/image\\\/\",\"url\":\"https:\\\/\\\/www.crespicorredoria.com\\\/wp-content\\\/uploads\\\/2020\\\/01\\\/crespi-footer-2.png\",\"contentUrl\":\"https:\\\/\\\/www.crespicorredoria.com\\\/wp-content\\\/uploads\\\/2020\\\/01\\\/crespi-footer-2.png\",\"width\":300,\"height\":122,\"caption\":\"Crespi Corredor\u00eda de Seguros S.L.\"},\"image\":{\"@id\":\"https:\\\/\\\/www.crespicorredoria.com\\\/ca\\\/#\\\/schema\\\/logo\\\/image\\\/\"},\"sameAs\":[\"https:\\\/\\\/www.facebook.com\\\/crespiassegurances\",\"https:\\\/\\\/x.com\\\/crespicorredors\",\"https:\\\/\\\/www.instagram.com\\\/crespi_assegurances\\\/\",\"https:\\\/\\\/es.linkedin.com\\\/in\\\/roger-crespi-7b3951b1\"]}]}<\/script>\n<!-- \/ Yoast SEO plugin. -->","yoast_head_json":{"title":"Garantia Triennal - Assegurances Construcci\u00f3 | Crespi Corredur\u00eda de Seguros","robots":{"index":"index","follow":"follow","max-snippet":"max-snippet:-1","max-image-preview":"max-image-preview:large","max-video-preview":"max-video-preview:-1"},"canonical":"https:\/\/www.crespicorredoria.com\/ca\/empresa\/assegurances-construccio\/garantia-triennal\/","og_locale":"ca_ES","og_type":"article","og_title":"Garantia Triennal - Assegurances Construcci\u00f3 | Crespi Corredur\u00eda de Seguros","og_description":"Garantia associada a l\u2019asseguran\u00e7a Decennal de danys. La garantia triennal cobreix els danys materials que es produeixin en l\u2019edifici com a conseq\u00fc\u00e8ncia de vicis o defectes de l\u2019obra secund\u00e0ria, instal\u00b7lacions i impermeabilitzacions. Segons dades de la Organitzaci\u00f3 de Consumidors i Usuaris, les reclamacions relacionades amb les humitats i la obra secund\u00e0ria suposen un 44% del [&hellip;]","og_url":"https:\/\/www.crespicorredoria.com\/ca\/empresa\/assegurances-construccio\/garantia-triennal\/","og_site_name":"Crespi Corredur\u00eda de Seguros","article_publisher":"https:\/\/www.facebook.com\/crespiassegurances","og_image":[{"width":1920,"height":600,"url":"https:\/\/www.crespicorredoria.com\/wp-content\/uploads\/2020\/02\/header-construccion-todo-riesgo.jpg","type":"image\/jpeg"}],"twitter_card":"summary_large_image","twitter_site":"@crespicorredors","schema":{"@context":"https:\/\/schema.org","@graph":[{"@type":"WebPage","@id":"https:\/\/www.crespicorredoria.com\/ca\/empresa\/assegurances-construccio\/garantia-triennal\/","url":"https:\/\/www.crespicorredoria.com\/ca\/empresa\/assegurances-construccio\/garantia-triennal\/","name":"Garantia Triennal - Assegurances Construcci\u00f3 | Crespi Corredur\u00eda de Seguros","isPartOf":{"@id":"https:\/\/www.crespicorredoria.com\/ca\/#website"},"primaryImageOfPage":{"@id":"https:\/\/www.crespicorredoria.com\/ca\/empresa\/assegurances-construccio\/garantia-triennal\/#primaryimage"},"image":{"@id":"https:\/\/www.crespicorredoria.com\/ca\/empresa\/assegurances-construccio\/garantia-triennal\/#primaryimage"},"thumbnailUrl":"https:\/\/www.crespicorredoria.com\/wp-content\/uploads\/2020\/02\/header-construccion-todo-riesgo.jpg","datePublished":"2020-05-12T08:44:23+00:00","breadcrumb":{"@id":"https:\/\/www.crespicorredoria.com\/ca\/empresa\/assegurances-construccio\/garantia-triennal\/#breadcrumb"},"inLanguage":"ca","potentialAction":[{"@type":"ReadAction","target":["https:\/\/www.crespicorredoria.com\/ca\/empresa\/assegurances-construccio\/garantia-triennal\/"]}]},{"@type":"ImageObject","inLanguage":"ca","@id":"https:\/\/www.crespicorredoria.com\/ca\/empresa\/assegurances-construccio\/garantia-triennal\/#primaryimage","url":"https:\/\/www.crespicorredoria.com\/wp-content\/uploads\/2020\/02\/header-construccion-todo-riesgo.jpg","contentUrl":"https:\/\/www.crespicorredoria.com\/wp-content\/uploads\/2020\/02\/header-construccion-todo-riesgo.jpg","width":1920,"height":600},{"@type":"BreadcrumbList","@id":"https:\/\/www.crespicorredoria.com\/ca\/empresa\/assegurances-construccio\/garantia-triennal\/#breadcrumb","itemListElement":[{"@type":"ListItem","position":1,"name":"Portada","item":"https:\/\/www.crespicorredoria.com\/ca\/"},{"@type":"ListItem","position":2,"name":"Empreses","item":"https:\/\/www.crespicorredoria.com\/ca\/empresas\/"},{"@type":"ListItem","position":3,"name":"Assegurances Construcci\u00f3","item":"https:\/\/www.crespicorredoria.com\/ca\/empresas\/seguros-construccion\/"},{"@type":"ListItem","position":4,"name":"Garantia Triennal"}]},{"@type":"WebSite","@id":"https:\/\/www.crespicorredoria.com\/ca\/#website","url":"https:\/\/www.crespicorredoria.com\/ca\/","name":"Crespi Corredur\u00eda de Seguros","description":"","publisher":{"@id":"https:\/\/www.crespicorredoria.com\/ca\/#organization"},"potentialAction":[{"@type":"SearchAction","target":{"@type":"EntryPoint","urlTemplate":"https:\/\/www.crespicorredoria.com\/ca\/?s={search_term_string}"},"query-input":{"@type":"PropertyValueSpecification","valueRequired":true,"valueName":"search_term_string"}}],"inLanguage":"ca"},{"@type":"Organization","@id":"https:\/\/www.crespicorredoria.com\/ca\/#organization","name":"Crespi Corredor\u00eda de Seguros S.L.","url":"https:\/\/www.crespicorredoria.com\/ca\/","logo":{"@type":"ImageObject","inLanguage":"ca","@id":"https:\/\/www.crespicorredoria.com\/ca\/#\/schema\/logo\/image\/","url":"https:\/\/www.crespicorredoria.com\/wp-content\/uploads\/2020\/01\/crespi-footer-2.png","contentUrl":"https:\/\/www.crespicorredoria.com\/wp-content\/uploads\/2020\/01\/crespi-footer-2.png","width":300,"height":122,"caption":"Crespi Corredor\u00eda de Seguros S.L."},"image":{"@id":"https:\/\/www.crespicorredoria.com\/ca\/#\/schema\/logo\/image\/"},"sameAs":["https:\/\/www.facebook.com\/crespiassegurances","https:\/\/x.com\/crespicorredors","https:\/\/www.instagram.com\/crespi_assegurances\/","https:\/\/es.linkedin.com\/in\/roger-crespi-7b3951b1"]}]}},"_links":{"self":[{"href":"https:\/\/www.crespicorredoria.com\/ca\/wp-json\/wp\/v2\/pages\/4164","targetHints":{"allow":["GET"]}}],"collection":[{"href":"https:\/\/www.crespicorredoria.com\/ca\/wp-json\/wp\/v2\/pages"}],"about":[{"href":"https:\/\/www.crespicorredoria.com\/ca\/wp-json\/wp\/v2\/types\/page"}],"author":[{"embeddable":true,"href":"https:\/\/www.crespicorredoria.com\/ca\/wp-json\/wp\/v2\/users\/1"}],"replies":[{"embeddable":true,"href":"https:\/\/www.crespicorredoria.com\/ca\/wp-json\/wp\/v2\/comments?post=4164"}],"version-history":[{"count":0,"href":"https:\/\/www.crespicorredoria.com\/ca\/wp-json\/wp\/v2\/pages\/4164\/revisions"}],"up":[{"embeddable":true,"href":"https:\/\/www.crespicorredoria.com\/ca\/wp-json\/wp\/v2\/pages\/3740"}],"wp:featuredmedia":[{"embeddable":true,"href":"https:\/\/www.crespicorredoria.com\/ca\/wp-json\/wp\/v2\/media\/2590"}],"wp:attachment":[{"href":"https:\/\/www.crespicorredoria.com\/ca\/wp-json\/wp\/v2\/media?parent=4164"}],"curies":[{"name":"wp","href":"https:\/\/api.w.org\/{rel}","templated":true}]}}