{"id":4172,"date":"2020-05-12T10:55:12","date_gmt":"2020-05-12T08:55:12","guid":{"rendered":"https:\/\/www.crespicorredoria.com\/empresa\/assegurances-construccio\/asseguranca-obligatoria-fiancament-de-quantitats-anticipades\/"},"modified":"2020-05-12T10:55:13","modified_gmt":"2020-05-12T08:55:13","slug":"asseguranca-obligatoria-fiancament-de-quantitats-anticipades","status":"publish","type":"page","link":"https:\/\/www.crespicorredoria.com\/ca\/empresa\/assegurances-construccio\/asseguranca-obligatoria-fiancament-de-quantitats-anticipades\/","title":{"rendered":"Asseguran\u00e7a Obligat\u00f2ria Fian\u00e7ament de quantitats anticipades"},"content":{"rendered":"\t\t<div data-elementor-type=\"wp-page\" data-elementor-id=\"4172\" class=\"elementor elementor-4172 elementor-2521\" data-elementor-post-type=\"page\">\n\t\t\t\t\t\t<section class=\"elementor-section elementor-top-section elementor-element elementor-element-7d291759 elementor-section-boxed elementor-section-height-default elementor-section-height-default\" data-id=\"7d291759\" data-element_type=\"section\" data-e-type=\"section\">\n\t\t\t\t\t\t<div class=\"elementor-container elementor-column-gap-default\">\n\t\t\t\t\t<div class=\"elementor-column elementor-col-100 elementor-top-column elementor-element elementor-element-4f841bf4\" data-id=\"4f841bf4\" data-element_type=\"column\" data-e-type=\"column\">\n\t\t\t<div class=\"elementor-widget-wrap elementor-element-populated\">\n\t\t\t\t\t\t<div class=\"elementor-element elementor-element-366660f5 elementor-widget elementor-widget-text-editor\" data-id=\"366660f5\" data-element_type=\"widget\" data-e-type=\"widget\" data-widget_type=\"text-editor.default\">\n\t\t\t\t<div class=\"elementor-widget-container\">\n\t\t\t\t\t\t\t\t\t<p>Asseguran\u00e7a obligat\u00f2ria segons la Llei 57\/1968 sobre entrega de quantitats anticipades en la construcci\u00f3 i venda d\u2019habitatges.<\/p>\n<p>Es tracta d\u2019una modalitat d\u2019asseguran\u00e7a de cauci\u00f3 en la que el prenedor \u00e9s la persona f\u00edsica o jur\u00eddica que realitza una promoci\u00f3 d\u2019habitatges.<\/p>\n<p>&nbsp;<\/p>\n<p>Segons determina el Decret Llei 2114\/1968 i la Llei 57\/1968, <strong>totes les persones f\u00edsiques o jur\u00eddiques que promocionin habitatges, garatges i trasters<\/strong> vinculats, de Protecci\u00f3 Oficial, a Preu Taxat o de Renta Lliure, <strong>hauran de subscriure una p\u00f2lissa d\u2019asseguran\u00e7a de cauci\u00f3<\/strong> per la que es <strong>garanteix als compradors que les quantitats que aquests entreguin als promotors<\/strong>, amb anterioritat a la entrega dels habitatges, garatges i trasters, els ser\u00e0 retornada en cas de no efectuar-se la construcci\u00f3 de les mateixes, o si aquesta construcci\u00f3 es realitz\u00e9s en terminis diferents als pactats entre les parts en el contracte de compravenda.<\/p>\n\t\t\t\t\t\t\t\t<\/div>\n\t\t\t\t<\/div>\n\t\t\t\t\t<\/div>\n\t\t<\/div>\n\t\t\t\t\t<\/div>\n\t\t<\/section>\n\t\t\t\t<\/div>\n\t\t","protected":false},"excerpt":{"rendered":"<p>Asseguran\u00e7a obligat\u00f2ria segons la Llei 57\/1968 sobre entrega de quantitats anticipades en la construcci\u00f3 i venda d\u2019habitatges. Es tracta d\u2019una modalitat d\u2019asseguran\u00e7a de cauci\u00f3 en la que el prenedor \u00e9s la persona f\u00edsica o jur\u00eddica que realitza una promoci\u00f3 d\u2019habitatges. &nbsp; Segons determina el Decret Llei 2114\/1968 i la Llei 57\/1968, totes les persones f\u00edsiques [&hellip;]<\/p>\n","protected":false},"author":1,"featured_media":2605,"parent":3740,"menu_order":0,"comment_status":"closed","ping_status":"closed","template":"","meta":{"site-sidebar-layout":"right-sidebar","site-content-layout":"default","ast-site-content-layout":"default","site-content-style":"default","site-sidebar-style":"default","ast-global-header-display":"","ast-banner-title-visibility":"","ast-main-header-display":"","ast-hfb-above-header-display":"","ast-hfb-below-header-display":"","ast-hfb-mobile-header-display":"","site-post-title":"disabled","ast-breadcrumbs-content":"","ast-featured-img":"disabled","footer-sml-layout":"","ast-disable-related-posts":"","theme-transparent-header-meta":"","adv-header-id-meta":"1412","stick-header-meta":"","header-above-stick-meta":"","header-main-stick-meta":"","header-below-stick-meta":"","astra-migrate-meta-layouts":"default","ast-page-background-enabled":"default","ast-page-background-meta":{"desktop":{"background-color":"","background-image":"","background-repeat":"repeat","background-position":"center center","background-size":"auto","background-attachment":"scroll","background-type":"","background-media":"","overlay-type":"","overlay-color":"","overlay-opacity":"","overlay-gradient":""},"tablet":{"background-color":"","background-image":"","background-repeat":"repeat","background-position":"center center","background-size":"auto","background-attachment":"scroll","background-type":"","background-media":"","overlay-type":"","overlay-color":"","overlay-opacity":"","overlay-gradient":""},"mobile":{"background-color":"","background-image":"","background-repeat":"repeat","background-position":"center center","background-size":"auto","background-attachment":"scroll","background-type":"","background-media":"","overlay-type":"","overlay-color":"","overlay-opacity":"","overlay-gradient":""}},"ast-content-background-meta":{"desktop":{"background-color":"var(--ast-global-color-5)","background-image":"","background-repeat":"repeat","background-position":"center center","background-size":"auto","background-attachment":"scroll","background-type":"","background-media":"","overlay-type":"","overlay-color":"","overlay-opacity":"","overlay-gradient":""},"tablet":{"background-color":"var(--ast-global-color-5)","background-image":"","background-repeat":"repeat","background-position":"center center","background-size":"auto","background-attachment":"scroll","background-type":"","background-media":"","overlay-type":"","overlay-color":"","overlay-opacity":"","overlay-gradient":""},"mobile":{"background-color":"var(--ast-global-color-5)","background-image":"","background-repeat":"repeat","background-position":"center center","background-size":"auto","background-attachment":"scroll","background-type":"","background-media":"","overlay-type":"","overlay-color":"","overlay-opacity":"","overlay-gradient":""}},"_joinchat":[],"footnotes":""},"class_list":["post-4172","page","type-page","status-publish","has-post-thumbnail","hentry"],"yoast_head":"<!-- This site is optimized with the Yoast SEO plugin v27.6 - https:\/\/yoast.com\/product\/yoast-seo-wordpress\/ -->\n<title>Asseguran\u00e7a Obligat\u00f2ria Fian\u00e7ament de quantitats anticipades - Assegurances Construcci\u00f3 | Crespi Corredur\u00eda de Seguros<\/title>\n<meta name=\"robots\" content=\"index, follow, max-snippet:-1, max-image-preview:large, max-video-preview:-1\" \/>\n<link rel=\"canonical\" href=\"https:\/\/www.crespicorredoria.com\/ca\/empresa\/assegurances-construccio\/asseguranca-obligatoria-fiancament-de-quantitats-anticipades\/\" \/>\n<meta property=\"og:locale\" content=\"ca_ES\" \/>\n<meta property=\"og:type\" content=\"article\" \/>\n<meta property=\"og:title\" content=\"Asseguran\u00e7a Obligat\u00f2ria Fian\u00e7ament de quantitats anticipades - Assegurances Construcci\u00f3 | Crespi Corredur\u00eda de Seguros\" \/>\n<meta property=\"og:description\" content=\"Asseguran\u00e7a obligat\u00f2ria segons la Llei 57\/1968 sobre entrega de quantitats anticipades en la construcci\u00f3 i venda d\u2019habitatges. Es tracta d\u2019una modalitat d\u2019asseguran\u00e7a de cauci\u00f3 en la que el prenedor \u00e9s la persona f\u00edsica o jur\u00eddica que realitza una promoci\u00f3 d\u2019habitatges. &nbsp; Segons determina el Decret Llei 2114\/1968 i la Llei 57\/1968, totes les persones f\u00edsiques [&hellip;]\" \/>\n<meta property=\"og:url\" content=\"https:\/\/www.crespicorredoria.com\/ca\/empresa\/assegurances-construccio\/asseguranca-obligatoria-fiancament-de-quantitats-anticipades\/\" \/>\n<meta property=\"og:site_name\" content=\"Crespi Corredur\u00eda de Seguros\" \/>\n<meta property=\"article:publisher\" content=\"https:\/\/www.facebook.com\/crespiassegurances\" \/>\n<meta property=\"article:modified_time\" content=\"2020-05-12T08:55:13+00:00\" \/>\n<meta property=\"og:image\" content=\"https:\/\/www.crespicorredoria.com\/wp-content\/uploads\/2020\/02\/header-construccion-afianzamiento.jpg\" \/>\n\t<meta property=\"og:image:width\" content=\"1920\" \/>\n\t<meta property=\"og:image:height\" content=\"600\" \/>\n\t<meta property=\"og:image:type\" content=\"image\/jpeg\" \/>\n<meta name=\"twitter:card\" content=\"summary_large_image\" \/>\n<meta name=\"twitter:site\" content=\"@crespicorredors\" \/>\n<meta name=\"twitter:label1\" content=\"Temps estimat de lectura\" \/>\n\t<meta name=\"twitter:data1\" content=\"1 minut\" \/>\n<script type=\"application\/ld+json\" class=\"yoast-schema-graph\">{\"@context\":\"https:\\\/\\\/schema.org\",\"@graph\":[{\"@type\":\"WebPage\",\"@id\":\"https:\\\/\\\/www.crespicorredoria.com\\\/ca\\\/empresa\\\/assegurances-construccio\\\/asseguranca-obligatoria-fiancament-de-quantitats-anticipades\\\/\",\"url\":\"https:\\\/\\\/www.crespicorredoria.com\\\/ca\\\/empresa\\\/assegurances-construccio\\\/asseguranca-obligatoria-fiancament-de-quantitats-anticipades\\\/\",\"name\":\"Asseguran\u00e7a Obligat\u00f2ria Fian\u00e7ament de quantitats anticipades - Assegurances Construcci\u00f3 | Crespi Corredur\u00eda de Seguros\",\"isPartOf\":{\"@id\":\"https:\\\/\\\/www.crespicorredoria.com\\\/ca\\\/#website\"},\"primaryImageOfPage\":{\"@id\":\"https:\\\/\\\/www.crespicorredoria.com\\\/ca\\\/empresa\\\/assegurances-construccio\\\/asseguranca-obligatoria-fiancament-de-quantitats-anticipades\\\/#primaryimage\"},\"image\":{\"@id\":\"https:\\\/\\\/www.crespicorredoria.com\\\/ca\\\/empresa\\\/assegurances-construccio\\\/asseguranca-obligatoria-fiancament-de-quantitats-anticipades\\\/#primaryimage\"},\"thumbnailUrl\":\"https:\\\/\\\/www.crespicorredoria.com\\\/wp-content\\\/uploads\\\/2020\\\/02\\\/header-construccion-afianzamiento.jpg\",\"datePublished\":\"2020-05-12T08:55:12+00:00\",\"dateModified\":\"2020-05-12T08:55:13+00:00\",\"breadcrumb\":{\"@id\":\"https:\\\/\\\/www.crespicorredoria.com\\\/ca\\\/empresa\\\/assegurances-construccio\\\/asseguranca-obligatoria-fiancament-de-quantitats-anticipades\\\/#breadcrumb\"},\"inLanguage\":\"ca\",\"potentialAction\":[{\"@type\":\"ReadAction\",\"target\":[\"https:\\\/\\\/www.crespicorredoria.com\\\/ca\\\/empresa\\\/assegurances-construccio\\\/asseguranca-obligatoria-fiancament-de-quantitats-anticipades\\\/\"]}]},{\"@type\":\"ImageObject\",\"inLanguage\":\"ca\",\"@id\":\"https:\\\/\\\/www.crespicorredoria.com\\\/ca\\\/empresa\\\/assegurances-construccio\\\/asseguranca-obligatoria-fiancament-de-quantitats-anticipades\\\/#primaryimage\",\"url\":\"https:\\\/\\\/www.crespicorredoria.com\\\/wp-content\\\/uploads\\\/2020\\\/02\\\/header-construccion-afianzamiento.jpg\",\"contentUrl\":\"https:\\\/\\\/www.crespicorredoria.com\\\/wp-content\\\/uploads\\\/2020\\\/02\\\/header-construccion-afianzamiento.jpg\",\"width\":1920,\"height\":600},{\"@type\":\"BreadcrumbList\",\"@id\":\"https:\\\/\\\/www.crespicorredoria.com\\\/ca\\\/empresa\\\/assegurances-construccio\\\/asseguranca-obligatoria-fiancament-de-quantitats-anticipades\\\/#breadcrumb\",\"itemListElement\":[{\"@type\":\"ListItem\",\"position\":1,\"name\":\"Portada\",\"item\":\"https:\\\/\\\/www.crespicorredoria.com\\\/ca\\\/\"},{\"@type\":\"ListItem\",\"position\":2,\"name\":\"Empreses\",\"item\":\"https:\\\/\\\/www.crespicorredoria.com\\\/ca\\\/empresas\\\/\"},{\"@type\":\"ListItem\",\"position\":3,\"name\":\"Assegurances Construcci\u00f3\",\"item\":\"https:\\\/\\\/www.crespicorredoria.com\\\/ca\\\/empresas\\\/seguros-construccion\\\/\"},{\"@type\":\"ListItem\",\"position\":4,\"name\":\"Asseguran\u00e7a Obligat\u00f2ria Fian\u00e7ament de quantitats anticipades\"}]},{\"@type\":\"WebSite\",\"@id\":\"https:\\\/\\\/www.crespicorredoria.com\\\/ca\\\/#website\",\"url\":\"https:\\\/\\\/www.crespicorredoria.com\\\/ca\\\/\",\"name\":\"Crespi Corredur\u00eda de Seguros\",\"description\":\"\",\"publisher\":{\"@id\":\"https:\\\/\\\/www.crespicorredoria.com\\\/ca\\\/#organization\"},\"potentialAction\":[{\"@type\":\"SearchAction\",\"target\":{\"@type\":\"EntryPoint\",\"urlTemplate\":\"https:\\\/\\\/www.crespicorredoria.com\\\/ca\\\/?s={search_term_string}\"},\"query-input\":{\"@type\":\"PropertyValueSpecification\",\"valueRequired\":true,\"valueName\":\"search_term_string\"}}],\"inLanguage\":\"ca\"},{\"@type\":\"Organization\",\"@id\":\"https:\\\/\\\/www.crespicorredoria.com\\\/ca\\\/#organization\",\"name\":\"Crespi Corredor\u00eda de Seguros S.L.\",\"url\":\"https:\\\/\\\/www.crespicorredoria.com\\\/ca\\\/\",\"logo\":{\"@type\":\"ImageObject\",\"inLanguage\":\"ca\",\"@id\":\"https:\\\/\\\/www.crespicorredoria.com\\\/ca\\\/#\\\/schema\\\/logo\\\/image\\\/\",\"url\":\"https:\\\/\\\/www.crespicorredoria.com\\\/wp-content\\\/uploads\\\/2020\\\/01\\\/crespi-footer-2.png\",\"contentUrl\":\"https:\\\/\\\/www.crespicorredoria.com\\\/wp-content\\\/uploads\\\/2020\\\/01\\\/crespi-footer-2.png\",\"width\":300,\"height\":122,\"caption\":\"Crespi Corredor\u00eda de Seguros S.L.\"},\"image\":{\"@id\":\"https:\\\/\\\/www.crespicorredoria.com\\\/ca\\\/#\\\/schema\\\/logo\\\/image\\\/\"},\"sameAs\":[\"https:\\\/\\\/www.facebook.com\\\/crespiassegurances\",\"https:\\\/\\\/x.com\\\/crespicorredors\",\"https:\\\/\\\/www.instagram.com\\\/crespi_assegurances\\\/\",\"https:\\\/\\\/es.linkedin.com\\\/in\\\/roger-crespi-7b3951b1\"]}]}<\/script>\n<!-- \/ Yoast SEO plugin. -->","yoast_head_json":{"title":"Asseguran\u00e7a Obligat\u00f2ria Fian\u00e7ament de quantitats anticipades - Assegurances Construcci\u00f3 | Crespi Corredur\u00eda de Seguros","robots":{"index":"index","follow":"follow","max-snippet":"max-snippet:-1","max-image-preview":"max-image-preview:large","max-video-preview":"max-video-preview:-1"},"canonical":"https:\/\/www.crespicorredoria.com\/ca\/empresa\/assegurances-construccio\/asseguranca-obligatoria-fiancament-de-quantitats-anticipades\/","og_locale":"ca_ES","og_type":"article","og_title":"Asseguran\u00e7a Obligat\u00f2ria Fian\u00e7ament de quantitats anticipades - Assegurances Construcci\u00f3 | Crespi Corredur\u00eda de Seguros","og_description":"Asseguran\u00e7a obligat\u00f2ria segons la Llei 57\/1968 sobre entrega de quantitats anticipades en la construcci\u00f3 i venda d\u2019habitatges. Es tracta d\u2019una modalitat d\u2019asseguran\u00e7a de cauci\u00f3 en la que el prenedor \u00e9s la persona f\u00edsica o jur\u00eddica que realitza una promoci\u00f3 d\u2019habitatges. &nbsp; Segons determina el Decret Llei 2114\/1968 i la Llei 57\/1968, totes les persones f\u00edsiques [&hellip;]","og_url":"https:\/\/www.crespicorredoria.com\/ca\/empresa\/assegurances-construccio\/asseguranca-obligatoria-fiancament-de-quantitats-anticipades\/","og_site_name":"Crespi Corredur\u00eda de Seguros","article_publisher":"https:\/\/www.facebook.com\/crespiassegurances","article_modified_time":"2020-05-12T08:55:13+00:00","og_image":[{"width":1920,"height":600,"url":"https:\/\/www.crespicorredoria.com\/wp-content\/uploads\/2020\/02\/header-construccion-afianzamiento.jpg","type":"image\/jpeg"}],"twitter_card":"summary_large_image","twitter_site":"@crespicorredors","twitter_misc":{"Temps estimat de lectura":"1 minut"},"schema":{"@context":"https:\/\/schema.org","@graph":[{"@type":"WebPage","@id":"https:\/\/www.crespicorredoria.com\/ca\/empresa\/assegurances-construccio\/asseguranca-obligatoria-fiancament-de-quantitats-anticipades\/","url":"https:\/\/www.crespicorredoria.com\/ca\/empresa\/assegurances-construccio\/asseguranca-obligatoria-fiancament-de-quantitats-anticipades\/","name":"Asseguran\u00e7a Obligat\u00f2ria Fian\u00e7ament de quantitats anticipades - Assegurances Construcci\u00f3 | Crespi Corredur\u00eda de Seguros","isPartOf":{"@id":"https:\/\/www.crespicorredoria.com\/ca\/#website"},"primaryImageOfPage":{"@id":"https:\/\/www.crespicorredoria.com\/ca\/empresa\/assegurances-construccio\/asseguranca-obligatoria-fiancament-de-quantitats-anticipades\/#primaryimage"},"image":{"@id":"https:\/\/www.crespicorredoria.com\/ca\/empresa\/assegurances-construccio\/asseguranca-obligatoria-fiancament-de-quantitats-anticipades\/#primaryimage"},"thumbnailUrl":"https:\/\/www.crespicorredoria.com\/wp-content\/uploads\/2020\/02\/header-construccion-afianzamiento.jpg","datePublished":"2020-05-12T08:55:12+00:00","dateModified":"2020-05-12T08:55:13+00:00","breadcrumb":{"@id":"https:\/\/www.crespicorredoria.com\/ca\/empresa\/assegurances-construccio\/asseguranca-obligatoria-fiancament-de-quantitats-anticipades\/#breadcrumb"},"inLanguage":"ca","potentialAction":[{"@type":"ReadAction","target":["https:\/\/www.crespicorredoria.com\/ca\/empresa\/assegurances-construccio\/asseguranca-obligatoria-fiancament-de-quantitats-anticipades\/"]}]},{"@type":"ImageObject","inLanguage":"ca","@id":"https:\/\/www.crespicorredoria.com\/ca\/empresa\/assegurances-construccio\/asseguranca-obligatoria-fiancament-de-quantitats-anticipades\/#primaryimage","url":"https:\/\/www.crespicorredoria.com\/wp-content\/uploads\/2020\/02\/header-construccion-afianzamiento.jpg","contentUrl":"https:\/\/www.crespicorredoria.com\/wp-content\/uploads\/2020\/02\/header-construccion-afianzamiento.jpg","width":1920,"height":600},{"@type":"BreadcrumbList","@id":"https:\/\/www.crespicorredoria.com\/ca\/empresa\/assegurances-construccio\/asseguranca-obligatoria-fiancament-de-quantitats-anticipades\/#breadcrumb","itemListElement":[{"@type":"ListItem","position":1,"name":"Portada","item":"https:\/\/www.crespicorredoria.com\/ca\/"},{"@type":"ListItem","position":2,"name":"Empreses","item":"https:\/\/www.crespicorredoria.com\/ca\/empresas\/"},{"@type":"ListItem","position":3,"name":"Assegurances Construcci\u00f3","item":"https:\/\/www.crespicorredoria.com\/ca\/empresas\/seguros-construccion\/"},{"@type":"ListItem","position":4,"name":"Asseguran\u00e7a Obligat\u00f2ria Fian\u00e7ament de quantitats anticipades"}]},{"@type":"WebSite","@id":"https:\/\/www.crespicorredoria.com\/ca\/#website","url":"https:\/\/www.crespicorredoria.com\/ca\/","name":"Crespi Corredur\u00eda de Seguros","description":"","publisher":{"@id":"https:\/\/www.crespicorredoria.com\/ca\/#organization"},"potentialAction":[{"@type":"SearchAction","target":{"@type":"EntryPoint","urlTemplate":"https:\/\/www.crespicorredoria.com\/ca\/?s={search_term_string}"},"query-input":{"@type":"PropertyValueSpecification","valueRequired":true,"valueName":"search_term_string"}}],"inLanguage":"ca"},{"@type":"Organization","@id":"https:\/\/www.crespicorredoria.com\/ca\/#organization","name":"Crespi Corredor\u00eda de Seguros S.L.","url":"https:\/\/www.crespicorredoria.com\/ca\/","logo":{"@type":"ImageObject","inLanguage":"ca","@id":"https:\/\/www.crespicorredoria.com\/ca\/#\/schema\/logo\/image\/","url":"https:\/\/www.crespicorredoria.com\/wp-content\/uploads\/2020\/01\/crespi-footer-2.png","contentUrl":"https:\/\/www.crespicorredoria.com\/wp-content\/uploads\/2020\/01\/crespi-footer-2.png","width":300,"height":122,"caption":"Crespi Corredor\u00eda de Seguros S.L."},"image":{"@id":"https:\/\/www.crespicorredoria.com\/ca\/#\/schema\/logo\/image\/"},"sameAs":["https:\/\/www.facebook.com\/crespiassegurances","https:\/\/x.com\/crespicorredors","https:\/\/www.instagram.com\/crespi_assegurances\/","https:\/\/es.linkedin.com\/in\/roger-crespi-7b3951b1"]}]}},"_links":{"self":[{"href":"https:\/\/www.crespicorredoria.com\/ca\/wp-json\/wp\/v2\/pages\/4172","targetHints":{"allow":["GET"]}}],"collection":[{"href":"https:\/\/www.crespicorredoria.com\/ca\/wp-json\/wp\/v2\/pages"}],"about":[{"href":"https:\/\/www.crespicorredoria.com\/ca\/wp-json\/wp\/v2\/types\/page"}],"author":[{"embeddable":true,"href":"https:\/\/www.crespicorredoria.com\/ca\/wp-json\/wp\/v2\/users\/1"}],"replies":[{"embeddable":true,"href":"https:\/\/www.crespicorredoria.com\/ca\/wp-json\/wp\/v2\/comments?post=4172"}],"version-history":[{"count":0,"href":"https:\/\/www.crespicorredoria.com\/ca\/wp-json\/wp\/v2\/pages\/4172\/revisions"}],"up":[{"embeddable":true,"href":"https:\/\/www.crespicorredoria.com\/ca\/wp-json\/wp\/v2\/pages\/3740"}],"wp:featuredmedia":[{"embeddable":true,"href":"https:\/\/www.crespicorredoria.com\/ca\/wp-json\/wp\/v2\/media\/2605"}],"wp:attachment":[{"href":"https:\/\/www.crespicorredoria.com\/ca\/wp-json\/wp\/v2\/media?parent=4172"}],"curies":[{"name":"wp","href":"https:\/\/api.w.org\/{rel}","templated":true}]}}